{"id":26225,"date":"2025-03-13T14:27:51","date_gmt":"2025-03-13T14:27:51","guid":{"rendered":"https:\/\/icbie.net.br\/?page_id=26225"},"modified":"2026-02-28T18:32:43","modified_gmt":"2026-02-28T18:32:43","slug":"expressae","status":"publish","type":"page","link":"https:\/\/icbie.net.br\/pt\/expressae\/","title":{"rendered":"EXPRESSAE"},"content":{"rendered":"<div class=\"wpb-content-wrapper\"><section class=\"vc_row wpb_row vc_row-fluid\"><div class=\"wpb_column vc_column_container vc_col-sm-12  col-xs-mobile-fullwidth\"><div class=\"vc_column-inner \"><div class=\"wpb_wrapper\"><div class=\"last-paragraph-no-margin\" style=\"color: #000000;\"><h3 style=\"text-align: center;\"><strong>Expressa\u00ea<\/strong><\/h3>\n<\/div>[vc_empty_space]<div class=\"vc_row wpb_row vc_inner vc_row-fluid\"><div class=\"wpb_column vc_column_container vc_col-sm-12  col-xs-mobile-fullwidth\"><div class=\"vc_column-inner \"><div class=\"wpb_wrapper\"><div class=\"last-paragraph-no-margin\" style=\"color: #000000;\"><p style=\"text-align: justify;\">N\u00facleo de Arte e Artesanato do ICBIE<br \/>\nO espa\u00e7o do ICBIE abre suas portas para que os artes\u00e3os, artes\u00e3s e artistas possam expor e vender suas cria\u00e7\u00f5es e artes manuais. O evento acontece trimestralmente no terceiro domingo do m\u00eas a partir do m\u00eas de mar\u00e7o com o objetivo de incentivar e valorizar a criatividade de pessoas que gostam, fazem e vivem de arte.<\/p>\n<p>A ideia do EXPRESSA\u00ca surge do desejo da equipe do ICBIE de desfrutar o espa\u00e7o; o evento satisfaz a vontade de movimentar a associa\u00e7\u00e3o atrav\u00e9s de a\u00e7\u00f5es coletivas e colaborativas para e com a comunidade da Pen\u00ednsula de Itapagipe e da cidade de Salvador em geral.<\/p>\n<p>Como o objetivo do ICBIE sempre foi estimular e incentivar a produ\u00e7\u00e3o, difus\u00e3o e circula\u00e7\u00e3o cultural e art\u00edstica convidamos as pessoas a expor, no formato de uma pequena feira, as pr\u00f3prias cria\u00e7\u00f5es em um ambiente simples, acolhedor e ao mesmo tempo estimulante, onde trocar conhecimentos, experi\u00eancias e informa\u00e7\u00f5es entre expositores e visitantes.<\/p>\n<p>A inten\u00e7\u00e3o \u00e9 dar oportunidade, tamb\u00e9m a artistas e artes\u00e3os menos conhecidos, de ter um espa\u00e7o onde se expressar, da\u00ed o nome do evento. Expressar-se n\u00e3o apenas atrav\u00e9s de produ\u00e7\u00e3o material, mas tamb\u00e9m imaterial, como m\u00fasica, dan\u00e7a, teatro, poesia e outras linguagens art\u00edsticas que podem ser propostas de edi\u00e7\u00e3o em edi\u00e7\u00e3o.<\/p>\n<p>O EXPRESSA\u00ca quer se tornar um compromisso fixo na agenda cultural de Salvador para que o p\u00fablico crie o h\u00e1bito de frequentar nosso Instituto em busca de arte, cultura e novidades.<\/p>\n<p>Para participar de cada edi\u00e7\u00e3o do EXPRESSA\u00ca o ICBIE lan\u00e7a, atrav\u00e9s das suas redes sociais, um formul\u00e1rio de inscri\u00e7\u00e3o com 15 dias de anteced\u00eancia da realiza\u00e7\u00e3o do evento. As 04 edi\u00e7\u00f5es do EXPRESSA\u00ca s\u00e3o:<br \/>\nMar\u00e7o \u2013 Homenagem ao m\u00eas das mulheres<br \/>\nJunho \u2013 Viva as Festas Juninas!<br \/>\nSetembro \u2013 Comemora\u00e7\u00e3o da Primavera<br \/>\nDezembro \u2013 Celebra\u00e7\u00e3o do Natal<\/p>\n<p>Fique ligado! O evento acontece no terceiro domingo dos meses de mar\u00e7o, junho, setembro e dezembro das 15h \u00e0s 19h no ICBIE \u2013 Rua J\u00falio David,\u00a057\u00a0&#8211;\u00a0Ribeira<\/p>\n<\/div>[vc_empty_space]<ul  class=\"portfolio-grid hover-option10 metro-gallery lightbox-portfolio work-6col gutter-medium\"><li class=\"grid-sizer\"><\/li><li class=\"grid-item\"><figure><div class=\"portfolio-img pofo-portfolio-page-background bg-black\"><img loading=\"lazy\" decoding=\"async\" src=\"https:\/\/icbie.net.br\/wp-content\/uploads\/2025\/03\/Expressae-2-300x300.jpeg\"  alt=\"\" width=\"300\" height=\"300\" srcset=\"https:\/\/icbie.net.br\/wp-content\/uploads\/2025\/03\/Expressae-2-300x300.jpeg 300w, https:\/\/icbie.net.br\/wp-content\/uploads\/2025\/03\/Expressae-2-150x150.jpeg 150w, https:\/\/icbie.net.br\/wp-content\/uploads\/2025\/03\/Expressae-2-100x100.jpeg 100w\" sizes=\"auto, (max-width: 300px) 100vw, 300px\" class=\"project-img-gallery\" data-no-retina=\"\" \/><\/div><figcaption><div class=\"portfolio-hover-main text-center\"><div class=\"portfolio-hover-box vertical-align-middle\"><div class=\"portfolio-icon\"><a href=\"https:\/\/icbie.net.br\/wp-content\/uploads\/2025\/03\/Expressae-2-scaled.jpeg\" class=\"gallery-link\" data-group=\"pofo-lightbox-1\"  title=\"Expressa\u00ea (2)\"><i class=\"ti-zoom-in text-white fa-2x\" aria-hidden=\"true\"><\/i><\/a><\/div><\/div><\/div><\/figcaption><figure><\/li><li class=\"grid-item\"><figure><div class=\"portfolio-img pofo-portfolio-page-background bg-black\"><img loading=\"lazy\" decoding=\"async\" src=\"https:\/\/icbie.net.br\/wp-content\/uploads\/2025\/03\/Expressae-12-300x300.jpeg\"  alt=\"\" width=\"300\" height=\"300\" srcset=\"https:\/\/icbie.net.br\/wp-content\/uploads\/2025\/03\/Expressae-12-300x300.jpeg 300w, https:\/\/icbie.net.br\/wp-content\/uploads\/2025\/03\/Expressae-12-150x150.jpeg 150w, https:\/\/icbie.net.br\/wp-content\/uploads\/2025\/03\/Expressae-12-100x100.jpeg 100w\" sizes=\"auto, (max-width: 300px) 100vw, 300px\" class=\"project-img-gallery\" data-no-retina=\"\" \/><\/div><figcaption><div class=\"portfolio-hover-main text-center\"><div class=\"portfolio-hover-box vertical-align-middle\"><div class=\"portfolio-icon\"><a href=\"https:\/\/icbie.net.br\/wp-content\/uploads\/2025\/03\/Expressae-12.jpeg\" class=\"gallery-link\" data-group=\"pofo-lightbox-1\"  title=\"Expressa\u00ea (12)\"><i class=\"ti-zoom-in text-white fa-2x\" aria-hidden=\"true\"><\/i><\/a><\/div><\/div><\/div><\/figcaption><figure><\/li><li class=\"grid-item\"><figure><div class=\"portfolio-img pofo-portfolio-page-background bg-black\"><img loading=\"lazy\" decoding=\"async\" src=\"https:\/\/icbie.net.br\/wp-content\/uploads\/2025\/03\/Expressae-Outubro-2024-expositores-300x300.jpg\"  alt=\"\" width=\"300\" height=\"300\" srcset=\"https:\/\/icbie.net.br\/wp-content\/uploads\/2025\/03\/Expressae-Outubro-2024-expositores-300x300.jpg 300w, https:\/\/icbie.net.br\/wp-content\/uploads\/2025\/03\/Expressae-Outubro-2024-expositores-150x150.jpg 150w, https:\/\/icbie.net.br\/wp-content\/uploads\/2025\/03\/Expressae-Outubro-2024-expositores-100x100.jpg 100w\" sizes=\"auto, (max-width: 300px) 100vw, 300px\" class=\"project-img-gallery\" data-no-retina=\"\" \/><\/div><figcaption><div class=\"portfolio-hover-main text-center\"><div class=\"portfolio-hover-box vertical-align-middle\"><div class=\"portfolio-icon\"><a href=\"https:\/\/icbie.net.br\/wp-content\/uploads\/2025\/03\/Expressae-Outubro-2024-expositores.jpg\" class=\"gallery-link\" data-group=\"pofo-lightbox-1\"  title=\"Expressa\u00ea Outubro 2024 &#8211; expositores\"><i class=\"ti-zoom-in text-white fa-2x\" aria-hidden=\"true\"><\/i><\/a><\/div><\/div><\/div><\/figcaption><figure><\/li><li class=\"grid-item\"><figure><div class=\"portfolio-img pofo-portfolio-page-background bg-black\"><img loading=\"lazy\" decoding=\"async\" src=\"https:\/\/icbie.net.br\/wp-content\/uploads\/2025\/03\/Expressae-Outubro-2024-13-300x300.jpg\"  alt=\"\" width=\"300\" height=\"300\" srcset=\"https:\/\/icbie.net.br\/wp-content\/uploads\/2025\/03\/Expressae-Outubro-2024-13-300x300.jpg 300w, https:\/\/icbie.net.br\/wp-content\/uploads\/2025\/03\/Expressae-Outubro-2024-13-150x150.jpg 150w, https:\/\/icbie.net.br\/wp-content\/uploads\/2025\/03\/Expressae-Outubro-2024-13-100x100.jpg 100w\" sizes=\"auto, (max-width: 300px) 100vw, 300px\" class=\"project-img-gallery\" data-no-retina=\"\" \/><\/div><figcaption><div class=\"portfolio-hover-main text-center\"><div class=\"portfolio-hover-box vertical-align-middle\"><div class=\"portfolio-icon\"><a href=\"https:\/\/icbie.net.br\/wp-content\/uploads\/2025\/03\/Expressae-Outubro-2024-13.jpg\" class=\"gallery-link\" data-group=\"pofo-lightbox-1\"  title=\"Expressa\u00ea Outubro 2024 (13)\"><i class=\"ti-zoom-in text-white fa-2x\" aria-hidden=\"true\"><\/i><\/a><\/div><\/div><\/div><\/figcaption><figure><\/li><li class=\"grid-item\"><figure><div class=\"portfolio-img pofo-portfolio-page-background bg-black\"><img loading=\"lazy\" decoding=\"async\" src=\"https:\/\/icbie.net.br\/wp-content\/uploads\/2025\/03\/Expressae-4-300x300.jpeg\"  alt=\"\" width=\"300\" height=\"300\" srcset=\"https:\/\/icbie.net.br\/wp-content\/uploads\/2025\/03\/Expressae-4-300x300.jpeg 300w, https:\/\/icbie.net.br\/wp-content\/uploads\/2025\/03\/Expressae-4-150x150.jpeg 150w, https:\/\/icbie.net.br\/wp-content\/uploads\/2025\/03\/Expressae-4-100x100.jpeg 100w\" sizes=\"auto, (max-width: 300px) 100vw, 300px\" class=\"project-img-gallery\" data-no-retina=\"\" \/><\/div><figcaption><div class=\"portfolio-hover-main text-center\"><div class=\"portfolio-hover-box vertical-align-middle\"><div class=\"portfolio-icon\"><a href=\"https:\/\/icbie.net.br\/wp-content\/uploads\/2025\/03\/Expressae-4-scaled.jpeg\" class=\"gallery-link\" data-group=\"pofo-lightbox-1\"  title=\"Expressa\u00ea (4)\"><i class=\"ti-zoom-in text-white fa-2x\" aria-hidden=\"true\"><\/i><\/a><\/div><\/div><\/div><\/figcaption><figure><\/li><li class=\"grid-item\"><figure><div class=\"portfolio-img pofo-portfolio-page-background bg-black\"><img loading=\"lazy\" decoding=\"async\" src=\"https:\/\/icbie.net.br\/wp-content\/uploads\/2025\/03\/Expressae-16-300x300.jpeg\"  alt=\"\" width=\"300\" height=\"300\" srcset=\"https:\/\/icbie.net.br\/wp-content\/uploads\/2025\/03\/Expressae-16-300x300.jpeg 300w, https:\/\/icbie.net.br\/wp-content\/uploads\/2025\/03\/Expressae-16-150x150.jpeg 150w, https:\/\/icbie.net.br\/wp-content\/uploads\/2025\/03\/Expressae-16-100x100.jpeg 100w\" sizes=\"auto, (max-width: 300px) 100vw, 300px\" class=\"project-img-gallery\" data-no-retina=\"\" \/><\/div><figcaption><div class=\"portfolio-hover-main text-center\"><div class=\"portfolio-hover-box vertical-align-middle\"><div class=\"portfolio-icon\"><a href=\"https:\/\/icbie.net.br\/wp-content\/uploads\/2025\/03\/Expressae-16.jpeg\" class=\"gallery-link\" data-group=\"pofo-lightbox-1\"  title=\"Expressa\u00ea (16)\"><i class=\"ti-zoom-in text-white fa-2x\" aria-hidden=\"true\"><\/i><\/a><\/div><\/div><\/div><\/figcaption><figure><\/li><li class=\"grid-item\"><figure><div class=\"portfolio-img pofo-portfolio-page-background bg-black\"><img loading=\"lazy\" decoding=\"async\" src=\"https:\/\/icbie.net.br\/wp-content\/uploads\/2025\/03\/Expressae-13-300x300.jpeg\"  alt=\"\" width=\"300\" height=\"300\" srcset=\"https:\/\/icbie.net.br\/wp-content\/uploads\/2025\/03\/Expressae-13-300x300.jpeg 300w, https:\/\/icbie.net.br\/wp-content\/uploads\/2025\/03\/Expressae-13-150x150.jpeg 150w, https:\/\/icbie.net.br\/wp-content\/uploads\/2025\/03\/Expressae-13-100x100.jpeg 100w\" sizes=\"auto, (max-width: 300px) 100vw, 300px\" class=\"project-img-gallery\" data-no-retina=\"\" \/><\/div><figcaption><div class=\"portfolio-hover-main text-center\"><div class=\"portfolio-hover-box vertical-align-middle\"><div class=\"portfolio-icon\"><a href=\"https:\/\/icbie.net.br\/wp-content\/uploads\/2025\/03\/Expressae-13.jpeg\" class=\"gallery-link\" data-group=\"pofo-lightbox-1\"  title=\"Expressa\u00ea (13)\"><i class=\"ti-zoom-in text-white fa-2x\" aria-hidden=\"true\"><\/i><\/a><\/div><\/div><\/div><\/figcaption><figure><\/li><li class=\"grid-item\"><figure><div class=\"portfolio-img pofo-portfolio-page-background bg-black\"><img loading=\"lazy\" decoding=\"async\" src=\"https:\/\/icbie.net.br\/wp-content\/uploads\/2025\/03\/Expressae-Outubro-2024-4-300x300.jpeg\"  alt=\"\" width=\"300\" height=\"300\" srcset=\"https:\/\/icbie.net.br\/wp-content\/uploads\/2025\/03\/Expressae-Outubro-2024-4-300x300.jpeg 300w, https:\/\/icbie.net.br\/wp-content\/uploads\/2025\/03\/Expressae-Outubro-2024-4-150x150.jpeg 150w, https:\/\/icbie.net.br\/wp-content\/uploads\/2025\/03\/Expressae-Outubro-2024-4-100x100.jpeg 100w\" sizes=\"auto, (max-width: 300px) 100vw, 300px\" class=\"project-img-gallery\" data-no-retina=\"\" \/><\/div><figcaption><div class=\"portfolio-hover-main text-center\"><div class=\"portfolio-hover-box vertical-align-middle\"><div class=\"portfolio-icon\"><a href=\"https:\/\/icbie.net.br\/wp-content\/uploads\/2025\/03\/Expressae-Outubro-2024-4.jpeg\" class=\"gallery-link\" data-group=\"pofo-lightbox-1\"  title=\"Expressa\u00ea Outubro 2024 (4)\"><i class=\"ti-zoom-in text-white fa-2x\" aria-hidden=\"true\"><\/i><\/a><\/div><\/div><\/div><\/figcaption><figure><\/li><li class=\"grid-item\"><figure><div class=\"portfolio-img pofo-portfolio-page-background bg-black\"><img loading=\"lazy\" decoding=\"async\" src=\"https:\/\/icbie.net.br\/wp-content\/uploads\/2025\/03\/Expressae-Outubro-2024-9-300x300.jpg\"  alt=\"\" width=\"300\" height=\"300\" srcset=\"https:\/\/icbie.net.br\/wp-content\/uploads\/2025\/03\/Expressae-Outubro-2024-9-300x300.jpg 300w, https:\/\/icbie.net.br\/wp-content\/uploads\/2025\/03\/Expressae-Outubro-2024-9-150x150.jpg 150w, https:\/\/icbie.net.br\/wp-content\/uploads\/2025\/03\/Expressae-Outubro-2024-9-100x100.jpg 100w\" sizes=\"auto, (max-width: 300px) 100vw, 300px\" class=\"project-img-gallery\" data-no-retina=\"\" \/><\/div><figcaption><div class=\"portfolio-hover-main text-center\"><div class=\"portfolio-hover-box vertical-align-middle\"><div class=\"portfolio-icon\"><a href=\"https:\/\/icbie.net.br\/wp-content\/uploads\/2025\/03\/Expressae-Outubro-2024-9.jpg\" class=\"gallery-link\" data-group=\"pofo-lightbox-1\"  title=\"Expressa\u00ea Outubro 2024 (9)\"><i class=\"ti-zoom-in text-white fa-2x\" aria-hidden=\"true\"><\/i><\/a><\/div><\/div><\/div><\/figcaption><figure><\/li><li class=\"grid-item\"><figure><div class=\"portfolio-img pofo-portfolio-page-background bg-black\"><img loading=\"lazy\" decoding=\"async\" src=\"https:\/\/icbie.net.br\/wp-content\/uploads\/2025\/03\/Expressae-7-300x300.jpeg\"  alt=\"\" width=\"300\" height=\"300\" srcset=\"https:\/\/icbie.net.br\/wp-content\/uploads\/2025\/03\/Expressae-7-300x300.jpeg 300w, https:\/\/icbie.net.br\/wp-content\/uploads\/2025\/03\/Expressae-7-150x150.jpeg 150w, https:\/\/icbie.net.br\/wp-content\/uploads\/2025\/03\/Expressae-7-100x100.jpeg 100w\" sizes=\"auto, (max-width: 300px) 100vw, 300px\" class=\"project-img-gallery\" data-no-retina=\"\" \/><\/div><figcaption><div class=\"portfolio-hover-main text-center\"><div class=\"portfolio-hover-box vertical-align-middle\"><div class=\"portfolio-icon\"><a href=\"https:\/\/icbie.net.br\/wp-content\/uploads\/2025\/03\/Expressae-7-scaled.jpeg\" class=\"gallery-link\" data-group=\"pofo-lightbox-1\"  title=\"Expressa\u00ea (7)\"><i class=\"ti-zoom-in text-white fa-2x\" aria-hidden=\"true\"><\/i><\/a><\/div><\/div><\/div><\/figcaption><figure><\/li><li class=\"grid-item\"><figure><div class=\"portfolio-img pofo-portfolio-page-background bg-black\"><img loading=\"lazy\" decoding=\"async\" src=\"https:\/\/icbie.net.br\/wp-content\/uploads\/2025\/03\/Expressae-Outubro-2024-4-e1741873886337-300x300.jpg\"  alt=\"\" width=\"300\" height=\"300\" srcset=\"https:\/\/icbie.net.br\/wp-content\/uploads\/2025\/03\/Expressae-Outubro-2024-4-e1741873886337-300x300.jpg 300w, https:\/\/icbie.net.br\/wp-content\/uploads\/2025\/03\/Expressae-Outubro-2024-4-e1741873886337-150x150.jpg 150w, https:\/\/icbie.net.br\/wp-content\/uploads\/2025\/03\/Expressae-Outubro-2024-4-e1741873886337-100x100.jpg 100w\" sizes=\"auto, (max-width: 300px) 100vw, 300px\" class=\"project-img-gallery\" data-no-retina=\"\" \/><\/div><figcaption><div class=\"portfolio-hover-main text-center\"><div class=\"portfolio-hover-box vertical-align-middle\"><div class=\"portfolio-icon\"><a href=\"https:\/\/icbie.net.br\/wp-content\/uploads\/2025\/03\/Expressae-Outubro-2024-4-e1741873886337.jpg\" class=\"gallery-link\" data-group=\"pofo-lightbox-1\"  title=\"Expressa\u00ea Outubro 2024 (4)\"><i class=\"ti-zoom-in text-white fa-2x\" aria-hidden=\"true\"><\/i><\/a><\/div><\/div><\/div><\/figcaption><figure><\/li><li class=\"grid-item\"><figure><div class=\"portfolio-img pofo-portfolio-page-background bg-black\"><img loading=\"lazy\" decoding=\"async\" src=\"https:\/\/icbie.net.br\/wp-content\/uploads\/2025\/03\/Expressae-Outubro-2024-12-300x300.jpg\"  alt=\"\" width=\"300\" height=\"300\" srcset=\"https:\/\/icbie.net.br\/wp-content\/uploads\/2025\/03\/Expressae-Outubro-2024-12-300x300.jpg 300w, https:\/\/icbie.net.br\/wp-content\/uploads\/2025\/03\/Expressae-Outubro-2024-12-150x150.jpg 150w, https:\/\/icbie.net.br\/wp-content\/uploads\/2025\/03\/Expressae-Outubro-2024-12-100x100.jpg 100w\" sizes=\"auto, (max-width: 300px) 100vw, 300px\" class=\"project-img-gallery\" data-no-retina=\"\" \/><\/div><figcaption><div class=\"portfolio-hover-main text-center\"><div class=\"portfolio-hover-box vertical-align-middle\"><div class=\"portfolio-icon\"><a href=\"https:\/\/icbie.net.br\/wp-content\/uploads\/2025\/03\/Expressae-Outubro-2024-12.jpg\" class=\"gallery-link\" data-group=\"pofo-lightbox-1\"  title=\"Expressa\u00ea Outubro 2024 (12)\"><i class=\"ti-zoom-in text-white fa-2x\" aria-hidden=\"true\"><\/i><\/a><\/div><\/div><\/div><\/figcaption><figure><\/li><\/ul><\/div><\/div><\/div><\/div><\/div><\/div><\/div><\/section>\n<\/div>","protected":false},"excerpt":{"rendered":"Expressa\u00ea [vc_empty_space]N\u00facleo de Arte e Artesanato do ICBIE O espa\u00e7o do ICBIE abre suas portas para que os artes\u00e3os, artes\u00e3s e artistas possam expor e vender suas cria\u00e7\u00f5es e artes manuais. O evento acontece trimestralmente no terceiro domingo do m\u00eas a partir do m\u00eas de mar\u00e7o com o objetivo de incentivar e valorizar a criatividade de pessoas que gostam, fazem e vivem de arte. A ideia do EXPRESSA\u00ca surge do desejo da equipe do ICBIE de desfrutar o espa\u00e7o; o evento satisfaz a vontade de movimentar a associa\u00e7\u00e3o atrav\u00e9s de a\u00e7\u00f5es coletivas e colaborativas para e com a comunidade da Pen\u00ednsula de Itapagipe e da cidade de Salvador em geral. Como o objetivo do ICBIE sempre foi estimular e incentivar a produ\u00e7\u00e3o, difus\u00e3o e circula\u00e7\u00e3o cultural e art\u00edstica convidamos as pessoas a expor, no formato de uma pequena feira, as pr\u00f3prias cria\u00e7\u00f5es em um ambiente simples, acolhedor e ao mesmo tempo estimulante, onde trocar conhecimentos, experi\u00eancias e informa\u00e7\u00f5es entre expositores e visitantes. A inten\u00e7\u00e3o \u00e9 dar oportunidade, tamb\u00e9m a artistas e artes\u00e3os menos conhecidos, de ter um espa\u00e7o onde se expressar, da\u00ed o nome do evento. Expressar-se n\u00e3o apenas atrav\u00e9s de produ\u00e7\u00e3o material, mas tamb\u00e9m imaterial, como m\u00fasica, dan\u00e7a, teatro,...","protected":false},"author":19,"featured_media":0,"parent":0,"menu_order":0,"comment_status":"closed","ping_status":"closed","template":"","meta":{"give_campaign_id":0,"footnotes":""},"class_list":["post-26225","page","type-page","status-publish","hentry"],"campaignId":"","_links":{"self":[{"href":"https:\/\/icbie.net.br\/pt\/wp-json\/wp\/v2\/pages\/26225","targetHints":{"allow":["GET"]}}],"collection":[{"href":"https:\/\/icbie.net.br\/pt\/wp-json\/wp\/v2\/pages"}],"about":[{"href":"https:\/\/icbie.net.br\/pt\/wp-json\/wp\/v2\/types\/page"}],"author":[{"embeddable":true,"href":"https:\/\/icbie.net.br\/pt\/wp-json\/wp\/v2\/users\/19"}],"replies":[{"embeddable":true,"href":"https:\/\/icbie.net.br\/pt\/wp-json\/wp\/v2\/comments?post=26225"}],"version-history":[{"count":10,"href":"https:\/\/icbie.net.br\/pt\/wp-json\/wp\/v2\/pages\/26225\/revisions"}],"predecessor-version":[{"id":26605,"href":"https:\/\/icbie.net.br\/pt\/wp-json\/wp\/v2\/pages\/26225\/revisions\/26605"}],"wp:attachment":[{"href":"https:\/\/icbie.net.br\/pt\/wp-json\/wp\/v2\/media?parent=26225"}],"curies":[{"name":"wp","href":"https:\/\/api.w.org\/{rel}","templated":true}]}}