{"id":25922,"date":"2025-01-22T15:34:55","date_gmt":"2025-01-22T15:34:55","guid":{"rendered":"https:\/\/icbie.net.br\/?page_id=25922"},"modified":"2026-02-28T19:24:27","modified_gmt":"2026-02-28T19:24:27","slug":"doacao","status":"publish","type":"page","link":"https:\/\/icbie.net.br\/pt\/doacao\/","title":{"rendered":"DOA\u00c7\u00c3O"},"content":{"rendered":"<div class=\"wpb-content-wrapper\"><section class=\"vc_row wpb_row vc_row-fluid  vc_custom_1737562859597 vc_row-has-fill\"><div class=\"wpb_column vc_column_container vc_col-sm-12  col-xs-mobile-fullwidth\"><div class=\"vc_column-inner \"><div class=\"wpb_wrapper\"><div class=\"last-paragraph-no-margin\" style=\"color: #000000;\"><h2 style=\"text-align: center;\">DOA\u00c7\u00c3O<\/h2>\n<\/div>[vc_empty_space]<div class=\"last-paragraph-no-margin\" style=\"color: #000000;\"><h6 style=\"text-align: center;\"><span style=\"font-weight: 400;\">A sua doa\u00e7\u00e3o apoiar\u00e1:<\/span><\/h6>\n<ul>\n<li style=\"text-align: left;\"><span style=\"font-weight: 400;\">Um aluno pagando uma bolsa de estudo mensal para frequentar um curso de l\u00ednguas ou de outra atividade que esteja sendo oferecida na associa\u00e7\u00e3o<\/span><\/li>\n<li style=\"text-align: left;\"><span style=\"font-weight: 400;\">A continuidade da cataloga\u00e7\u00e3o da biblioteca<\/span><\/li>\n<li style=\"text-align: left;\"><span style=\"font-weight: 400;\">A manuten\u00e7\u00e3o e funcionamento do espa\u00e7o expositivo Me.Pe<\/span><\/li>\n<li style=\"text-align: left;\"><span style=\"font-weight: 400;\">A divulga\u00e7\u00e3o e fortalecimento do E.B.M e do Canto e Coral<\/span><\/li>\n<\/ul>\n<h6 style=\"text-align: center;\"><\/h6>\n<\/div>[vc_empty_space]<\/div><\/div><\/div><\/section><section data-vc-full-width=\"true\" data-vc-full-width-init=\"false\" data-vc-stretch-content=\"true\" class=\"vc_row wpb_row vc_row-fluid  vc_custom_1737583506683 vc_row-has-fill vc_column-gap-5 pofo-stretch-content vc_row-o-full-height vc_row-o-columns-stretch vc_row-o-equal-height vc_row-o-equal-height vc_row-flex\"><div class=\"wpb_column vc_column_container vc_col-sm-4  col-xs-mobile-fullwidth\"><div class=\"vc_column-inner \"><div class=\"wpb_wrapper\">[vc_wp_text]<\/p>\n<div class='root-data-givewp-embed' data-form-locale='pt_BR' data-form-url='https:\/\/icbie.net.br\/?post_type=give_forms&#038;p=25937' data-form-view-url='https:\/\/icbie.net.br\/pt\/?givewp-route=donation-form-view&form-id=25937' data-src='https:\/\/icbie.net.br\/pt\/?givewp-route=donation-form-view&form-id=25937' data-givewp-embed-id='give-form-shortcode-1' data-form-format='' data-open-form-button='Doar agora' style='--givewp-primary-color: #69b86b; --givewp-secondary-color: #f49420;'><\/div>\n<p>[\/vc_wp_text]<\/div><\/div><\/div><div class=\"wpb_column vc_column_container vc_col-sm-4  col-xs-mobile-fullwidth\"><div class=\"vc_column-inner \"><div class=\"wpb_wrapper\">[vc_tta_pageable no_fill_content_area=&#8221;true&#8221; autoplay=&#8221;10&#8243; active_section=&#8221;1&#8243; pagination_style=&#8221;flat-round&#8221; pagination_color=&#8221;black&#8221; css_animation=&#8221;none&#8221;][vc_tta_section title=&#8221;Section 1&#8243; tab_id=&#8221;1738089675335-515583b0-e748&#8243;][vc_single_image image=&#8221;25418&#8243; img_size=&#8221;large&#8221; css=&#8221;&#8221;][vc_empty_space]<div class=\"last-paragraph-no-margin\" style=\"color: #000000;\"><p style=\"text-align: center;\">O projeto \u201c<strong>ME.PE. \u2013 MEm\u00f3rias da PEn\u00ednsula<\/strong>\u201d, um espa\u00e7o expositivo e um grande laborat\u00f3rio que abre a narra\u00e7\u00e3o sobre a hist\u00f3ria da Pen\u00ednsula de Itapagipe, na cidade baixa de Salvador. Reabrimos as portas e estamos permitindo a entrada de visitantes.<\/p>\n<\/div>[\/vc_tta_section][vc_tta_section title=&#8221;Section 2&#8243; tab_id=&#8221;1738089675429-f56b99ac-153d&#8221;][vc_single_image image=&#8221;25400&#8243; img_size=&#8221;large&#8221; css=&#8221;&#8221;][vc_empty_space]<div class=\"last-paragraph-no-margin\" style=\"color: #000000;\"><p style=\"text-align: center;\"><strong>A Biblioteca Internacional Leonardo da Vinci<\/strong>, parte do ICBIE, abriga cerca de 16.000 t\u00edtulos em v\u00e1rios idiomas, al\u00e9m de CDs, LPs e DVDs que abrangem diversos campos culturais, como m\u00fasica, teatro, literatura, psicologia, hist\u00f3ria, filosofia e artes, incluindo obras importantes dos s\u00e9culos XVIII e XIX. Atualmente, estamos restaurando a biblioteca.<\/p>\n<\/div>[\/vc_tta_section][\/vc_tta_pageable]<\/div><\/div><\/div><div class=\"wpb_column vc_column_container vc_col-sm-4  col-xs-mobile-fullwidth\"><div class=\"vc_column-inner \"><div class=\"wpb_wrapper\">[vc_single_image image=&#8221;25952&#8243; img_size=&#8221;400&#215;400&#8243; alignment=&#8221;center&#8221; css=&#8221;&#8221;][vc_empty_space height=&#8221;96px&#8221;]<div class=\"last-paragraph-no-margin\" style=\"color: #000000;\"><h6 style=\"text-align: center;\">Chaves PIX: icbie.br@gmail.com<\/h6>\n<h6 style=\"text-align: center;\">ou CNPJ: 07.493.385\/0001-15<\/h6>\n<\/div><\/div><\/div><\/div><\/section><div class=\"vc_row-full-width vc_clearfix\"><\/div>\n<\/div>","protected":false},"excerpt":{"rendered":"DOA\u00c7\u00c3O [vc_empty_space]A sua doa\u00e7\u00e3o apoiar\u00e1: Um aluno pagando uma bolsa de estudo mensal para frequentar um curso de l\u00ednguas ou de outra atividade que esteja sendo oferecida na associa\u00e7\u00e3o A continuidade da cataloga\u00e7\u00e3o da biblioteca A manuten\u00e7\u00e3o e funcionamento do espa\u00e7o expositivo Me.Pe A divulga\u00e7\u00e3o e fortalecimento do E.B.M e do Canto e Coral [vc_empty_space][vc_wp_text] [\/vc_wp_text][vc_tta_pageable no_fill_content_area=\"true\" autoplay=\"10\" active_section=\"1\" pagination_style=\"flat-round\" pagination_color=\"black\" css_animation=\"none\"][vc_tta_section title=\"Section 1\" tab_id=\"1738089675335-515583b0-e748\"][vc_single_image image=\"25418\" img_size=\"large\" css=\"\"][vc_empty_space]O projeto \u201cME.PE. \u2013 MEm\u00f3rias da PEn\u00ednsula\u201d, um espa\u00e7o expositivo e um grande laborat\u00f3rio que abre a narra\u00e7\u00e3o sobre a hist\u00f3ria da Pen\u00ednsula de Itapagipe, na cidade baixa de Salvador. Reabrimos as portas e estamos permitindo a entrada de visitantes. [\/vc_tta_section][vc_tta_section title=\"Section 2\" tab_id=\"1738089675429-f56b99ac-153d\"][vc_single_image image=\"25400\" img_size=\"large\" css=\"\"][vc_empty_space]A Biblioteca Internacional Leonardo da Vinci, parte do ICBIE, abriga cerca de 16.000 t\u00edtulos em v\u00e1rios idiomas, al\u00e9m de CDs, LPs e DVDs que abrangem diversos campos culturais, como m\u00fasica, teatro, literatura, psicologia, hist\u00f3ria, filosofia e artes, incluindo obras importantes dos s\u00e9culos XVIII e XIX. Atualmente, estamos restaurando a biblioteca. [\/vc_tta_section][\/vc_tta_pageable][vc_single_image image=\"25952\" img_size=\"400x400\" alignment=\"center\" css=\"\"][vc_empty_space height=\"96px\"]Chaves PIX: icbie.br@gmail.com ou CNPJ: 07.493.385\/0001-15","protected":false},"author":19,"featured_media":0,"parent":0,"menu_order":0,"comment_status":"closed","ping_status":"closed","template":"","meta":{"give_campaign_id":0,"footnotes":""},"class_list":["post-25922","page","type-page","status-publish","hentry"],"campaignId":"","_links":{"self":[{"href":"https:\/\/icbie.net.br\/pt\/wp-json\/wp\/v2\/pages\/25922","targetHints":{"allow":["GET"]}}],"collection":[{"href":"https:\/\/icbie.net.br\/pt\/wp-json\/wp\/v2\/pages"}],"about":[{"href":"https:\/\/icbie.net.br\/pt\/wp-json\/wp\/v2\/types\/page"}],"author":[{"embeddable":true,"href":"https:\/\/icbie.net.br\/pt\/wp-json\/wp\/v2\/users\/19"}],"replies":[{"embeddable":true,"href":"https:\/\/icbie.net.br\/pt\/wp-json\/wp\/v2\/comments?post=25922"}],"version-history":[{"count":42,"href":"https:\/\/icbie.net.br\/pt\/wp-json\/wp\/v2\/pages\/25922\/revisions"}],"predecessor-version":[{"id":26626,"href":"https:\/\/icbie.net.br\/pt\/wp-json\/wp\/v2\/pages\/25922\/revisions\/26626"}],"wp:attachment":[{"href":"https:\/\/icbie.net.br\/pt\/wp-json\/wp\/v2\/media?parent=25922"}],"curies":[{"name":"wp","href":"https:\/\/api.w.org\/{rel}","templated":true}]}}