{"id":25789,"date":"2025-11-25T15:08:06","date_gmt":"2025-11-25T15:08:06","guid":{"rendered":"https:\/\/icbie.net.br\/?page_id=25789"},"modified":"2026-02-28T18:31:51","modified_gmt":"2026-02-28T18:31:51","slug":"sobre-o-fundador","status":"publish","type":"page","link":"https:\/\/icbie.net.br\/pt\/a-historia\/sobre-o-fundador\/","title":{"rendered":"SOBRE O FUNDADOR"},"content":{"rendered":"<div class=\"wpb-content-wrapper\"><section class=\"vc_row wpb_row vc_row-fluid  vc_custom_1736777698973 vc_row-has-fill\"><div class=\"wpb_column vc_column_container vc_col-sm-12  col-xs-mobile-fullwidth\"><div class=\"vc_column-inner \"><div class=\"wpb_wrapper\"><div class=\"last-paragraph-no-margin\" style=\"color: #000000;\"><h2 style=\"text-align: center;\">Sobre O Fundador<\/h2>\n<\/div>[vc_single_image image=&#8221;26476&#8243; img_size=&#8221;full&#8221; alignment=&#8221;center&#8221; css=&#8221;&#8221;][vc_empty_space height=&#8221;64px&#8221;]<div class=\"last-paragraph-no-margin\"><p style=\"text-align: left;\">O fundador do ICBIE, Pietro Gallina (Roma 1948 \u2013 Roma 2022), foi um idealista que lutava e conseguia realizar suas ideias. Dif\u00edcil resumir em poucas linhas a vida de uma pessoa t\u00e3o apaixonada pela arte, educa\u00e7\u00e3o e cultura e que viveu com intensidade essa sua paix\u00e3o. Pietro foi, entre muitas coisas, music\u00f3logo e cr\u00edtico musical, estudou no Conservat\u00f3rio Santa Cecilia de Roma. Colaborou com muitas revistas e jornais escrevendo artigos sobre temas ligados \u00e0 arte, m\u00fasica e teatro. Ele foi muito amado pelos seus estudantes e ensinou m\u00fasica e teatro na Academia Nacional de Dan\u00e7a (It\u00e1lia) e no Liceo \u201cSocrate\u201d em Roma.<br \/>\nEm 2005 a hist\u00f3ria de Pietro se funde \u00e0 hist\u00f3ria do ICBIE a Salvador de Bahia, associa\u00e7\u00e3o sem fins lucrativos que nasceu atrav\u00e9s do Projeto Escola Internacional de Artes Ele D\u00b4Artagnan, pensado e idealizado por ele.<\/p>\n<p style=\"text-align: left;\">Pietro ensinou com o seu exemplo o valor da amizade e que a vida \u00e9 a arte do encontro e foi a sua viv\u00eancia com Michele Lombardi, em arte Ele D\u2019Artagnan que originou um livro autobiogr\u00e1fico dedicado \u00e0 esse encontro: \u201cUn clandestino nella Dolce Vita &#8211;\u00a0 Storia di Ele d\u00b4Artagnan pittore e del bambino a cui ha cambiato la vita\u201d.Essa obra p\u00f3stuma foi publicada em 2025 e como podemos ler na sua contracapa: \u201co extravagante Ele d&#8217;Artagnan acompanhou Pietro por um bom per\u00edodo no caminho do crescimento cultural e esta hist\u00f3ria apaixonante parece pagar uma d\u00edvida de gratid\u00e3o para com esse precioso mestre\u201d.<\/p>\n<\/div><\/div><\/div><\/div><\/section><section class=\"vc_row wpb_row vc_row-fluid  vc_custom_1736777719539 vc_row-has-fill\"><div class=\"wpb_column vc_column_container vc_col-sm-6  col-xs-mobile-fullwidth\"><div class=\"vc_column-inner \"><div class=\"wpb_wrapper\">[vc_gallery type=&#8221;nivo&#8221; interval=&#8221;0&#8243; images=&#8221;26480,25003,26481,26484,26505,26542&#8243; img_size=&#8221;full&#8221; css=&#8221;&#8221;]<\/div><\/div><\/div><div class=\"wpb_column vc_column_container vc_col-sm-6  col-xs-mobile-fullwidth\"><div class=\"vc_column-inner \"><div class=\"wpb_wrapper\">[vc_gallery type=&#8221;nivo&#8221; interval=&#8221;0&#8243; images=&#8221;26539,26487,26488,26489,26486,26485,26533&#8243; img_size=&#8221;455&#215;341&#8243; onclick=&#8221;&#8221; css=&#8221;&#8221;]<\/div><\/div><\/div><\/section><section class=\"vc_row wpb_row vc_row-fluid   vc_column-gap-1\"><div class=\"wpb_column vc_column_container  col-xs-mobile-fullwidth\"><div class=\"vc_column-inner \"><div class=\"wpb_wrapper\"><div class=\" vc_custom_1764078380383 last-paragraph-no-margin\"><h2 style=\"text-align: center;\">HOMENAGEM A PIETRO<\/h2>\n<\/div><\/div><\/div><\/div><\/section><section class=\"vc_row wpb_row vc_row-fluid  vc_custom_1736777737304 vc_row-has-fill\"><div class=\"wpb_column vc_column_container vc_col-sm-4  col-xs-mobile-fullwidth\"><div class=\"vc_column-inner \"><div class=\"wpb_wrapper\"><div class=\"last-paragraph-no-margin\"><p>O dia 26 de novembro, data em que recorre o anivers\u00e1rio da morte do<br \/>\nnosso maestro Pietro Gallina, se tornou para o ICBIE e para toda a rede de pessoas e lugares criada por ele um dia, n\u00e3o apenas para homenagear a sua mem\u00f3ria, mas sobretudo um dia para celebrar a vida, celebrar a arte, a cultura, a amizade e a beleza.<\/p>\n<p>A partir do ano de 2023, quando recorreu o primeiro ano da morte de Pietro, o ICBIE organiza um evento especial de um ou mais dias repleto de m\u00fasica, teatro, dan\u00e7a e diversas express\u00f5es art\u00edsticas. O objetivo \u00e9 repropor o que Pietro gostava: eventos culturais, encontros entre pessoas que compartilham o mesmo sentimento pela arte, cultura e educa\u00e7\u00e3o e mostrar, de forma revisitada, um pouco das ideias, das paix\u00f5es e das atividades j\u00e1 promovidas e realizadas por ele.<\/p>\n<p>Assim o evento j\u00e1 promoveu performances teatrais, graffite ao ar livre, cantos e jogos de capoeira, dan\u00e7a, saraus de poesias, apresenta\u00e7\u00f5es musicais (\u00f3pera, MPB, samba) e cultura gastron\u00f4mica.<\/p>\n<p>O primeiro ano (2023) todo o evento foi magistralmente gravado pelo cinegrafista Fabr\u00edcio Seixas e est\u00e1 dispon\u00edvel no nosso CanalYoutube (link). As fotos abaixo tamb\u00e9m mostram um pouco do que foram os eventos j\u00e1 realizados at\u00e9 agora.<\/p>\n<p>\u201cAs pessoas n\u00e3o morrem, ficam encantadas\u2026..<br \/>\na gente morre \u00e9 para provar que viveu.\u201d<br \/>\n(Guimar\u00e3es Rosa)<\/p>\n<\/div>[vc_empty_space height=&#8221;20px&#8221;]<\/div><\/div><\/div><div class=\"wpb_column vc_column_container vc_col-sm-4  col-xs-mobile-fullwidth\"><div class=\"vc_column-inner \"><div class=\"wpb_wrapper\">[vc_gallery type=&#8221;image_grid&#8221; images=&#8221;25231,25228,25222,25215,25208,25203&#8243; img_size=&#8221;medium&#8221; css=&#8221;&#8221;]<\/div><\/div><\/div><div class=\"wpb_column vc_column_container vc_col-sm-4  col-xs-mobile-fullwidth\"><div class=\"vc_column-inner \"><div class=\"wpb_wrapper\">[vc_gallery type=&#8221;image_grid&#8221; images=&#8221;25227,25225,25213,25211,25209,25212&#8243; img_size=&#8221;medium&#8221; css=&#8221;&#8221;]<\/div><\/div><\/div><\/section><section class=\"vc_row wpb_row vc_row-fluid\"><div class=\"wpb_column vc_column_container vc_col-sm-12  col-xs-mobile-fullwidth\"><div class=\"vc_column-inner \"><div class=\"wpb_wrapper\"><\/div><\/div><\/div><\/section>\n<\/div>","protected":false},"excerpt":{"rendered":"Sobre O Fundador [vc_single_image image=\"26476\" img_size=\"full\" alignment=\"center\" css=\"\"][vc_empty_space height=\"64px\"]O fundador do ICBIE, Pietro Gallina (Roma 1948 \u2013 Roma 2022), foi um idealista que lutava e conseguia realizar suas ideias. Dif\u00edcil resumir em poucas linhas a vida de uma pessoa t\u00e3o apaixonada pela arte, educa\u00e7\u00e3o e cultura e que viveu com intensidade essa sua paix\u00e3o. Pietro foi, entre muitas coisas, music\u00f3logo e cr\u00edtico musical, estudou no Conservat\u00f3rio Santa Cecilia de Roma. Colaborou com muitas revistas e jornais escrevendo artigos sobre temas ligados \u00e0 arte, m\u00fasica e teatro. Ele foi muito amado pelos seus estudantes e ensinou m\u00fasica e teatro na Academia Nacional de Dan\u00e7a (It\u00e1lia) e no Liceo \u201cSocrate\u201d em Roma. Em 2005 a hist\u00f3ria de Pietro se funde \u00e0 hist\u00f3ria do ICBIE a Salvador de Bahia, associa\u00e7\u00e3o sem fins lucrativos que nasceu atrav\u00e9s do Projeto Escola Internacional de Artes Ele D\u00b4Artagnan, pensado e idealizado por ele. Pietro ensinou com o seu exemplo o valor da amizade e que a vida \u00e9 a arte do encontro e foi a sua viv\u00eancia com Michele Lombardi, em arte Ele D\u2019Artagnan que originou um livro autobiogr\u00e1fico dedicado \u00e0 esse encontro: \u201cUn clandestino nella Dolce Vita -\u00a0 Storia di Ele d\u00b4Artagnan pittore e del bambino...","protected":false},"author":19,"featured_media":0,"parent":23086,"menu_order":2,"comment_status":"closed","ping_status":"closed","template":"","meta":{"give_campaign_id":0,"footnotes":""},"class_list":["post-25789","page","type-page","status-publish","hentry"],"campaignId":"","_links":{"self":[{"href":"https:\/\/icbie.net.br\/pt\/wp-json\/wp\/v2\/pages\/25789","targetHints":{"allow":["GET"]}}],"collection":[{"href":"https:\/\/icbie.net.br\/pt\/wp-json\/wp\/v2\/pages"}],"about":[{"href":"https:\/\/icbie.net.br\/pt\/wp-json\/wp\/v2\/types\/page"}],"author":[{"embeddable":true,"href":"https:\/\/icbie.net.br\/pt\/wp-json\/wp\/v2\/users\/19"}],"replies":[{"embeddable":true,"href":"https:\/\/icbie.net.br\/pt\/wp-json\/wp\/v2\/comments?post=25789"}],"version-history":[{"count":44,"href":"https:\/\/icbie.net.br\/pt\/wp-json\/wp\/v2\/pages\/25789\/revisions"}],"predecessor-version":[{"id":26604,"href":"https:\/\/icbie.net.br\/pt\/wp-json\/wp\/v2\/pages\/25789\/revisions\/26604"}],"up":[{"embeddable":true,"href":"https:\/\/icbie.net.br\/pt\/wp-json\/wp\/v2\/pages\/23086"}],"wp:attachment":[{"href":"https:\/\/icbie.net.br\/pt\/wp-json\/wp\/v2\/media?parent=25789"}],"curies":[{"name":"wp","href":"https:\/\/api.w.org\/{rel}","templated":true}]}}