{"id":25668,"date":"2025-01-28T20:13:50","date_gmt":"2025-01-28T20:13:50","guid":{"rendered":"https:\/\/icbie.net.br\/?page_id=25668"},"modified":"2025-03-26T20:24:35","modified_gmt":"2025-03-26T20:24:35","slug":"cursos","status":"publish","type":"page","link":"https:\/\/icbie.net.br\/pt\/cursos\/","title":{"rendered":"CURSOS"},"content":{"rendered":"<div class=\"wpb-content-wrapper\"><section class=\"vc_row wpb_row vc_row-fluid  vc_custom_1741614852751 vc_row-has-fill vc_row-o-equal-height vc_row-flex\"><div class=\"wpb_column vc_column_container vc_col-sm-12  col-xs-mobile-fullwidth\"><div class=\"vc_column-inner \"><div class=\"wpb_wrapper\"><div class=\"last-paragraph-no-margin\" style=\"color: #000000;\"><h3 style=\"text-align: center;\"><strong>Cursos<\/strong><\/h3>\n<\/div>[vc_empty_space]<div class=\"vc_row wpb_row vc_inner vc_row-fluid  vc_custom_1738167227604 vc_row-has-fill\"><div class=\"wpb_column vc_column_container vc_col-sm-12  col-xs-mobile-fullwidth\"><div class=\"vc_column-inner \"><div class=\"wpb_wrapper\"><div class=\"last-paragraph-no-margin\" style=\"color: #000000;\"><p style=\"text-align: center;\"><span style=\"font-weight: 400;\">Desde sua funda\u00e7\u00e3o em 2005 o ICBIE oferece cursos de l\u00ednguas estrangeiras, sobretudo italiano e ingl\u00eas, e\u00a0em colabora\u00e7\u00e3o e com o apoio de outras institui\u00e7\u00f5es e associa\u00e7\u00f5es assim como atrav\u00e9s da a\u00e7\u00e3o de volunt\u00e1rios brasileiros e estrangeiros, promove a realiza\u00e7\u00e3o de cursos profissionalizantes e oficinas de curta dura\u00e7\u00e3o com cunho art\u00edstico, educativo e social.\u00a0Geralmente os cursos s\u00e3o oferecidos em troca de uma cota de participa\u00e7\u00e3o que est\u00e1 bem abaixo dos normais valores de mercado para esse tipo de\u00a0oferta formativa, mas que\u00a0mesmo assim\u00a0muitas vezes n\u00e3o est\u00e1 ao alcance de parte do nosso p\u00fablico.<\/span><\/p>\n<\/div>[vc_empty_space]<div class=\"last-paragraph-no-margin\"><h6 style=\"text-align: center;\"><strong>Visite nosso Instagram e confira nosso programa, sempre atualizado, de cursos, atividades e eventos.<\/strong><\/h6>\n<\/div>[vc_btn title=&#8221;Siga o Instagram&#8221; color=&#8221;green&#8221; align=&#8221;center&#8221; css=&#8221;&#8221; link=&#8221;url:https%3A%2F%2Fwww.instagram.com%2Ficbiesalvador%2F|title:Instagram&#8221;]<\/div><\/div><\/div><\/div><\/div><\/div><\/div><\/section>[vc_section full_width=&#8221;stretch_row&#8221; full_height=&#8221;yes&#8221; css=&#8221;.vc_custom_1741615188064{margin-top: 0px !important;margin-bottom: 0px !important;border-top-width: 0px !important;border-bottom-width: 0px !important;padding-top: 0px !important;padding-bottom: 0px !important;background-color: #FFFFFF !important;border-color: #FFFFFF !important;}&#8221;]<section class=\"vc_row wpb_row vc_row-fluid  vc_custom_1734967139631 vc_row-has-fill\"><div class=\"wpb_column vc_column_container vc_col-sm-12  col-xs-mobile-fullwidth\"><div class=\"vc_column-inner \"><div class=\"wpb_wrapper\"><div class=\" vc_custom_1741613492128 last-paragraph-no-margin\" style=\"color: #7F7F7F;\"><h5 style=\"text-align: center;\"><em>L\u00ednguas<\/em><\/h5>\n<\/div><\/div><\/div><\/div><\/section><section class=\"vc_row wpb_row vc_row-fluid  vc_custom_1734967620356 vc_row-has-fill\"><div class=\"wpb_column vc_column_container vc_col-sm-3  col-xs-mobile-fullwidth\"><div class=\"vc_column-inner \"><div class=\"wpb_wrapper\">[vc_single_image image=&#8221;24804&#8243; img_size=&#8221;medium&#8221; css=&#8221;&#8221;]<\/div><\/div><\/div><div class=\"wpb_column vc_column_container vc_col-has-fill vc_col-sm-9  col-xs-mobile-fullwidth\"><div class=\"vc_column-inner vc_custom_1734967048375\"><div class=\"wpb_wrapper\">[vc_custom_heading text=&#8221;L\u00edngua e Cultura Italiana&#8221; font_container=&#8221;tag:h3|font_size:20|text_align:left|color:%23000000&#8243; use_theme_fonts=&#8221;yes&#8221; css=&#8221;&#8221;]<div class=\"last-paragraph-no-margin\" style=\"color: #757575;\"><p>Desde 2005 o ICBIE oferece cursos de l\u00edngua e cultura italiana em Salvador. Considerando que a Biblioteca Internacional Leonardo da Vinci \u00e9 parte integrante do instituto, contamos com o seu riqu\u00edssimo acervo em italiano na promo\u00e7\u00e3o da cultura italiana abordando temas variados sobre: literatura, cinema, teatro, arte, gastronomia, arquitetura, turismo, moda, m\u00fasica etc.<\/p>\n<\/div>[vc_empty_space height=&#8221;15px&#8221;][vc_btn title=&#8221;Saiba mais&#8221; color=&#8221;green&#8221; size=&#8221;sm&#8221; css=&#8221;&#8221; link=&#8221;url:https%3A%2F%2Ficbie.net.br%2Flingua-e-cultura-italiana%2F|title:Saiba%20mais%20&#8243;]<\/div><\/div><\/div><\/section><section class=\"vc_row wpb_row vc_row-fluid  vc_custom_1734966689734 vc_row-has-fill\"><div class=\"wpb_column vc_column_container vc_col-sm-3  col-xs-mobile-fullwidth\"><div class=\"vc_column-inner \"><div class=\"wpb_wrapper\">[vc_single_image image=&#8221;23858&#8243; img_size=&#8221;medium&#8221; css=&#8221;&#8221;]<\/div><\/div><\/div><div class=\"wpb_column vc_column_container vc_col-sm-9  col-xs-mobile-fullwidth\"><div class=\"vc_column-inner \"><div class=\"wpb_wrapper\">[vc_custom_heading text=&#8221;Ingl\u00eas e outras linguas europeias&#8221; font_container=&#8221;tag:h3|font_size:20|text_align:left|color:%23000000&#8243; use_theme_fonts=&#8221;yes&#8221; css=&#8221;&#8221;]<div class=\"last-paragraph-no-margin\" style=\"color: #757575;\"><p>Os cursos de ingl\u00eas e outras l\u00ednguas europeias desenvolvidos no ICBIE refor\u00e7am o objetivo do instituto em promover o di\u00e1logo cultural, favorecer o interc\u00e2mbio, a colabora\u00e7\u00e3o, a integra\u00e7\u00e3o das diferentes artes e culturas, e desenvolver a amizade entre pessoas de pa\u00edses diversos.<\/p>\n<\/div>[vc_empty_space height=&#8221;15px&#8221;][vc_btn title=&#8221;Saiba mais&#8221; color=&#8221;green&#8221; css=&#8221;&#8221; link=&#8221;url:https%3A%2F%2Ficbie.net.br%2Fingles-e-outras-linguas-europeias%2F|title:Saiba%20mais&#8221;]<\/div><\/div><\/div><\/section>[\/vc_section]<section data-vc-full-width=\"true\" data-vc-full-width-init=\"false\" data-vc-stretch-content=\"true\" class=\"vc_row wpb_row vc_row-fluid  vc_custom_1741615100935 vc_row-has-fill vc_column-gap-2 pofo-stretch-content\"><div class=\"wpb_column vc_column_container vc_col-sm-12  col-xs-mobile-fullwidth\"><div class=\"vc_column-inner \"><div class=\"wpb_wrapper\"><div class=\"last-paragraph-no-margin\" style=\"color: #7F7F7F;\"><h5 style=\"text-align: center;\"><em>Cursos e oficinas<\/em><\/h5>\n<\/div><div class=\" vc_custom_1741281617708 last-paragraph-no-margin\" style=\"color: #000000;\"><p style=\"text-align: center;\"><span style=\"font-weight: 400;\">O p\u00fablico dos cursos \u00e9 um p\u00fablico muito variado, mas os maiores benefici\u00e1rios\u00a0s\u00e3o\u00a0as fam\u00edlias residentes na Pen\u00ednsula de Itapagipe, constitu\u00eddas principalmente por trabalhadores assalariados ou informais que pouco investiram e investem em forma\u00e7\u00e3o e por jovens que acessaram h\u00e1 poucos anos as Universidades p\u00fablicas gra\u00e7as \u00e0s pol\u00edticas de cota e de bolsas de perman\u00eancia. Para essa comunidade, junto aos alunos das escolas p\u00fablicas e privadas\u00a0e aos professores e educadores da rede p\u00fablica de ensino,\u00a0a oferta de cursos de l\u00ednguas representa uma oportunidade para o crescimento e desenvolvimento pessoal e profissional, uma chance de enriquecer a pr\u00f3pria bagagem formativa e curricular.\u00a0<\/span><\/p>\n<p style=\"text-align: center;\"><span style=\"font-weight: 400;\">Os cursos geram interesse tamb\u00e9m para jovens e adultos artistas independentes que t\u00eam interesse em realizar interc\u00e2mbios culturais e resid\u00eancias art\u00edsticas, sobretudo na Europa ou nos Estados Unidos, e que recentemente est\u00e3o sendo incentivados atrav\u00e9s dos Editais de mobilidade art\u00edstica lan\u00e7ados pelos governos estaduais e federal:\u00a0conhecer uma l\u00edngua estrangeira d\u00e1 mais seguran\u00e7a aos jovens que querem desbravar o mundo!<\/span><\/p>\n<\/div><div class=\"vc_row wpb_row vc_inner vc_row-fluid   vc_column-gap-2 vc_row-o-equal-height vc_row-flex\"><div class=\"wpb_column vc_column_container vc_col-sm-3  col-xs-mobile-fullwidth\"><div class=\"vc_column-inner \"><div class=\"wpb_wrapper\">[vc_hoverbox image=&#8221;25060&#8243; primary_title=&#8221;&#8221; hover_title=&#8221;Capoeira&#8221; hover_title_font_container=&#8221;color:%23FFFFFF&#8221; hover_title_use_theme_fonts=&#8221;yes&#8221; shape=&#8221;square&#8221; hover_background_color=&#8221;black&#8221; use_custom_fonts_hover_title=&#8221;true&#8221;]CAPOEIRA PARA CRIAN\u00c7AS:<br \/>\n&#8211; Segundas-feiras e Quartas-feiras, das 18h30 \u00e0s 19h30.<\/p>\n<p>CAPOEIRA PARA ADULTOS:<br \/>\n&#8211; Segundas-feiras\u00a0e Quartas-feiras,\u00a0das 19h30 \u00e0s 21h.[\/vc_hoverbox][vc_empty_space]<\/div><\/div><\/div><div class=\"wpb_column vc_column_container vc_col-sm-3  col-xs-mobile-fullwidth\"><div class=\"vc_column-inner \"><div class=\"wpb_wrapper\">[vc_hoverbox image=&#8221;25070&#8243; primary_title=&#8221;&#8221; hover_title=&#8221;Canto e Coral&#8221; hover_title_font_container=&#8221;color:%23FFFFFF&#8221; hover_title_use_theme_fonts=&#8221;yes&#8221; shape=&#8221;square&#8221; hover_background_color=&#8221;black&#8221; use_custom_fonts_hover_title=&#8221;true&#8221;]Todas as quartas-feiras temos coral das 19h30 \u00e0s 21h00[\/vc_hoverbox][vc_empty_space]<\/div><\/div><\/div><div class=\"wpb_column vc_column_container vc_col-sm-3  col-xs-mobile-fullwidth\"><div class=\"vc_column-inner \"><div class=\"wpb_wrapper\">[vc_hoverbox image=&#8221;25114&#8243; primary_title=&#8221;&#8221; hover_title=&#8221;Fuxico&#8221; hover_title_font_container=&#8221;color:%23FFFFFF&#8221; hover_title_use_theme_fonts=&#8221;yes&#8221; shape=&#8221;square&#8221; hover_background_color=&#8221;black&#8221; use_custom_fonts_hover_title=&#8221;true&#8221;]Toda sexta-feira, das 16h \u00e0s 17h, nos reunimos para uma aula de cria\u00e7\u00e3o de pe\u00e7as de tecido com a arte do Fuxicon.[\/vc_hoverbox][vc_empty_space]<\/div><\/div><\/div><div class=\"wpb_column vc_column_container vc_col-sm-3  col-xs-mobile-fullwidth\"><div class=\"vc_column-inner \"><div class=\"wpb_wrapper\">[vc_hoverbox image=&#8221;25040&#8243; primary_title=&#8221;&#8221; hover_title=&#8221;Movimento&#8221; hover_title_font_container=&#8221;color:%23FFFFFF&#8221; hover_title_use_theme_fonts=&#8221;yes&#8221; shape=&#8221;square&#8221; hover_background_color=&#8221;black&#8221; use_custom_fonts_hover_title=&#8221;true&#8221;]Todas as ter\u00e7as e quintas-feiras, Paco Gomes d\u00e1 aulas de movimento e mem\u00f3ria no ICBIE, das 7h \u00e0s 8h.[\/vc_hoverbox][vc_empty_space]<\/div><\/div><\/div><\/div><div class=\"vc_row wpb_row vc_inner vc_row-fluid\"><div class=\"wpb_column vc_column_container vc_col-sm-12  col-xs-mobile-fullwidth\"><div class=\"vc_column-inner \"><div class=\"wpb_wrapper\">[vc_btn title=&#8221;Continue lendo&#8230;.&#8221; color=&#8221;green&#8221; align=&#8221;center&#8221; css=&#8221;&#8221; link=&#8221;url:https%3A%2F%2Ficbie.net.br%2Foutros-cursos-e-oficinas%2F|title:%5B%3Apt%5DOUTROS%20CURSOS%20E%20OFICINAS%5B%3Aen%5DOTHER%20COURSES%20AND%20WORKSHOPS%5B%3Ait%5DALTRI%20CORSI%20E%20LABORATORI%5B%3A%5D&#8221;][vc_empty_space height=&#8221;64px&#8221;][vc_empty_space height=&#8221;64px&#8221;]<\/div><\/div><\/div><\/div><\/div><\/div><\/div><\/section><div class=\"vc_row-full-width vc_clearfix\"><\/div>\n<\/div>","protected":false},"excerpt":{"rendered":"<p>[vc_section full_width=&#8221;stretch_row&#8221; full_height=&#8221;yes&#8221; css=&#8221;.vc_custom_1741615188064{margin-top: 0px !important;margin-bottom: 0px !important;border-top-width: 0px !important;border-bottom-width: 0px !important;padding-top: 0px !important;padding-bottom: 0px !important;background-color: #FFFFFF !important;border-color: #FFFFFF !important;}&#8221;][\/vc_section]<\/p>\n","protected":false},"author":19,"featured_media":0,"parent":0,"menu_order":0,"comment_status":"closed","ping_status":"closed","template":"","meta":{"give_campaign_id":0,"footnotes":""},"class_list":["post-25668","page","type-page","status-publish","hentry"],"campaignId":"","_links":{"self":[{"href":"https:\/\/icbie.net.br\/pt\/wp-json\/wp\/v2\/pages\/25668","targetHints":{"allow":["GET"]}}],"collection":[{"href":"https:\/\/icbie.net.br\/pt\/wp-json\/wp\/v2\/pages"}],"about":[{"href":"https:\/\/icbie.net.br\/pt\/wp-json\/wp\/v2\/types\/page"}],"author":[{"embeddable":true,"href":"https:\/\/icbie.net.br\/pt\/wp-json\/wp\/v2\/users\/19"}],"replies":[{"embeddable":true,"href":"https:\/\/icbie.net.br\/pt\/wp-json\/wp\/v2\/comments?post=25668"}],"version-history":[{"count":132,"href":"https:\/\/icbie.net.br\/pt\/wp-json\/wp\/v2\/pages\/25668\/revisions"}],"predecessor-version":[{"id":26015,"href":"https:\/\/icbie.net.br\/pt\/wp-json\/wp\/v2\/pages\/25668\/revisions\/26015"}],"wp:attachment":[{"href":"https:\/\/icbie.net.br\/pt\/wp-json\/wp\/v2\/media?parent=25668"}],"curies":[{"name":"wp","href":"https:\/\/api.w.org\/{rel}","templated":true}]}}