{"id":22713,"date":"2021-06-03T00:37:05","date_gmt":"2021-06-03T00:37:05","guid":{"rendered":"https:\/\/icbie.net.br\/?page_id=22713"},"modified":"2025-03-10T15:04:31","modified_gmt":"2025-03-10T15:04:31","slug":"piccola-ribeira-bb","status":"publish","type":"page","link":"https:\/\/icbie.net.br\/pt\/piccola-ribeira-bb\/","title":{"rendered":"PICCOLA RIBEIRA B&#038;B"},"content":{"rendered":"<div class=\"wpb-content-wrapper\"><section class=\"vc_row wpb_row vc_row-fluid\"><div class=\"wpb_column vc_column_container vc_col-sm-12  col-xs-mobile-fullwidth\"><div class=\"vc_column-inner \"><div class=\"wpb_wrapper\"><div class=\"last-paragraph-no-margin\" style=\"color: #000000;\"><h3 style=\"text-align: center;\"><strong>A Piccola Ribeira B&#038;B<\/strong><\/h3>\n<\/div>[vc_empty_space]<div class=\"vc_row wpb_row vc_inner vc_row-fluid\"><div class=\"wpb_column vc_column_container vc_col-sm-8  col-xs-mobile-fullwidth\"><div class=\"vc_column-inner \"><div class=\"wpb_wrapper\"><div class=\"last-paragraph-no-margin\" style=\"color: #000000;\"><p>A Piccola Ribeira B&#038;B, em associa\u00e7\u00e3o com o ICBIE, desempenha uma dupla fun\u00e7\u00e3o essencial. Por um lado, oferece hospedagem a volunt\u00e1rios, artistas e professores brasileiros que v\u00eam de outras cidades e at\u00e9 do exterior para desenvolver seus projetos e atividades em colabora\u00e7\u00e3o com o ICBIE. Por outro lado, tamb\u00e9m disponibiliza acomoda\u00e7\u00f5es a pre\u00e7os acess\u00edveis para apoiadores e visitantes do instituto, al\u00e9m de atrair amantes do turismo respons\u00e1vel e social. No entanto, a pousada n\u00e3o se limita a esse p\u00fablico: est\u00e1 igualmente aberta a turistas independentes que buscam uma op\u00e7\u00e3o econ\u00f4mica e confort\u00e1vel para a sua estadia em Salvador.<\/p>\n<p>Localizada em um ambiente tranquilo e acolhedor, a Piccola Ribeira tem entrada independente pela Rua J\u00falio David e disp\u00f5e de diversos tipos de acomoda\u00e7\u00f5es para atender \u00e0s necessidades dos h\u00f3spedes. Os quartos podem ser individuais, duplos, triplos ou qu\u00e1druplos, todos equipados com banheiro privativo, ventilador e frigobar, garantindo conforto e privacidade. Para maior comodidade, a pousada oferece conex\u00e3o Wi-Fi gratuita, al\u00e9m da op\u00e7\u00e3o de caf\u00e9 da manh\u00e3 para aqueles que desejarem come\u00e7ar o dia com uma refei\u00e7\u00e3o saborosa e nutritiva.<\/p>\n<p>Os espa\u00e7os comuns tamb\u00e9m s\u00e3o um grande diferencial. A Piccola Ribeira conta com um amplo quintal repleto de \u00e1rvores frut\u00edferas, proporcionando um ambiente agrad\u00e1vel e relaxante para os h\u00f3spedes. Al\u00e9m disso, h\u00e1 um terra\u00e7o equipado com redes, ideal para momentos de descanso e contempla\u00e7\u00e3o. Seja para quem busca uma estadia curta ou prolongada, a pousada se destaca por sua hospitalidade, atmosfera acolhedora e compromisso com a cultura e o turismo sustent\u00e1vel.<\/p>\n<\/div><\/div><\/div><\/div><div class=\"wpb_column vc_column_container vc_col-sm-4  col-xs-mobile-fullwidth\"><div class=\"vc_column-inner \"><div class=\"wpb_wrapper\">[vc_gallery type=&#8221;nivo&#8221; interval=&#8221;0&#8243; images=&#8221;25434,25273&#8243; img_size=&#8221;full&#8221;][vc_gallery type=&#8221;nivo&#8221; interval=&#8221;0&#8243; images=&#8221;25435,25276&#8243; img_size=&#8221;full&#8221;]<\/div><\/div><\/div><\/div><\/div><\/div><\/div><div class=\"wpb_column vc_column_container  col-xs-mobile-fullwidth\"><div class=\"vc_column-inner \"><div class=\"wpb_wrapper\"><div class=\"vc_row wpb_row vc_inner vc_row-fluid\"><div class=\"wpb_column vc_column_container vc_col-sm-6  col-xs-mobile-fullwidth\"><div class=\"vc_column-inner \"><div class=\"wpb_wrapper\">[vc_gallery interval=&#8221;0&#8243; images=&#8221;25262,25261,25263,25260&#8243; img_size=&#8221;full&#8221; css=&#8221;&#8221;]<\/div><\/div><\/div><div class=\"wpb_column vc_column_container vc_col-sm-6  col-xs-mobile-fullwidth\"><div class=\"vc_column-inner \"><div class=\"wpb_wrapper\">[vc_gallery interval=&#8221;0&#8243; images=&#8221;25265,25264&#8243; img_size=&#8221;full&#8221; css=&#8221;&#8221;]<\/div><\/div><\/div><div class=\"wpb_column vc_column_container  col-xs-mobile-fullwidth\"><div class=\"vc_column-inner \"><div class=\"wpb_wrapper\">[vc_empty_space height=&#8221;52px&#8221;]<\/div><\/div><\/div><\/div><div class=\"vc_row wpb_row vc_inner vc_row-fluid\"><div class=\"wpb_column vc_column_container vc_col-sm-6  col-xs-mobile-fullwidth\"><div class=\"vc_column-inner \"><div class=\"wpb_wrapper\">[vc_empty_space height=&#8221;48px&#8221;]<div class=\"last-paragraph-no-margin\" style=\"color: #000000;\"><h6><strong>Servi\u00e7os adicionais:<\/strong><\/h6>\n<ul>\n<li>Transfer\u00eancias de ida e volta<\/li>\n<li>Visitas guiadas e excurs\u00f5es pela cidade de Salvador com guias locais<\/li>\n<li>Atra\u00e7\u00f5es tur\u00edsticas<\/li>\n<li>Atividades tradicionais de pesca na Ba\u00eda de Todos os Santos acompanhadas por pescadores locais<\/li>\n<li>Aulas de italiano<\/li>\n<li>Capoeira<\/li>\n<li>Percuss\u00e3o<\/li>\n<li>Dan\u00e7a afro-brasileira (samba, forr\u00f3, etc.)<\/li>\n<li>Aulas de remo e muito mais<\/li>\n<\/ul>\n<\/div>[vc_empty_space height=&#8221;16px&#8221;]<div class=\"last-paragraph-no-margin\" style=\"color: #000000;\"><p style=\"text-align: left;\">Para obter mais informa\u00e7\u00f5es, entre em contato com <span style=\"color: #0000ff;\"><strong>Marlene<\/strong><\/span> pelo e-mail: <a href=\"mailto:marleneicbie@gmail.com\">marleneicbie@gmail.com<\/a> ou pelo WhatsApp (71) 991963544.<\/p>\n<\/div><\/div><\/div><\/div><div class=\"wpb_column vc_column_container vc_col-sm-6  col-xs-mobile-fullwidth\"><div class=\"vc_column-inner \"><div class=\"wpb_wrapper\">[vc_empty_space height=&#8221;52px&#8221;][vc_gallery interval=&#8221;0&#8243; images=&#8221;25271,25266,25270,25269,25268,25267&#8243; img_size=&#8221;full&#8221; css=&#8221;&#8221;]<\/div><\/div><\/div><\/div><\/div><\/div><\/div><\/section>\n<\/div>","protected":false},"excerpt":{"rendered":"A Piccola Ribeira B&B [vc_empty_space]A Piccola Ribeira B&B, em associa\u00e7\u00e3o com o ICBIE, desempenha uma dupla fun\u00e7\u00e3o essencial. Por um lado, oferece hospedagem a volunt\u00e1rios, artistas e professores brasileiros que v\u00eam de outras cidades e at\u00e9 do exterior para desenvolver seus projetos e atividades em colabora\u00e7\u00e3o com o ICBIE. Por outro lado, tamb\u00e9m disponibiliza acomoda\u00e7\u00f5es a pre\u00e7os acess\u00edveis para apoiadores e visitantes do instituto, al\u00e9m de atrair amantes do turismo respons\u00e1vel e social. No entanto, a pousada n\u00e3o se limita a esse p\u00fablico: est\u00e1 igualmente aberta a turistas independentes que buscam uma op\u00e7\u00e3o econ\u00f4mica e confort\u00e1vel para a sua estadia em Salvador. Localizada em um ambiente tranquilo e acolhedor, a Piccola Ribeira tem entrada independente pela Rua J\u00falio David e disp\u00f5e de diversos tipos de acomoda\u00e7\u00f5es para atender \u00e0s necessidades dos h\u00f3spedes. Os quartos podem ser individuais, duplos, triplos ou qu\u00e1druplos, todos equipados com banheiro privativo, ventilador e frigobar, garantindo conforto e privacidade. Para maior comodidade, a pousada oferece conex\u00e3o Wi-Fi gratuita, al\u00e9m da op\u00e7\u00e3o de caf\u00e9 da manh\u00e3 para aqueles que desejarem come\u00e7ar o dia com uma refei\u00e7\u00e3o saborosa e nutritiva. Os espa\u00e7os comuns tamb\u00e9m s\u00e3o um grande diferencial. A Piccola Ribeira conta com um amplo quintal repleto de...","protected":false},"author":1,"featured_media":0,"parent":0,"menu_order":0,"comment_status":"closed","ping_status":"closed","template":"","meta":{"give_campaign_id":0,"footnotes":""},"class_list":["post-22713","page","type-page","status-publish","hentry"],"campaignId":"","_links":{"self":[{"href":"https:\/\/icbie.net.br\/pt\/wp-json\/wp\/v2\/pages\/22713","targetHints":{"allow":["GET"]}}],"collection":[{"href":"https:\/\/icbie.net.br\/pt\/wp-json\/wp\/v2\/pages"}],"about":[{"href":"https:\/\/icbie.net.br\/pt\/wp-json\/wp\/v2\/types\/page"}],"author":[{"embeddable":true,"href":"https:\/\/icbie.net.br\/pt\/wp-json\/wp\/v2\/users\/1"}],"replies":[{"embeddable":true,"href":"https:\/\/icbie.net.br\/pt\/wp-json\/wp\/v2\/comments?post=22713"}],"version-history":[{"count":24,"href":"https:\/\/icbie.net.br\/pt\/wp-json\/wp\/v2\/pages\/22713\/revisions"}],"predecessor-version":[{"id":25753,"href":"https:\/\/icbie.net.br\/pt\/wp-json\/wp\/v2\/pages\/22713\/revisions\/25753"}],"wp:attachment":[{"href":"https:\/\/icbie.net.br\/pt\/wp-json\/wp\/v2\/media?parent=22713"}],"curies":[{"name":"wp","href":"https:\/\/api.w.org\/{rel}","templated":true}]}}