{"id":22687,"date":"2021-06-02T23:53:17","date_gmt":"2021-06-02T23:53:17","guid":{"rendered":"https:\/\/icbie.net.br\/?page_id=22687"},"modified":"2025-03-11T13:35:47","modified_gmt":"2025-03-11T13:35:47","slug":"mepe","status":"publish","type":"page","link":"https:\/\/icbie.net.br\/pt\/mepe\/","title":{"rendered":"O ME.PE."},"content":{"rendered":"<div class=\"wpb-content-wrapper\"><section class=\"vc_row wpb_row vc_row-fluid\"><div class=\"wpb_column vc_column_container vc_col-sm-12  col-xs-mobile-fullwidth\"><div class=\"vc_column-inner \"><div class=\"wpb_wrapper\"><div class=\"last-paragraph-no-margin\" style=\"color: #000000;\"><h3 style=\"text-align: center;\"><strong>ME.PE. &#8211; MEm\u00f3rias da PEninsula<\/strong><\/h3>\n<\/div>[vc_empty_space]<div class=\"vc_row wpb_row vc_inner vc_row-fluid\"><div class=\"wpb_column vc_column_container vc_col-sm-8  col-xs-mobile-fullwidth\"><div class=\"vc_column-inner \"><div class=\"wpb_wrapper\"><div class=\"last-paragraph-no-margin\" style=\"color: #000000;\"><p><span style=\"font-weight: 400;\">Parte integrante do ICBIE o ME.PE. &#8211; MEm\u00f3rias da PEn\u00ednsula foi pensado e criado por Pietro Gallina em 2014 para ser um espa\u00e7o de refer\u00eancia e preserva\u00e7\u00e3o de um acervo de mem\u00f3rias da Pen\u00ednsula de Itapagipe na Cidade Baixa de Salvador de Bahia.<\/span><\/p>\n<p><span style=\"font-weight: 400;\">Desde o dia 25 de agosto de 2024, o espa\u00e7o do ME.PE. reavivou o seu objetivo trazendo mais cor e movimento, em parceria com o ATELI\u00ca POMAR, criado e gerido pela artista, G\u00e9ssica Lima.<\/span><\/p>\n<p><span style=\"font-weight: 400;\">Sua contribui\u00e7\u00e3o ajudar\u00e1 na manuten\u00e7\u00e3o do espa\u00e7o e na atualiza\u00e7\u00e3o das informa\u00e7\u00f5es nele contidas, continuando as necess\u00e1rias atividades de pesquisas hist\u00f3ricas e fotogr\u00e1ficas sobre o territ\u00f3rio da Pen\u00ednsula de Itapagipe. O projeto \u00e9 de realizar al\u00e9m da exposi\u00e7\u00e3o permanente, tamb\u00e9m exposi\u00e7\u00f5es peri\u00f3dicas sobre temas espec\u00edficos ligados \u00e0 Pen\u00ednsula e sobre sua transforma\u00e7\u00e3o nos dias atuais, promovendo, por exemplo, concursos fotogr\u00e1ficos, debates, relatos de antigos e novos moradores entre outras possibilidades.<\/span><\/p>\n<\/div>[vc_empty_space]<div class=\"last-paragraph-no-margin\" style=\"color: #000000;\"><h6><em><b>Mais sobre o ME.PE<\/b><\/em><\/h6>\n<p><span style=\"font-weight: 400;\">Em maio de 2014 o ICBIE inaugurou um novo peda\u00e7o do seu \u201cpr\u00e9dio cultural\u201d: o projeto \u201c<\/span><span style=\"font-weight: 400;\">ME.PE<\/span><span style=\"font-weight: 400;\">. \u2013 MEm\u00f3rias da PEn\u00ednsula\u201d, um espa\u00e7o expositivo e um grande laborat\u00f3rio que abre a narra\u00e7\u00e3o sobre a hist\u00f3ria da Pen\u00ednsula de Itapagipe, na cidade baixa de Salvador.<\/span><\/p>\n<p><span style=\"font-weight: 400;\">Esse acervo, formado principalmente por registros fotogr\u00e1ficos, come\u00e7ou com uma pesquisa pessoal do fundador e ent\u00e3o diretor art\u00edstico do ICBIE, Pietro Gallina, mas foi montado de forma colaborativa como parte de uma estrat\u00e9gia de sensibilizar e instigar a participa\u00e7\u00e3o dos moradores na constru\u00e7\u00e3o desse projeto dando a eles tamb\u00e9m a possibilidade de discutir sua hist\u00f3ria a partir de suas mem\u00f3rias.<\/span><\/p>\n<p><span style=\"font-weight: 400;\">\u201c<\/span><i><span style=\"font-weight: 400;\">Acredito que o cuidado com esse acervo seja muito importante para a nossa comunidade, pois, sua versatilidade permite que ele seja acionado por diversos p\u00fablicos, desde pesquisadores at\u00e9 turistas interessados em uma viv\u00eancia mais profunda e qualitativa de nossa cultura<\/span><\/i><span style=\"font-weight: 400;\">\u201d &#8211; Pietro Gallina, idealizador do <\/span><span style=\"font-weight: 400;\">ME.PE<\/span><span style=\"font-weight: 400;\"> e fundador do ICBIE.<\/span><\/p>\n<p><span style=\"font-weight: 400;\">O objetivo do ME.PE. \u00e9 tornar-se um local estimulador do conhecimento do pr\u00f3prio territ\u00f3rio destinado \u00e0 comunidade local (mas n\u00e3o apenas) para que ame a pr\u00f3pria terra e que tenha consci\u00eancia do que \u00e9 a Pen\u00ednsula e desta forma possa ser envolvida na defesa, na melhoria, no respeito, participando de atividades culturais, esportivas e tur\u00edsticas.\u00a0<\/span><\/p>\n<p><span style=\"font-weight: 400;\">Desde o dia 25 de agosto de 2024, o espa\u00e7o do <\/span><span style=\"font-weight: 400;\">ME.PE<\/span><span style=\"font-weight: 400;\"> reavivou o seu objetivo trazendo mais cor e movimento, em parceria com o ATELI\u00ca POMAR, criado e gerido pela artista, G\u00e9ssica Lima, desde dezembro de 2020, que como o nome sugere, \u00e9 terreno de \u00e1rvores frut\u00edferas e que contribuir\u00e1 com oficinas, encontros art\u00edsticos, musicais, po\u00e9ticos e liter\u00e1rios.<\/span><\/p>\n<p><span style=\"font-weight: 400;\">Um espa\u00e7o onde os visitantes encontrar\u00e3o cria\u00e7\u00e3o e exposi\u00e7\u00e3o no mesmo lugar, entendendo e aprendendo sobre um passado repleto de ricas mem\u00f3rias e escrevendo novas hist\u00f3rias, a partir do aqui e agora.<\/span><\/p>\n<\/div><\/div><\/div><\/div><div class=\"wpb_column vc_column_container vc_col-sm-4  col-xs-mobile-fullwidth\"><div class=\"vc_column-inner \"><div class=\"wpb_wrapper\">[vc_video link=&#8221;https:\/\/youtube.com\/shorts\/CJl7ERgP8KQ&#8221; el_aspect=&#8221;916&#8243; align=&#8221;center&#8221; css_animation=&#8221;fadeIn&#8221; css=&#8221;&#8221;][vc_empty_space]<div class=\"last-paragraph-no-margin\"><p><span style=\"font-weight: 400;\">O ME.PE e o ATELI\u00ca POMAR e<\/span><span style=\"font-weight: 400;\">st\u00e3o agora abertos para visita\u00e7\u00f5es nos seguintes dias e hor\u00e1rios:<\/span><\/p>\n<ul>\n<li><span style=\"font-weight: 400;\">Ter\u00e7a e quinta das 10h00 \u00e0s 17h00<\/span><\/li>\n<li><span style=\"font-weight: 400;\">Quarta e sexta visita\u00e7\u00e3o e atendimento com hora marcada<\/span><\/li>\n<li><span style=\"font-weight: 400;\">S\u00e1bado e Domingo: verificar disponibilidade.<\/span><\/li>\n<\/ul>\n<p><span style=\"font-weight: 400;\">Entrada pela Rua Porto dos Tainheiros, 36<\/span><\/p>\n<p><span style=\"font-weight: 400;\">Informa\u00e7\u00f5es pelo instragram: @icbiesalvador e @pomar.atelie<\/span><\/p>\n<\/div><\/div><\/div><\/div><\/div>[vc_empty_space height=&#8221;52px&#8221;]<div class=\"vc_row wpb_row vc_inner vc_row-fluid\"><div class=\"wpb_column vc_column_container vc_col-sm-3  col-xs-mobile-fullwidth\"><div class=\"vc_column-inner \"><div class=\"wpb_wrapper\">[vc_single_image image=&#8221;25418&#8243; img_size=&#8221;full&#8221; alignment=&#8221;center&#8221; style=&#8221;vc_box_rounded&#8221;]<\/div><\/div><\/div><div class=\"wpb_column vc_column_container vc_col-sm-3  col-xs-mobile-fullwidth\"><div class=\"vc_column-inner \"><div class=\"wpb_wrapper\">[vc_single_image image=&#8221;25419&#8243; img_size=&#8221;full&#8221; alignment=&#8221;center&#8221; style=&#8221;vc_box_rounded&#8221;]<\/div><\/div><\/div><div class=\"wpb_column vc_column_container vc_col-sm-3  col-xs-mobile-fullwidth\"><div class=\"vc_column-inner \"><div class=\"wpb_wrapper\">[vc_single_image image=&#8221;25421&#8243; img_size=&#8221;full&#8221; alignment=&#8221;center&#8221; style=&#8221;vc_box_rounded&#8221;]<\/div><\/div><\/div><div class=\"wpb_column vc_column_container vc_col-sm-3  col-xs-mobile-fullwidth\"><div class=\"vc_column-inner \"><div class=\"wpb_wrapper\">[vc_single_image image=&#8221;25420&#8243; img_size=&#8221;full&#8221; alignment=&#8221;center&#8221; style=&#8221;vc_box_rounded&#8221;]<\/div><\/div><\/div><\/div><div class=\"vc_row wpb_row vc_inner vc_row-fluid\"><div class=\"wpb_column vc_column_container vc_col-sm-12  col-xs-mobile-fullwidth\"><div class=\"vc_column-inner \"><div class=\"wpb_wrapper\">[vc_empty_space height=&#8221;52px&#8221;]<div class=\"last-paragraph-no-margin\" style=\"color: #141414;\"><h6><em><b>ALGUMAS INFORMA\u00c7\u00d5ES SOBRE ITAPAGIPE: UMA P\u00c9ROLA NA BA\u00cdA DE TODOS OS SANTOS<\/b><\/em><\/h6>\n<\/div><div class=\"last-paragraph-no-margin\" style=\"color: #000000;\"><p><span style=\"font-weight: 400;\">A riqueza hist\u00f3rica e art\u00edstica de Itapagipe \u00e9 imensa e dificilmente pode ser resumida numa pagina. Local dos navios, da religiosidade, da pesca, artesanato, das ind\u00fastrias produtivas, das festas populares, do futebol e dos clubes de remo.<\/span><\/p>\n<p><span style=\"font-weight: 400;\">Destacamos algumas igrejas famosas como a do Bonfim e da Boa Viagem, monumentos arquitet\u00f4nicos como a ex-f\u00e1brica Fratelli Vita, Abrigo Dom Pedro II, Solar Amado Bahia, e Palacete Machado, que s\u00e3o verdadeiras obras de arte.<\/span><\/p>\n<p><span style=\"font-weight: 400;\">Al\u00e9m disso, temos muitos fatos importantes que aconteceram na Pen\u00ednsula:<\/span><\/p>\n<ul>\n<li style=\"font-weight: 400;\" aria-level=\"1\"><span style=\"font-weight: 400;\">1903<\/span><span style=\"font-weight: 400;\"><br \/>\n<\/span><span style=\"font-weight: 400;\">O pai da avia\u00e7\u00e3o, Santos Dumont, participou de uma das primeiras regatas na Ribeira iniciando desta forma a gloriosa hist\u00f3ria dos Clubes de remo.<\/span><\/li>\n<li style=\"font-weight: 400;\" aria-level=\"1\"><span style=\"font-weight: 400;\">1922 a 1931<\/span><span style=\"font-weight: 400;\"><br \/>\n<\/span><span style=\"font-weight: 400;\">Nas primeiras travessias a\u00e9reas do Atl\u00e2ntico do Sul, os pilotos: Gago Coutinho- portugu\u00eas, Jo\u00e3o Ribeiro de Barros \u2013brasileiro e Italo Balbo- italiano este \u00faltimo com o esquadr\u00e3o de 11 avi\u00f5es, fizeram escala no hidroporto da Ribeira.<\/span><\/li>\n<li style=\"font-weight: 400;\" aria-level=\"1\"><span style=\"font-weight: 400;\">1939<\/span><span style=\"font-weight: 400;\"><br \/>\n<\/span><span style=\"font-weight: 400;\">Get\u00falio Vargas visitou o primeiro po\u00e7o de petr\u00f3leo do Brasil no Joanes-Lobato.<\/span><\/li>\n<li style=\"font-weight: 400;\" aria-level=\"1\"><span style=\"font-weight: 400;\">1980<\/span><span style=\"font-weight: 400;\"><br \/>\n<\/span><span style=\"font-weight: 400;\">O papa Jo\u00e3o Paulo II inaugurou a igreja dos Alagados e visitou a Irm\u00e3 Dulce. Dos anos 50 at\u00e9 1964 o casar\u00e3o do ICBIE foi sede do E. C. Bahia.<\/span><\/li>\n<\/ul>\n<p><span style=\"font-weight: 400;\">A Pen\u00ednsula de Itapagipe, ent\u00e3o, \u00e9 extremamente rica e densa de informa\u00e7\u00f5es culturais e hist\u00f3ricas e, por isso, o ME.PE quer contribuir com o fortalecimento e a preserva\u00e7\u00e3o da mem\u00f3ria deste territ\u00f3rio.<\/span><\/p>\n<\/div>[vc_empty_space]<\/div><\/div><\/div><\/div><div class=\"vc_row wpb_row vc_inner vc_row-fluid\"><div class=\"wpb_column vc_column_container vc_col-sm-3  col-xs-mobile-fullwidth\"><div class=\"vc_column-inner \"><div class=\"wpb_wrapper\">[vc_single_image image=&#8221;25429&#8243; img_size=&#8221;410&#215;294&#8243; css=&#8221;&#8221;][vc_empty_space][vc_single_image image=&#8221;25428&#8243; img_size=&#8221;410&#215;294&#8243; css=&#8221;&#8221;]<\/div><\/div><\/div><div class=\"wpb_column vc_column_container vc_col-sm-3  col-xs-mobile-fullwidth\"><div class=\"vc_column-inner \"><div class=\"wpb_wrapper\">[vc_single_image image=&#8221;25422&#8243; img_size=&#8221;410&#215;638&#8243; css=&#8221;&#8221;]<\/div><\/div><\/div><div class=\"wpb_column vc_column_container vc_col-sm-3  col-xs-mobile-fullwidth\"><div class=\"vc_column-inner \"><div class=\"wpb_wrapper\">[vc_single_image image=&#8221;25424&#8243; img_size=&#8221;410&#215;294&#8243; css=&#8221;&#8221;][vc_empty_space][vc_single_image image=&#8221;25427&#8243; img_size=&#8221;410&#215;294&#8243; css=&#8221;&#8221;]<\/div><\/div><\/div><div class=\"wpb_column vc_column_container vc_col-sm-3  col-xs-mobile-fullwidth\"><div class=\"vc_column-inner \"><div class=\"wpb_wrapper\">[vc_single_image image=&#8221;25425&#8243; img_size=&#8221;410&#215;638&#8243; css=&#8221;&#8221;]<\/div><\/div><\/div><\/div><\/div><\/div><\/div><\/section>\n<\/div>","protected":false},"excerpt":{"rendered":"ME.PE. - MEm\u00f3rias da PEninsula [vc_empty_space]Parte integrante do ICBIE o ME.PE. - MEm\u00f3rias da PEn\u00ednsula foi pensado e criado por Pietro Gallina em 2014 para ser um espa\u00e7o de refer\u00eancia e preserva\u00e7\u00e3o de um acervo de mem\u00f3rias da Pen\u00ednsula de Itapagipe na Cidade Baixa de Salvador de Bahia. Desde o dia 25 de agosto de 2024, o espa\u00e7o do ME.PE. reavivou o seu objetivo trazendo mais cor e movimento, em parceria com o ATELI\u00ca POMAR, criado e gerido pela artista, G\u00e9ssica Lima. Sua contribui\u00e7\u00e3o ajudar\u00e1 na manuten\u00e7\u00e3o do espa\u00e7o e na atualiza\u00e7\u00e3o das informa\u00e7\u00f5es nele contidas, continuando as necess\u00e1rias atividades de pesquisas hist\u00f3ricas e fotogr\u00e1ficas sobre o territ\u00f3rio da Pen\u00ednsula de Itapagipe. O projeto \u00e9 de realizar al\u00e9m da exposi\u00e7\u00e3o permanente, tamb\u00e9m exposi\u00e7\u00f5es peri\u00f3dicas sobre temas espec\u00edficos ligados \u00e0 Pen\u00ednsula e sobre sua transforma\u00e7\u00e3o nos dias atuais, promovendo, por exemplo, concursos fotogr\u00e1ficos, debates, relatos de antigos e novos moradores entre outras possibilidades. [vc_empty_space]Mais sobre o ME.PE Em maio de 2014 o ICBIE inaugurou um novo peda\u00e7o do seu \u201cpr\u00e9dio cultural\u201d: o projeto \u201cME.PE. \u2013 MEm\u00f3rias da PEn\u00ednsula\u201d, um espa\u00e7o expositivo e um grande laborat\u00f3rio que abre a narra\u00e7\u00e3o sobre a hist\u00f3ria da Pen\u00ednsula de Itapagipe, na cidade baixa de Salvador....","protected":false},"author":1,"featured_media":0,"parent":0,"menu_order":0,"comment_status":"closed","ping_status":"closed","template":"","meta":{"give_campaign_id":0,"footnotes":""},"class_list":["post-22687","page","type-page","status-publish","hentry"],"campaignId":"","_links":{"self":[{"href":"https:\/\/icbie.net.br\/pt\/wp-json\/wp\/v2\/pages\/22687","targetHints":{"allow":["GET"]}}],"collection":[{"href":"https:\/\/icbie.net.br\/pt\/wp-json\/wp\/v2\/pages"}],"about":[{"href":"https:\/\/icbie.net.br\/pt\/wp-json\/wp\/v2\/types\/page"}],"author":[{"embeddable":true,"href":"https:\/\/icbie.net.br\/pt\/wp-json\/wp\/v2\/users\/1"}],"replies":[{"embeddable":true,"href":"https:\/\/icbie.net.br\/pt\/wp-json\/wp\/v2\/comments?post=22687"}],"version-history":[{"count":39,"href":"https:\/\/icbie.net.br\/pt\/wp-json\/wp\/v2\/pages\/22687\/revisions"}],"predecessor-version":[{"id":26301,"href":"https:\/\/icbie.net.br\/pt\/wp-json\/wp\/v2\/pages\/22687\/revisions\/26301"}],"wp:attachment":[{"href":"https:\/\/icbie.net.br\/pt\/wp-json\/wp\/v2\/media?parent=22687"}],"curies":[{"name":"wp","href":"https:\/\/api.w.org\/{rel}","templated":true}]}}