{"id":22662,"date":"2021-06-02T23:09:40","date_gmt":"2021-06-02T23:09:40","guid":{"rendered":"https:\/\/icbie.net.br\/?page_id=22662"},"modified":"2025-04-03T16:08:26","modified_gmt":"2025-04-03T16:08:26","slug":"a-biblioteca","status":"publish","type":"page","link":"https:\/\/icbie.net.br\/pt\/a-biblioteca\/","title":{"rendered":"A BIBLIOTECA"},"content":{"rendered":"<div class=\"wpb-content-wrapper\"><section class=\"vc_row wpb_row vc_row-fluid  vc_custom_1736792376574 vc_row-has-fill\"><div class=\"wpb_column vc_column_container vc_col-sm-12  col-xs-mobile-fullwidth\"><div class=\"vc_column-inner \"><div class=\"wpb_wrapper\"><div class=\"last-paragraph-no-margin\" style=\"color: #000000;\"><h3 style=\"text-align: center;\"><b>A Biblioteca Internacional Leonardo da Vinci<\/b><\/h3>\n<\/div>[vc_empty_space height=&#8221;48px&#8221;]<div class=\"vc_row wpb_row vc_inner vc_row-fluid\"><div class=\"wpb_column vc_column_container vc_col-sm-8  col-xs-mobile-fullwidth\"><div class=\"vc_column-inner \"><div class=\"wpb_wrapper\"><div class=\"last-paragraph-no-margin\" style=\"color: #000000;\"><p><span style=\"font-weight: 400;\">A Biblioteca Internacional Leonardo da Vinci, com seu grande e precioso acervo bibliogr\u00e1fico e multim\u00eddia, tem como objetivo principal se tornar um p\u00f3lo de agrega\u00e7\u00e3o cultural na Cidade Baixa de Salvador, estimulando a educa\u00e7\u00e3o e incentivando a leitura e a pesquisa em todas as \u00e1reas do saber humano, num intenso interc\u00e2mbio de conhecimento do patrim\u00f4nio cultural italiano e europeu com o brasileiro e sul americano.<\/span><\/p>\n<p><span style=\"font-weight: 400;\">A Biblioteca n\u00e3o tem fins lucrativos e visa prestar um servi\u00e7o p\u00fablico aos leitores e pesquisadores, \u00e0s escolas e universidades, organizando eventos culturais, art\u00edsticos e cursos de l\u00ednguas.<\/span><\/p>\n<p><span style=\"font-weight: 400;\">Desde julho de 2023 o ICBIE p\u00f4de contar com um time de qualidade para trazer vida novamente para nossa Biblioteca que teve suas atividades paralisadas durante a pandemia e ap\u00f3s a perda do nosso fundador Pietro Gallina em 2022. A fam\u00edlia do nosso amigo e colaborador Jos\u00e9 Paranagu\u00e1 composta por sua esposa Shirley e suas filhas Iamani e Irani, dedicaram um tempo de suas agendas para realizarem manuten\u00e7\u00e3o, limpeza e reorganiza\u00e7\u00e3o do acervo.<\/span><span style=\"font-weight: 400;\"><br \/>\n<\/span><span style=\"font-weight: 400;\">A uni\u00e3o fez a for\u00e7a e a boa vontade deu vida pois a partir de m\u00eas de novembro de 2023 se juntou a este time a bibliotec\u00e1ria Lucileide Santos Lib\u00f3rio que, nos primeiros meses como volunt\u00e1ria, iniciou com muito profissionalismo o processo de higieniza\u00e7\u00e3o e armazenamento, reparo e classifica\u00e7\u00e3o do acervo da nossa biblioteca.<\/span><\/p>\n<p><span style=\"font-weight: 400;\">Em 15\/05\/2024 a biblioteca foi contemplada com o Pr\u00eamio Ponto de Leitura 2023 atrav\u00e9s do Edital de chamamento p\u00fablico MinC (Minist\u00e9rio da Cultura) N\u00ba 6\/2023 com o projeto \u201cLivro e leitura na Pen\u00ednsula de Itapagipe\u201d que possibilitou a continuidade do trabalho na biblioteca, pelo menos, at\u00e9 m\u00eas de mar\u00e7o de 2025.<\/span><\/p>\n<p><span style=\"font-weight: 400;\">A sua doa\u00e7\u00e3o ser\u00e1 \u00fatil e necess\u00e1ria para dar prosseguimento e intensificar este trabalho de cataloga\u00e7\u00e3o e manuten\u00e7\u00e3o cont\u00ednua do acervo para possibilitar a abertura da Biblioteca ao p\u00fablico oferecendo mais atividades atrav\u00e9s, por exemplo, da cria\u00e7\u00e3o do Circulo do Livro. A ideia \u00e9 formar um\u00a0<\/span><span style=\"font-weight: 400;\">coletivo de pessoas interessadas a debater sobre livros e literatura, escolhendo um livro mensalmente, mas tamb\u00e9m hospedando outros tipos de atividades como: lan\u00e7amento de livros, leitura e declama\u00e7\u00e3o de poesias, proje\u00e7\u00e3o de filmes, entre outras possibilidades.<\/span><\/p>\n<\/div>[vc_empty_space height=&#8221;16px&#8221;]<div class=\"last-paragraph-no-margin\"><h6 style=\"text-align: justify;\"><em>\u201cUm povo que n\u00e3o l\u00ea e n\u00e3o estuda permanece na ignor\u00e2ncia e ser\u00e1 sempre dominado, humilhado, submisso aos donos da pol\u00edtica e da economia\u201d &#8211; Pietro Gallina<\/em><\/h6>\n<\/div><\/div><\/div><\/div><div class=\"wpb_column vc_column_container vc_col-sm-4  col-xs-mobile-fullwidth\"><div class=\"vc_column-inner \"><div class=\"wpb_wrapper\">[vc_video link=&#8221;https:\/\/www.youtube.com\/shorts\/9fys7DMg-A8&#8243; el_aspect=&#8221;916&#8243; css=&#8221;&#8221;]<\/div><\/div><\/div><\/div><\/div><\/div><\/div><\/section><section class=\"vc_row wpb_row vc_row-fluid  vc_custom_1736792500448 vc_row-has-fill\"><div class=\"wpb_column vc_column_container vc_col-sm-12  col-xs-mobile-fullwidth\"><div class=\"vc_column-inner \"><div class=\"wpb_wrapper\"><div class=\"last-paragraph-no-margin\" style=\"color: #000000;\"><p><span style=\"font-weight: 400;\">A Biblioteca Internacional Leonardo da Vinci, parte integrante do ICBIE, \u00e9 constitu\u00edda de um acervo de extraordin\u00e1ria multiplicidade e riqueza, com cerca 16.000 t\u00edtulos em diversas l\u00ednguas (portugu\u00eas, italiano, ingl\u00eas, franc\u00eas, alem\u00e3o, espanhol etc), contando tamb\u00e9m com um acervo de suporte composto de CDs, LPs, DVDs, que abordam aspectos culturais de v\u00e1rias \u00e1reas do saber humano: m\u00fasica-teatro e bal\u00e9: enciclop\u00e9dias internacionais, revistas, biografias e ensaios com partituras para orquestra, piano, operetas, com\u00e9dias musicais, \u00f3peras l\u00edricas, m\u00fasica sinf\u00f4nica e de c\u00e2mara, libretos de \u00f3peras, na maioria cl\u00e1ssica e contempor\u00e2nea europeia e tamb\u00e9m jazz e m\u00fasica popular brasileira e internacional; literaturas em l\u00ednguas originais ou em vers\u00e3o italiana e portuguesa; com obras importantes de psicologia, sociologia, comunica\u00e7\u00e3o, lingu\u00edstica, hist\u00f3ria, pol\u00edtica e filosofia, geografia, belas artes, turismo, fotografia, moda, religi\u00e3o, cinema, ensaios de cr\u00edtica est\u00e9tica-colet\u00e2nea de livros antigos dos s\u00e9culos XVIII e XIX.<\/span><\/p>\n<\/div>[vc_empty_space height=&#8221;16px&#8221;]<div class=\"last-paragraph-no-margin\" style=\"color: #000000;\"><p><span style=\"font-weight: 400;\">Com exce\u00e7\u00e3o das recentes doa\u00e7\u00f5es que enriqueceram ainda mais a se\u00e7\u00e3o da literatura brasileira, toda a cole\u00e7\u00e3o da Biblioteca \u2013 de propriedade do jornalista e music\u00f3logo Pietro Gallina- foi trazida para o Brasil em um navio que partiu de Salerno da It\u00e1lia com destino a Salvador.\u00a0<\/span><\/p>\n<p><span style=\"font-weight: 400;\">A Biblioteca, junto ao ICBIE, est\u00e1 situada na periferia de Salvador no antigo e bel\u00edssimo bairro da Ribeira, com pouca infraestrutura cultural, e por isso se torna um lugar de extrema import\u00e2ncia porque ajuda a suprir a car\u00eancia de locais para pesquisas, estudos e cursos diversos que envolvam a comunidade num processo interativo, participativo e criativo, contribuindo para o desenvolvimento s\u00f3cio-cultural e uma melhor qualidade de vida.<\/span><\/p>\n<p><span style=\"font-weight: 400;\">A Biblioteca funciona em uma ampla sala do casar\u00e3o antigo do ICBIE. A sala \u00e9 bem arejada e dotada de ar condicionado para ajudar na conserva\u00e7\u00e3o dos livros e propiciar um ambiente agrad\u00e1vel para o p\u00fablico. Em frente a Biblioteca tem a sala de leitura com duas grandes mesas e v\u00e1rias cadeiras utilizadas para consulta e leituras dos livros, al\u00e9m de ser o local prop\u00edcio para a realiza\u00e7\u00e3o de saraus, rodas de conversas e lan\u00e7amento de livros. A sala de leitura \u00e9 bem iluminada, silenciosa e ventilada para garantir o m\u00e1ximo do conforto aos leitores.\u00a0<\/span><\/p>\n<p><span style=\"font-weight: 400;\">A Biblioteca quer atender todos que se interessam pelo estudo das l\u00ednguas, m\u00fasica, filosofia e artes. A Biblioteca est\u00e1 a disposi\u00e7\u00e3o de visitas para grupos, escolares e n\u00e3o, previa marca\u00e7\u00e3o de dia e hor\u00e1rio.\u00a0<\/span><\/p>\n<p><span style=\"font-weight: 400;\">O p\u00fablico que frequenta a Biblioteca \u00e9 principalmente formado por alunos e ex alunos do ICBIE que moram no bairro ou nas proximidades, mas ela atende tamb\u00e9m um p\u00fablico mais amplo como estudantes universit\u00e1rios em busca de algum texto especifico n\u00e3o encontrado nas Bibliotecas da cidade e nem nas da mesma Universidade. A Biblioteca desperta tamb\u00e9m o interesse de pessoas curiosas de conhecer um ambiente t\u00e3o peculiar e fascinante como \u00e9 uma Biblioteca tradicional, anal\u00f3gica e fora dos convencionais h\u00e1bitos digitais que permeiam todas as atuais atividades humanas.<\/span><\/p>\n<\/div>[vc_empty_space]<\/div><\/div><\/div><\/section><section class=\"vc_row wpb_row vc_row-fluid  vc_custom_1736792522558 vc_row-has-fill\"><div class=\"wpb_column vc_column_container vc_col-sm-4  col-xs-mobile-fullwidth\"><div class=\"vc_column-inner \"><div class=\"wpb_wrapper\">[vc_single_image image=&#8221;25399&#8243; img_size=&#8221;full&#8221; alignment=&#8221;center&#8221; style=&#8221;vc_box_rounded&#8221;][vc_empty_space][vc_single_image image=&#8221;25404&#8243; img_size=&#8221;full&#8221; css=&#8221;&#8221;][vc_empty_space][vc_single_image image=&#8221;25401&#8243; img_size=&#8221;full&#8221; css=&#8221;&#8221;]<\/div><\/div><\/div><div class=\"wpb_column vc_column_container vc_col-sm-4  col-xs-mobile-fullwidth\"><div class=\"vc_column-inner \"><div class=\"wpb_wrapper\">[vc_single_image image=&#8221;25410&#8243; img_size=&#8221;full&#8221;][vc_empty_space][vc_single_image image=&#8221;25403&#8243; img_size=&#8221;full&#8221; css=&#8221;&#8221;][vc_empty_space][vc_single_image image=&#8221;25407&#8243; img_size=&#8221;full&#8221; css=&#8221;&#8221;]<\/div><\/div><\/div><div class=\"wpb_column vc_column_container vc_col-sm-4  col-xs-mobile-fullwidth\"><div class=\"vc_column-inner \"><div class=\"wpb_wrapper\">[vc_single_image image=&#8221;25405&#8243; img_size=&#8221;full&#8221; css=&#8221;&#8221;][vc_empty_space][vc_single_image image=&#8221;25402&#8243; img_size=&#8221;full&#8221; css=&#8221;&#8221;][vc_empty_space][vc_single_image image=&#8221;25408&#8243; img_size=&#8221;full&#8221; css=&#8221;&#8221;]<\/div><\/div><\/div><\/section>\n<\/div>","protected":false},"excerpt":{"rendered":"A Biblioteca Internacional Leonardo da Vinci [vc_empty_space height=\"48px\"]A Biblioteca Internacional Leonardo da Vinci, com seu grande e precioso acervo bibliogr\u00e1fico e multim\u00eddia, tem como objetivo principal se tornar um p\u00f3lo de agrega\u00e7\u00e3o cultural na Cidade Baixa de Salvador, estimulando a educa\u00e7\u00e3o e incentivando a leitura e a pesquisa em todas as \u00e1reas do saber humano, num intenso interc\u00e2mbio de conhecimento do patrim\u00f4nio cultural italiano e europeu com o brasileiro e sul americano. A Biblioteca n\u00e3o tem fins lucrativos e visa prestar um servi\u00e7o p\u00fablico aos leitores e pesquisadores, \u00e0s escolas e universidades, organizando eventos culturais, art\u00edsticos e cursos de l\u00ednguas. Desde julho de 2023 o ICBIE p\u00f4de contar com um time de qualidade para trazer vida novamente para nossa Biblioteca que teve suas atividades paralisadas durante a pandemia e ap\u00f3s a perda do nosso fundador Pietro Gallina em 2022. A fam\u00edlia do nosso amigo e colaborador Jos\u00e9 Paranagu\u00e1 composta por sua esposa Shirley e suas filhas Iamani e Irani, dedicaram um tempo de suas agendas para realizarem manuten\u00e7\u00e3o, limpeza e reorganiza\u00e7\u00e3o do acervo. A uni\u00e3o fez a for\u00e7a e a boa vontade deu vida pois a partir de m\u00eas de novembro de 2023 se juntou a este time a bibliotec\u00e1ria...","protected":false},"author":1,"featured_media":0,"parent":0,"menu_order":0,"comment_status":"closed","ping_status":"closed","template":"","meta":{"give_campaign_id":0,"footnotes":""},"class_list":["post-22662","page","type-page","status-publish","hentry"],"campaignId":"","_links":{"self":[{"href":"https:\/\/icbie.net.br\/pt\/wp-json\/wp\/v2\/pages\/22662","targetHints":{"allow":["GET"]}}],"collection":[{"href":"https:\/\/icbie.net.br\/pt\/wp-json\/wp\/v2\/pages"}],"about":[{"href":"https:\/\/icbie.net.br\/pt\/wp-json\/wp\/v2\/types\/page"}],"author":[{"embeddable":true,"href":"https:\/\/icbie.net.br\/pt\/wp-json\/wp\/v2\/users\/1"}],"replies":[{"embeddable":true,"href":"https:\/\/icbie.net.br\/pt\/wp-json\/wp\/v2\/comments?post=22662"}],"version-history":[{"count":35,"href":"https:\/\/icbie.net.br\/pt\/wp-json\/wp\/v2\/pages\/22662\/revisions"}],"predecessor-version":[{"id":26403,"href":"https:\/\/icbie.net.br\/pt\/wp-json\/wp\/v2\/pages\/22662\/revisions\/26403"}],"wp:attachment":[{"href":"https:\/\/icbie.net.br\/pt\/wp-json\/wp\/v2\/media?parent=22662"}],"curies":[{"name":"wp","href":"https:\/\/api.w.org\/{rel}","templated":true}]}}