{"id":22657,"date":"2021-06-02T23:05:40","date_gmt":"2021-06-02T23:05:40","guid":{"rendered":"https:\/\/icbie.net.br\/?page_id=22657"},"modified":"2025-03-10T14:36:21","modified_gmt":"2025-03-10T14:36:21","slug":"quem-somos","status":"publish","type":"page","link":"https:\/\/icbie.net.br\/pt\/quem-somos\/","title":{"rendered":"QUEM SOMOS E EQUIPE"},"content":{"rendered":"<div class=\"wpb-content-wrapper\"><section class=\"vc_row wpb_row vc_row-fluid  vc_custom_1736772075688 vc_row-has-fill\"><div class=\"wpb_column vc_column_container vc_col-sm-6  col-xs-mobile-fullwidth\"><div class=\"vc_column-inner \"><div class=\"wpb_wrapper\">[vc_single_image image=&#8221;26048&#8243; img_size=&#8221;700&#215;800&#8243; css=&#8221;&#8221;]<\/div><\/div><\/div><div class=\"wpb_column vc_column_container vc_col-sm-6  col-xs-mobile-fullwidth\"><div class=\"vc_column-inner \"><div class=\"wpb_wrapper\"><div class=\"last-paragraph-no-margin\" style=\"color: #000000;\"><h3 style=\"text-align: center;\"><strong>Quem somos<\/strong><\/h3>\n<\/div>[vc_empty_space]<div class=\"last-paragraph-no-margin\" style=\"color: #000000;\"><p style=\"text-align: right;\">O ICBIE \u00e9 uma associa\u00e7\u00e3o sem fins lucrativos, um espa\u00e7o cultural multilingu\u00edstico que integra diversas \u00e1reas art\u00edsticas, estimulando e incentivando a produ\u00e7\u00e3o, difus\u00e3o e circula\u00e7\u00e3o cultural. O relevante acervo liter\u00e1rio representado pela Biblioteca Internacional Leonardo da Vinci, (com cerca de 16.000 t\u00edtulos nacionais e internacionais), parte integrante do ICBIE, possibilita a realiza\u00e7\u00e3o de diversas a\u00e7\u00f5es culturais de promo\u00e7\u00e3o ao livro e \u00e0 leitura e de fomento aos demais g\u00eaneros art\u00edsticos: artes c\u00eanicas, artes visuais, cinema e m\u00fasica al\u00e9m de atividades de forma\u00e7\u00e3o.<\/p>\n<\/div><\/div><\/div><\/div><\/section><section class=\"vc_row wpb_row vc_row-fluid  vc_custom_1736772110359 vc_row-has-fill\"><div class=\"wpb_column vc_column_container vc_col-sm-4  col-xs-mobile-fullwidth\"><div class=\"vc_column-inner \"><div class=\"wpb_wrapper\"><div class=\"last-paragraph-no-margin\" style=\"color: #000000AD;\"><h6><strong>FUNDADOR &#8211; Pietro Gallina<\/strong><\/h6>\n<\/div>[vc_empty_space]<div class=\"last-paragraph-no-margin\" style=\"color: #000000;\"><h3 style=\"text-align: center;\"><strong>Diretoria<\/strong><\/h3>\n<\/div>[vc_empty_space height=&#8221;16px&#8221;]<div class=\"last-paragraph-no-margin\" style=\"color: #000000;\"><p>Paco Gomes \u2013 Diretor art\u00edstico<\/p>\n<p>Marlene R. Souza- Presidente<\/p>\n<p>Ivanildo Viana Sgura \u2013 1\u00ba Vice Presidente<\/p>\n<p>Megm\u00e9cia Prazeres Boaventura \u2013 2\u00aa Vice Presidente<\/p>\n<p>Roy H. Zimmerman \u2013 Presidente honor\u00e1rio<\/p>\n<p>Marcella Sgura Viana \u2013 Presidenta honor\u00e1ria<\/p>\n<\/div><\/div><\/div><\/div><div class=\"wpb_column vc_column_container vc_col-sm-8  col-xs-mobile-fullwidth\"><div class=\"vc_column-inner \"><div class=\"wpb_wrapper\">[vc_single_image image=&#8221;25236&#8243; img_size=&#8221;full&#8221; alignment=&#8221;right&#8221; css=&#8221;&#8221;]<\/div><\/div><\/div><\/section><section class=\"vc_row wpb_row vc_row-fluid  vc_custom_1736773997145 vc_row-has-fill\"><div class=\"wpb_column vc_column_container vc_col-sm-12  col-xs-mobile-fullwidth\"><div class=\"vc_column-inner \"><div class=\"wpb_wrapper\"><div class=\"last-paragraph-no-margin\" style=\"color: #000000;\"><h3 style=\"text-align: center;\"><strong>Colaboradores<\/strong><\/h3>\n<\/div><div class=\"last-paragraph-no-margin\"><h6 style=\"text-align: center;\"><strong>Ativos e Espor\u00e1dicos<\/strong><\/h6>\n<\/div><\/div><\/div><\/div><\/section><section class=\"vc_row wpb_row vc_row-fluid  vc_custom_1736774121782 vc_row-has-fill\"><div class=\"wpb_column vc_column_container vc_col-sm-1\/5  col-xs-mobile-fullwidth\"><div class=\"vc_column-inner \"><div class=\"wpb_wrapper\">[vc_single_image image=&#8221;24994&#8243; img_size=&#8221;215&#215;294&#8243; alignment=&#8221;center&#8221; css=&#8221;&#8221;]<div class=\"last-paragraph-no-margin\" style=\"color: #000000;\"><p style=\"text-align: right;\">Raquel Oliveira<\/p>\n<\/div>[vc_empty_space][vc_single_image image=&#8221;24995&#8243; img_size=&#8221;215&#215;294&#8243; alignment=&#8221;center&#8221; css=&#8221;&#8221;]<div class=\"last-paragraph-no-margin\" style=\"color: #000000;\"><p style=\"text-align: right;\">Sagaz<\/p>\n<\/div><\/div><\/div><\/div><div class=\"wpb_column vc_column_container vc_col-sm-1\/5  col-xs-mobile-fullwidth\"><div class=\"vc_column-inner \"><div class=\"wpb_wrapper\">[vc_single_image image=&#8221;24989&#8243; img_size=&#8221;215&#215;294&#8243; alignment=&#8221;center&#8221; css=&#8221;&#8221;]<div class=\"last-paragraph-no-margin\" style=\"color: #000000;\"><p style=\"text-align: right;\">F\u00e1bio Bastos<\/p>\n<\/div>[vc_empty_space][vc_single_image image=&#8221;24996&#8243; img_size=&#8221;215&#215;294&#8243; alignment=&#8221;center&#8221; css=&#8221;&#8221;]<div class=\"last-paragraph-no-margin\" style=\"color: #000000;\"><p style=\"text-align: right;\">Talita Sueli<\/p>\n<\/div><\/div><\/div><\/div><div class=\"wpb_column vc_column_container vc_col-sm-1\/5  col-xs-mobile-fullwidth\"><div class=\"vc_column-inner \"><div class=\"wpb_wrapper\">[vc_single_image image=&#8221;24988&#8243; img_size=&#8221;215&#215;294&#8243; alignment=&#8221;center&#8221; css=&#8221;&#8221;]<div class=\"last-paragraph-no-margin\" style=\"color: #000000;\"><p style=\"text-align: right;\">Andrea Zeccato<\/p>\n<\/div>[vc_empty_space][vc_single_image image=&#8221;24997&#8243; img_size=&#8221;215&#215;294&#8243; alignment=&#8221;center&#8221; css=&#8221;&#8221;]<div class=\"last-paragraph-no-margin\" style=\"color: #000000;\"><p style=\"text-align: right;\">Victor Vitt\u00f3ria<\/p>\n<\/div><\/div><\/div><\/div><div class=\"wpb_column vc_column_container vc_col-sm-1\/5  col-xs-mobile-fullwidth\"><div class=\"vc_column-inner \"><div class=\"wpb_wrapper\">[vc_single_image image=&#8221;24992&#8243; img_size=&#8221;215&#215;294&#8243; alignment=&#8221;center&#8221; css=&#8221;&#8221;]<div class=\"last-paragraph-no-margin\" style=\"color: #000000;\"><p style=\"text-align: right;\">J\u00falio Costa<\/p>\n<\/div>[vc_empty_space][vc_single_image image=&#8221;24993&#8243; img_size=&#8221;215&#215;294&#8243; alignment=&#8221;center&#8221; css=&#8221;&#8221;]<div class=\"last-paragraph-no-margin\" style=\"color: #000000;\"><p style=\"text-align: right;\">Luiz Santos<\/p>\n<\/div><\/div><\/div><\/div><div class=\"wpb_column vc_column_container vc_col-sm-1\/5  col-xs-mobile-fullwidth\"><div class=\"vc_column-inner \"><div class=\"wpb_wrapper\">[vc_single_image image=&#8221;24991&#8243; img_size=&#8221;215&#215;294&#8243; alignment=&#8221;center&#8221; css=&#8221;&#8221;]<div class=\"last-paragraph-no-margin\" style=\"color: #000000;\"><p style=\"text-align: right;\">Jean Jesus<\/p>\n<\/div>[vc_empty_space][vc_single_image image=&#8221;24990&#8243; img_size=&#8221;215&#215;294&#8243; alignment=&#8221;center&#8221; css=&#8221;&#8221;]<div class=\"last-paragraph-no-margin\" style=\"color: #000000;\"><p style=\"text-align: right;\">G\u00e9ssica Lima<\/p>\n<\/div><\/div><\/div><\/div><\/section>\n<\/div>","protected":false},"excerpt":{"rendered":"[vc_single_image image=\"26048\" img_size=\"700x800\" css=\"\"]Quem somos [vc_empty_space]O ICBIE \u00e9 uma associa\u00e7\u00e3o sem fins lucrativos, um espa\u00e7o cultural multilingu\u00edstico que integra diversas \u00e1reas art\u00edsticas, estimulando e incentivando a produ\u00e7\u00e3o, difus\u00e3o e circula\u00e7\u00e3o cultural. O relevante acervo liter\u00e1rio representado pela Biblioteca Internacional Leonardo da Vinci, (com cerca de 16.000 t\u00edtulos nacionais e internacionais), parte integrante do ICBIE, possibilita a realiza\u00e7\u00e3o de diversas a\u00e7\u00f5es culturais de promo\u00e7\u00e3o ao livro e \u00e0 leitura e de fomento aos demais g\u00eaneros art\u00edsticos: artes c\u00eanicas, artes visuais, cinema e m\u00fasica al\u00e9m de atividades de forma\u00e7\u00e3o. FUNDADOR - Pietro Gallina [vc_empty_space]Diretoria [vc_empty_space height=\"16px\"]Paco Gomes \u2013 Diretor art\u00edstico Marlene R. Souza- Presidente Ivanildo Viana Sgura \u2013 1\u00ba Vice Presidente Megm\u00e9cia Prazeres Boaventura \u2013 2\u00aa Vice Presidente Roy H. Zimmerman \u2013 Presidente honor\u00e1rio Marcella Sgura Viana \u2013 Presidenta honor\u00e1ria [vc_single_image image=\"25236\" img_size=\"full\" alignment=\"right\" css=\"\"]Colaboradores Ativos e Espor\u00e1dicos [vc_single_image image=\"24994\" img_size=\"215x294\" alignment=\"center\" css=\"\"]Raquel Oliveira [vc_empty_space][vc_single_image image=\"24995\" img_size=\"215x294\" alignment=\"center\" css=\"\"]Sagaz [vc_single_image image=\"24989\" img_size=\"215x294\" alignment=\"center\" css=\"\"]F\u00e1bio Bastos [vc_empty_space][vc_single_image image=\"24996\" img_size=\"215x294\" alignment=\"center\" css=\"\"]Talita Sueli [vc_single_image image=\"24988\" img_size=\"215x294\" alignment=\"center\" css=\"\"]Andrea Zeccato [vc_empty_space][vc_single_image image=\"24997\" img_size=\"215x294\" alignment=\"center\" css=\"\"]Victor Vitt\u00f3ria [vc_single_image image=\"24992\" img_size=\"215x294\" alignment=\"center\" css=\"\"]J\u00falio Costa [vc_empty_space][vc_single_image image=\"24993\" img_size=\"215x294\" alignment=\"center\" css=\"\"]Luiz Santos [vc_single_image image=\"24991\" img_size=\"215x294\" alignment=\"center\" css=\"\"]Jean Jesus [vc_empty_space][vc_single_image image=\"24990\" img_size=\"215x294\" alignment=\"center\" css=\"\"]G\u00e9ssica Lima","protected":false},"author":1,"featured_media":0,"parent":0,"menu_order":0,"comment_status":"closed","ping_status":"closed","template":"","meta":{"give_campaign_id":0,"footnotes":""},"class_list":["post-22657","page","type-page","status-publish","hentry"],"campaignId":"","_links":{"self":[{"href":"https:\/\/icbie.net.br\/pt\/wp-json\/wp\/v2\/pages\/22657","targetHints":{"allow":["GET"]}}],"collection":[{"href":"https:\/\/icbie.net.br\/pt\/wp-json\/wp\/v2\/pages"}],"about":[{"href":"https:\/\/icbie.net.br\/pt\/wp-json\/wp\/v2\/types\/page"}],"author":[{"embeddable":true,"href":"https:\/\/icbie.net.br\/pt\/wp-json\/wp\/v2\/users\/1"}],"replies":[{"embeddable":true,"href":"https:\/\/icbie.net.br\/pt\/wp-json\/wp\/v2\/comments?post=22657"}],"version-history":[{"count":5,"href":"https:\/\/icbie.net.br\/pt\/wp-json\/wp\/v2\/pages\/22657\/revisions"}],"predecessor-version":[{"id":26184,"href":"https:\/\/icbie.net.br\/pt\/wp-json\/wp\/v2\/pages\/22657\/revisions\/26184"}],"wp:attachment":[{"href":"https:\/\/icbie.net.br\/pt\/wp-json\/wp\/v2\/media?parent=22657"}],"curies":[{"name":"wp","href":"https:\/\/api.w.org\/{rel}","templated":true}]}}