{"id":22545,"date":"2021-06-02T16:34:38","date_gmt":"2021-06-02T16:34:38","guid":{"rendered":"https:\/\/icbie.net.br\/?page_id=22545"},"modified":"2025-03-10T12:55:40","modified_gmt":"2025-03-10T12:55:40","slug":"o-casarao","status":"publish","type":"page","link":"https:\/\/icbie.net.br\/pt\/o-casarao\/","title":{"rendered":"O CASAR\u00c3O"},"content":{"rendered":"<div class=\"wpb-content-wrapper\"><section class=\"vc_row wpb_row vc_row-fluid\"><div class=\"wpb_column vc_column_container vc_col-sm-12  col-xs-mobile-fullwidth\"><div class=\"vc_column-inner \"><div class=\"wpb_wrapper\"><div class=\"last-paragraph-no-margin\" style=\"color: #000000;\"><h3 style=\"text-align: center;\"><strong>O Casar\u00e3o<\/strong><\/h3>\n<\/div><div class=\"vc_row wpb_row vc_inner vc_row-fluid\"><div class=\"wpb_column vc_column_container vc_col-sm-3\/5  col-xs-mobile-fullwidth\"><div class=\"vc_column-inner \"><div class=\"wpb_wrapper\">[vc_empty_space]<div class=\"last-paragraph-no-margin\" style=\"color: #000000;\"><p style=\"text-align: justify;\"><span style=\"font-weight: 400;\">A estrutura arquitet\u00f4nica da sede do ICBIE \u00e9 composta de tr\u00eas pavimentos que remonta ao in\u00edcio do s\u00e9culo XX, mas talvez os primeiros trabalhos de constru\u00e7\u00e3o do edif\u00edcio tenham sido iniciados no final do s\u00e9culo XIX.<\/span><\/p>\n<p style=\"text-align: justify;\"><span style=\"font-weight: 400;\">O estilo ecl\u00e9tico parece se misturar a um sereno e elegante estilo liberty, com alguma coisa do estilo barroco e influ\u00eancias cl\u00e1ssicas inglesas, que transparecem n\u00e3o somente no tamanho das janelas como tamb\u00e9m na geometria delas.<\/span><\/p>\n<p style=\"text-align: justify;\"><span style=\"font-weight: 400;\">De fato, possui um t\u00edmpano a leste e outro a oeste, com pilares e capit\u00e9is falsos, decora\u00e7\u00f5es com conchas de vieira, marisco que simboliza a riqueza, e com coroas florais e tr\u00eas c\u00edrculos, que seguramente retratam alguma simbologia esot\u00e9rica, provavelmente importante para a fam\u00edlia contratante ou mesmo para o arquiteto.\u00a0<\/span><\/p>\n<\/div><\/div><\/div><\/div><div class=\"wpb_column vc_column_container vc_col-has-fill vc_col-sm-2\/5  col-xs-mobile-fullwidth\"><div class=\"vc_column-inner vc_custom_1622664297759\"><div class=\"wpb_wrapper\">[vc_empty_space][vc_gallery interval=&#8221;0&#8243; images=&#8221;25367,25369,25371&#8243; img_size=&#8221;full&#8221;]<\/div><\/div><\/div><\/div><\/div><\/div><\/div><div class=\"wpb_column vc_column_container  col-xs-mobile-fullwidth\"><div class=\"vc_column-inner \"><div class=\"wpb_wrapper\"><div class=\"vc_row wpb_row vc_inner vc_row-fluid\"><div class=\"wpb_column vc_column_container vc_col-sm-3\/5  col-xs-mobile-fullwidth\"><div class=\"vc_column-inner \"><div class=\"wpb_wrapper\"><div class=\"last-paragraph-no-margin\" style=\"color: #000000;\"><p style=\"text-align: justify;\"><span style=\"font-weight: 400;\">Na entrada est\u00e1 localizado o ambiente onde hospeda o ME.PE. Mem\u00f3rias da Pen\u00ednsula.<\/span><\/p>\n<p style=\"text-align: justify;\"><span style=\"font-weight: 400;\">Um p\u00e1tio d\u00e1 acesso aos ambientes principais, que abrigam uma sala de estudos conjugada \u00e0 Biblioteca e outras tr\u00eas salas para a administra\u00e7\u00e3o e organiza\u00e7\u00e3o interna.<\/span><\/p>\n<p style=\"text-align: justify;\"><span style=\"font-weight: 400;\">Um sal\u00e3o com vista para o mar para mostras e confer\u00eancias\u00a0 que liga os dois pavimentos atrav\u00e9s de uma escada helicoidal em jacarand\u00e1. No andar superior h\u00e1 outro sal\u00e3o com vista para o mar.<br \/>\n<\/span><span style=\"font-weight: 400;\">Como instala\u00e7\u00f5es higi\u00eanicas dispomos de quatro sanit\u00e1rios bem distribu\u00eddos.<br \/>\n<\/span><span style=\"font-weight: 400;\">No segundo andar temos tamb\u00e9m os c\u00f4modos de acesso restrito com mais 3 salas e um, grande sal\u00e3o, cozinha e banheiro.<\/span><\/p>\n<p style=\"text-align: justify;\"><span style=\"font-weight: 400;\"><br \/>\n<\/span><span style=\"font-weight: 400;\">As paredes s\u00f3lidas foram assentadas com uma mistura de \u00f3leo de baleia, tijolos e argamassa. O ch\u00e3o \u00e9 forrado com assoalhos de madeira nobre, restaurado sem alterar a estrutura original. Foram restauradas cerca 40 janelas e 20 portas e reconstru\u00eddo o telhado de madeira com telhas em cer\u00e2mica mantendo a estrutura antiga. A instala\u00e7\u00e3o El\u00e9trica foi totalmente renovada, interven\u00e7\u00e3o urgente e necess\u00e1ria para evitar um poss\u00edvel inc\u00eandio, considerando as condi\u00e7\u00f5es desastrosas em que se encontrava anteriormente.<\/span><\/p>\n<p style=\"text-align: justify;\"><span style=\"font-weight: 400;\">Como outros pr\u00e9dios do bairro da Ribeira, a sede foi constru\u00edda como uma grande casa de veraneio, a 6 km do Pelourinho e do Mercado Modelo, na \u00e9poca \u00e1rea portu\u00e1ria e mercantil ativa da cidade de Salvador.\u00a0 A parte final da Pen\u00ednsula de Itapagipe era ent\u00e3o uma fazenda, ou melhor, uma grande propriedade que pertencia \u00e0 rica fam\u00edlia de armadores Amado Bahia.<br \/>\n<\/span><\/p>\n<\/div><\/div><\/div><\/div><div class=\"wpb_column vc_column_container vc_col-sm-2\/5  col-xs-mobile-fullwidth\"><div class=\"vc_column-inner \"><div class=\"wpb_wrapper\">[vc_gallery interval=&#8221;0&#8243; images=&#8221;25376,25377,25378,25379,25380&#8243; img_size=&#8221;full&#8221;][vc_gallery interval=&#8221;0&#8243; images=&#8221;25381,25382,25383,25384,25385&#8243; img_size=&#8221;full&#8221;]<\/div><\/div><\/div><\/div><\/div><\/div><\/div><div class=\"wpb_column vc_column_container  col-xs-mobile-fullwidth\"><div class=\"vc_column-inner \"><div class=\"wpb_wrapper\"><div class=\"last-paragraph-no-margin\" style=\"color: #000000;\"><p style=\"text-align: justify;\"><span style=\"font-weight: 400;\">A mesma fam\u00edlia que construiu, quase contemporaneamente, o famoso Solar Amado-Bahia, monumento protegido pelo Governo Federal, uma \u201cVersailles\u201d em miniatura para a alta burguesia baiana. (Neste solar j\u00e1 funcionou uma escola e atualmente foi reformado e abriga o Museu do Sorvete, contando a hist\u00f3ria do sorvete e da fam\u00edlia Amado Bahia e ao fundo tem uma sorveteria).<\/span><\/p>\n<p style=\"text-align: justify;\"><span style=\"font-weight: 400;\">Assim come\u00e7aram a surgir naquela \u00e9poca tantas outras constru\u00e7\u00f5es t\u00edpicas, no in\u00edcio para os numerosos filhos, netos e bisnetos da fam\u00edlia Amado Bahia, e se sup\u00f5e que muitos terrenos foram vendidos para dividir a grande fazenda em pequenas propriedades. Esta suposi\u00e7\u00e3o vem da rapidez com a qual foi edificada uma grande quantidade de pequenas casas entre as d\u00e9cadas de 1910 e 1930, isso considerando que talvez a fam\u00edlia fosse composta de cerca trezentos membros.\u00a0 A nossa sede, pertencia evidentemente a um neto da fam\u00edlia, pois se distingue pelas suas propor\u00e7\u00f5es discretamente imponentes e de serena e s\u00f3bria eleg\u00e2ncia.<\/span><\/p>\n<p style=\"text-align: justify;\"><span style=\"font-weight: 400;\">A partir dos anos 50 foi sede do Esporte Clube Bahia de Futebol que provavelmente o alugou\u00a0 at\u00e9 o final dos anos 60. Conta-se na regi\u00e3o que Dona Raquel a descendente mais idosa da fam\u00edlia Bahia Ramos\u00a0 viveu neste casar\u00e3o at\u00e9 o in\u00edcio dos anos \u201970 e conservou bem o edif\u00edcio.<\/span><span style=\"font-weight: 400;\">A degrada\u00e7\u00e3o do im\u00f3vel come\u00e7ou durante os anos 80 e 90.<\/span><\/p>\n<p style=\"text-align: justify;\"><span style=\"font-weight: 400;\">Entre o final dos anos 90 ao final de\u00a0 2003, foi alugado e funcionou diversas atividades como ateli\u00ea de um pintor e escultor,\u00a0 mais de um restaurante, uma tipografia, um night club, uma ag\u00eancia de servi\u00e7os, um laborat\u00f3rio de artesanato, um dep\u00f3sito de g\u00e1s, uma oficina de bicicletas, etc.<\/span><\/p>\n<\/div>[vc_empty_space height=&#8221;24px&#8221;]<div class=\"vc_row wpb_row vc_inner vc_row-fluid\"><div class=\"wpb_column vc_column_container vc_col-sm-6  col-xs-mobile-fullwidth\"><div class=\"vc_column-inner \"><div class=\"wpb_wrapper\">[vc_gallery interval=&#8221;0&#8243; images=&#8221;25386,25387,25388,25389&#8243; img_size=&#8221;full&#8221;]<\/div><\/div><\/div><div class=\"wpb_column vc_column_container vc_col-sm-6  col-xs-mobile-fullwidth\"><div class=\"vc_column-inner \"><div class=\"wpb_wrapper\">[vc_gallery interval=&#8221;0&#8243; images=&#8221;25391,25392,25393,25394,25395&#8243; img_size=&#8221;full&#8221;]<\/div><\/div><\/div><\/div>[vc_empty_space height=&#8221;24px&#8221;]<div class=\"vc_row wpb_row vc_inner vc_row-fluid\"><div class=\"wpb_column vc_column_container vc_col-sm-12  col-xs-mobile-fullwidth\"><div class=\"vc_column-inner \"><div class=\"wpb_wrapper\"><div class=\"last-paragraph-no-margin\" style=\"color: #000000;\"><h6 style=\"text-align: left;\"><strong><em>RESTAURA\u00c7\u00c3O<\/em><\/strong><\/h6>\n<\/div><div class=\"last-paragraph-no-margin\" style=\"color: #000000;\"><p>Quando Chegamos encontramos o telhado completamente arruinado, as madeiras eram devoradas pelos terr\u00edveis cupins tropicais, havia fissuras no reboco das paredes internas, a instala\u00e7\u00e3o el\u00e9trica estava muito comprometida, havia infiltra\u00e7\u00f5es de \u00e1gua, os sanit\u00e1rios encontravam-se em p\u00e9ssimas condi\u00e7\u00f5es de uso, al\u00e9m das portas e janelas mal colocadas, assoalhos e forros com rachaduras na madeira ou completamente soltos.<\/p>\n<p>Por\u00e9m, guiada por um grande entusiasmo, a restaura\u00e7\u00e3o inicial e urgente foi r\u00e1pida e quase milagrosa. Restitu\u00edmos ao edif\u00edcio sua hist\u00f3ria e juventude, ou seja, uma nova vida. Hoje n\u00e3o se trata mais de um monumento abandonado, decadente, como, infelizmente, existem tantos outros nas partes mais belas e antigas de Salvador e que quase sempre s\u00e3o escandalosamente derrubados para a reconstru\u00e7\u00e3o de modernos edif\u00edcios.<\/p>\n<p>Al\u00e9m do casar\u00e3o descrito acima com entrada pela Rua Porto dos Tainheiros a associa\u00e7\u00e3o conta com uma estrutura f\u00edsica ampla na parte dos fundos e por ser um im\u00f3vel de esquina disp\u00f5e tamb\u00e9m de uma entrada lateral na Rua J\u00falio David.<\/p>\n<p>A entrada lateral d\u00e1 acesso a uma sala multifuncional para proje\u00e7\u00e3o de filmes, atividades esportivas, espet\u00e1culos c\u00eanicos e outros tipos de eventos, al\u00e9m de uma sala de aula mais dois banheiros e um espa\u00e7o ao ar livre com cerca 150m2.<\/p>\n<\/div><\/div><\/div><\/div><\/div><\/div><\/div><\/div><\/section>\n<\/div>","protected":false},"excerpt":{"rendered":"O Casar\u00e3o [vc_empty_space]A estrutura arquitet\u00f4nica da sede do ICBIE \u00e9 composta de tr\u00eas pavimentos que remonta ao in\u00edcio do s\u00e9culo XX, mas talvez os primeiros trabalhos de constru\u00e7\u00e3o do edif\u00edcio tenham sido iniciados no final do s\u00e9culo XIX. O estilo ecl\u00e9tico parece se misturar a um sereno e elegante estilo liberty, com alguma coisa do estilo barroco e influ\u00eancias cl\u00e1ssicas inglesas, que transparecem n\u00e3o somente no tamanho das janelas como tamb\u00e9m na geometria delas. De fato, possui um t\u00edmpano a leste e outro a oeste, com pilares e capit\u00e9is falsos, decora\u00e7\u00f5es com conchas de vieira, marisco que simboliza a riqueza, e com coroas florais e tr\u00eas c\u00edrculos, que seguramente retratam alguma simbologia esot\u00e9rica, provavelmente importante para a fam\u00edlia contratante ou mesmo para o arquiteto.\u00a0 [vc_empty_space][vc_gallery interval=\"0\" images=\"25367,25369,25371\" img_size=\"full\"]Na entrada est\u00e1 localizado o ambiente onde hospeda o ME.PE. Mem\u00f3rias da Pen\u00ednsula. Um p\u00e1tio d\u00e1 acesso aos ambientes principais, que abrigam uma sala de estudos conjugada \u00e0 Biblioteca e outras tr\u00eas salas para a administra\u00e7\u00e3o e organiza\u00e7\u00e3o interna. Um sal\u00e3o com vista para o mar para mostras e confer\u00eancias\u00a0 que liga os dois pavimentos atrav\u00e9s de uma escada helicoidal em jacarand\u00e1. No andar superior h\u00e1 outro sal\u00e3o com vista para o mar....","protected":false},"author":1,"featured_media":0,"parent":0,"menu_order":0,"comment_status":"closed","ping_status":"closed","template":"","meta":{"give_campaign_id":0,"footnotes":""},"class_list":["post-22545","page","type-page","status-publish","hentry"],"campaignId":"","_links":{"self":[{"href":"https:\/\/icbie.net.br\/pt\/wp-json\/wp\/v2\/pages\/22545","targetHints":{"allow":["GET"]}}],"collection":[{"href":"https:\/\/icbie.net.br\/pt\/wp-json\/wp\/v2\/pages"}],"about":[{"href":"https:\/\/icbie.net.br\/pt\/wp-json\/wp\/v2\/types\/page"}],"author":[{"embeddable":true,"href":"https:\/\/icbie.net.br\/pt\/wp-json\/wp\/v2\/users\/1"}],"replies":[{"embeddable":true,"href":"https:\/\/icbie.net.br\/pt\/wp-json\/wp\/v2\/comments?post=22545"}],"version-history":[{"count":45,"href":"https:\/\/icbie.net.br\/pt\/wp-json\/wp\/v2\/pages\/22545\/revisions"}],"predecessor-version":[{"id":26143,"href":"https:\/\/icbie.net.br\/pt\/wp-json\/wp\/v2\/pages\/22545\/revisions\/26143"}],"wp:attachment":[{"href":"https:\/\/icbie.net.br\/pt\/wp-json\/wp\/v2\/media?parent=22545"}],"curies":[{"name":"wp","href":"https:\/\/api.w.org\/{rel}","templated":true}]}}