{"id":22439,"date":"2021-05-29T02:33:21","date_gmt":"2021-05-29T02:33:21","guid":{"rendered":"https:\/\/icbie.net.br\/?page_id=22439"},"modified":"2025-03-10T14:29:59","modified_gmt":"2025-03-10T14:29:59","slug":"o-icbie-hoje","status":"publish","type":"page","link":"https:\/\/icbie.net.br\/pt\/o-icbie-hoje\/","title":{"rendered":"O ICBIE HOJE"},"content":{"rendered":"<div class=\"wpb-content-wrapper\"><section class=\"vc_row wpb_row vc_row-fluid   wow fadeIn\"><div class=\"wpb_column vc_column_container vc_col-sm-12  col-xs-mobile-fullwidth\"><div class=\"vc_column-inner \"><div class=\"wpb_wrapper\"><div class=\"last-paragraph-no-margin\" style=\"color: #000000;\"><h3 style=\"text-align: center;\"><strong>O ICBIE HOJE<\/strong><\/h3>\n<\/div>[vc_empty_space]<div class=\"last-paragraph-no-margin\" style=\"color: #000000;\"><p style=\"text-align: justify;\">Gra\u00e7as \u00e0s atividades realizadas a partir da sua abertura, o ICBIE foi agraciado com diversos pr\u00eamios e condecora\u00e7\u00f5es nacionais e internacionais, que destacam e celebram suas iniciativas culturais, reconhecendo seu papel como agente transformador e seu impacto social para a comunidade da Pen\u00ednsula de Itapagipe (Salvador, Bahia).<\/p>\n<p style=\"text-align: justify;\">Algumas das premia\u00e7\u00f5es conferidas ao ICBIE:<\/p>\n<ul style=\"text-align: justify;\">\n<li>Contemplado como Ponto de Leitura na edi\u00e7\u00e3o de 2010 do Pr\u00eamio Mais Cultura de Pontos de Leitura do Estado da Bahia com o projeto: Leitura e cidadania, irm\u00e3s g\u00eameas 2011 \u2013 Funda\u00e7\u00e3o Pedro Calmon;<\/li>\n<li>T\u00edtulo de Amigo do Remo Baiano, concedido pela Federa\u00e7\u00e3o dos Clubes de Regatas da Bahia em 11 de dezembro de 2011.<\/li>\n<\/ul>\n<ul style=\"text-align: justify;\">\n<li>T\u00edtulo de Utilidade P\u00fablica Estadual, publicado no Di\u00e1rio Oficial dia 18 de dezembro de 2014 \u2013 Lei n\u00ba 2106\/2014;<\/li>\n<\/ul>\n<ul style=\"text-align: justify;\">\n<li>Solicita\u00e7\u00e3o para renova\u00e7\u00e3o do t\u00edtulo de Utilidade P\u00fablica Municipal (Lei n\u00ba 8.688\/2014) pela Vereadora Aladilce Souza (PCdoB) em 07 de janeiro de 2020.<\/li>\n<\/ul>\n<ul style=\"text-align: justify;\">\n<li>Selecionado como Ponto de Cultura no \u00e2mbito da Lei Cultura Viva (Edital 2014) \u2013 Secretaria de Cultura \u2013 Governo da Bahia;<\/li>\n<\/ul>\n<ul style=\"text-align: justify;\">\n<li>Contemplado com o Pr\u00eamio Simpatia \u2013 edi\u00e7\u00e3o 2016, por iniciativa da Prefeitura de Roma na It\u00e1lia.<\/li>\n<\/ul>\n<div class=\"elementor-element elementor-element-6fcfc72a elementor-widget elementor-widget-text-editor\" style=\"text-align: justify;\" data-id=\"6fcfc72a\" data-element_type=\"widget\" data-widget_type=\"text-editor.default\">\n<div class=\"elementor-widget-container\">\n<div class=\"elementor-text-editor elementor-clearfix\">\n<p>O ICBIE atua sem contar com apoio financeiro constante ou regular para realizar eventos pontuais, o que representa um grande obst\u00e1culo para a execu\u00e7\u00e3o das atividades. A falta de patroc\u00ednio prejudica a const\u00e2ncia da realiza\u00e7\u00e3o de iniciativas culturais e sociais, o que inviabiliza um melhor desenvolvimento da cena art\u00edstico-cultural da Cidade Baixa de Salvador.<\/p>\n<\/div>\n<\/div>\n<\/div>\n<div class=\"elementor-element elementor-element-ffc90c3 elementor-widget elementor-widget-text-editor\" data-id=\"ffc90c3\" data-element_type=\"widget\" data-widget_type=\"text-editor.default\">\n<div class=\"elementor-widget-container\">\n<div class=\"elementor-text-editor elementor-clearfix\">\n<p style=\"text-align: justify;\">Atualmente, para a realiza\u00e7\u00e3o das suas diferentes atividades, o ICBIE conta com o trabalho volunt\u00e1rio de uma equipe de cerca de 5 pessoas. Por ocasi\u00e3o de eventos mais importantes, \u00e9 poss\u00edvel contar com mais 4 ou 5 pessoas, que dependendo da disponibilidade de recursos financeiros podem ser recompensadas.<\/p>\n<p style=\"text-align: justify;\">O ICBIE vive de doa\u00e7\u00f5es de s\u00f3cios e amigos principalmente do exterior, e n\u00e3o recebe apoio econ\u00f4mico\u00a0continuativo\u00a0de nenhuma institui\u00e7\u00e3o oficial, seja italiana, europeia ou brasileira. Desse modo, infelizmente, apenas esporadicamente podemos lan\u00e7ar e executar projetos que s\u00e3o aprovados atrav\u00e9s da participa\u00e7\u00e3o em editais p\u00fablicos. Por esse meio \u00e9 poss\u00edvel obter recursos para compras de equipamentos e para o custeio, de acordo com as determina\u00e7\u00f5es dos editais<\/p>\n<\/div>\n<\/div>\n<\/div>\n<\/div>[vc_empty_space]<div class=\"last-paragraph-no-margin\"><div class=\"_df_book df-lite\" id=\"df_23546\"  _slug=\"estatuto-social\" data-title=\"estatuto-social\" wpoptions=\"true\" thumbtype=\"\" ><\/div><script class=\"df-shortcode-script\" nowprocket type=\"application\/javascript\">window.option_df_23546 = {\"outline\":[],\"autoEnableOutline\":\"false\",\"autoEnableThumbnail\":\"false\",\"overwritePDFOutline\":\"false\",\"direction\":\"1\",\"pageSize\":\"0\",\"source\":\"https:\\\/\\\/icbie.net.br\\\/wp-content\\\/uploads\\\/2024\\\/02\\\/REFORMA-ESTATUTO.pdf\",\"wpOptions\":\"true\"}; if(window.DFLIP && window.DFLIP.parseBooks){window.DFLIP.parseBooks();}<\/script>\n<\/div><\/div><\/div><\/div><\/section>\n<\/div>","protected":false},"excerpt":{"rendered":"O ICBIE HOJE [vc_empty_space]Gra\u00e7as \u00e0s atividades realizadas a partir da sua abertura, o ICBIE foi agraciado com diversos pr\u00eamios e condecora\u00e7\u00f5es nacionais e internacionais, que destacam e celebram suas iniciativas culturais, reconhecendo seu papel como agente transformador e seu impacto social para a comunidade da Pen\u00ednsula de Itapagipe (Salvador, Bahia). Algumas das premia\u00e7\u00f5es conferidas ao ICBIE: Contemplado como Ponto de Leitura na edi\u00e7\u00e3o de 2010 do Pr\u00eamio Mais Cultura de Pontos de Leitura do Estado da Bahia com o projeto: Leitura e cidadania, irm\u00e3s g\u00eameas 2011 \u2013 Funda\u00e7\u00e3o Pedro Calmon; T\u00edtulo de Amigo do Remo Baiano, concedido pela Federa\u00e7\u00e3o dos Clubes de Regatas da Bahia em 11 de dezembro de 2011. T\u00edtulo de Utilidade P\u00fablica Estadual, publicado no Di\u00e1rio Oficial dia 18 de dezembro de 2014 \u2013 Lei n\u00ba 2106\/2014; Solicita\u00e7\u00e3o para renova\u00e7\u00e3o do t\u00edtulo de Utilidade P\u00fablica Municipal (Lei n\u00ba 8.688\/2014) pela Vereadora Aladilce Souza (PCdoB) em 07 de janeiro de 2020. Selecionado como Ponto de Cultura no \u00e2mbito da Lei Cultura Viva (Edital 2014) \u2013 Secretaria de Cultura \u2013 Governo da Bahia; Contemplado com o Pr\u00eamio Simpatia \u2013 edi\u00e7\u00e3o 2016, por iniciativa da Prefeitura de Roma na It\u00e1lia. O ICBIE atua sem contar com apoio financeiro constante ou...","protected":false},"author":1,"featured_media":0,"parent":0,"menu_order":0,"comment_status":"closed","ping_status":"closed","template":"","meta":{"give_campaign_id":0,"footnotes":""},"class_list":["post-22439","page","type-page","status-publish","hentry"],"campaignId":"","_links":{"self":[{"href":"https:\/\/icbie.net.br\/pt\/wp-json\/wp\/v2\/pages\/22439","targetHints":{"allow":["GET"]}}],"collection":[{"href":"https:\/\/icbie.net.br\/pt\/wp-json\/wp\/v2\/pages"}],"about":[{"href":"https:\/\/icbie.net.br\/pt\/wp-json\/wp\/v2\/types\/page"}],"author":[{"embeddable":true,"href":"https:\/\/icbie.net.br\/pt\/wp-json\/wp\/v2\/users\/1"}],"replies":[{"embeddable":true,"href":"https:\/\/icbie.net.br\/pt\/wp-json\/wp\/v2\/comments?post=22439"}],"version-history":[{"count":21,"href":"https:\/\/icbie.net.br\/pt\/wp-json\/wp\/v2\/pages\/22439\/revisions"}],"predecessor-version":[{"id":26182,"href":"https:\/\/icbie.net.br\/pt\/wp-json\/wp\/v2\/pages\/22439\/revisions\/26182"}],"wp:attachment":[{"href":"https:\/\/icbie.net.br\/pt\/wp-json\/wp\/v2\/media?parent=22439"}],"curies":[{"name":"wp","href":"https:\/\/api.w.org\/{rel}","templated":true}]}}