{"id":5571,"date":"2017-08-08T10:09:37","date_gmt":"2017-08-08T10:09:37","guid":{"rendered":"https:\/\/pofo.themezaa.com\/?page_id=5571"},"modified":"2025-04-08T02:04:23","modified_gmt":"2025-04-08T02:04:23","slug":"fale-conosco","status":"publish","type":"page","link":"https:\/\/icbie.net.br\/it\/fale-conosco\/","title":{"rendered":"CONTATTI"},"content":{"rendered":"<div class=\"wpb-content-wrapper\"><section data-vc-full-width=\"true\" data-vc-full-width-init=\"false\" class=\"vc_row wpb_row vc_row-fluid   pofo-stretch-content pofo-stretch-row-container\"><div class=\"wpb_column vc_column_container vc_col-sm-1 vc_col-lg-2 vc_col-md-2 vc_hidden-xs col-xs-mobile-fullwidth\"><div class=\"vc_column-inner \"><div class=\"wpb_wrapper\"><\/div><\/div><\/div><div class=\"wpb_column vc_column_container vc_col-sm-10 vc_col-lg-8 vc_col-md-8 col-xs-mobile-fullwidth text-center\"><div class=\"vc_column-inner \"><div class=\"wpb_wrapper\"><div class=\"last-paragraph-no-margin\" style=\"color: #000000;\"><h4 style=\"text-align: center;\"><strong>Benvenuti nella pagina di contatto dell\u00b4ICBIE<\/strong><\/h4>\n<\/div><div class=\" vc_custom_1623020289907 last-paragraph-no-margin pofo-text-block-responsive-69ea41a280dc7\" style=\"width: 100%;\"><p>Utilizza il formulario in basso per scriverci un messaggio:<\/p>\n<\/div><\/div><\/div><\/div><div class=\"wpb_column vc_column_container vc_col-sm-1 vc_col-lg-2 vc_col-md-2 vc_hidden-xs col-xs-mobile-fullwidth\"><div class=\"vc_column-inner \"><div class=\"wpb_wrapper\"><\/div><\/div><\/div><div class=\"wpb_column vc_column_container  col-xs-mobile-fullwidth\"><div class=\"vc_column-inner \"><div class=\"wpb_wrapper\"><div class=\"vc_row wpb_row vc_inner vc_row-fluid   wow fadeIn\"><div class=\"wpb_column vc_column_container vc_col-sm-4 vc_col-md-4 vc_col-xs-12 wow fadeInUp text-center\" data-wow-delay= 400ms><div class=\"vc_column-inner \"><div class=\"wpb_wrapper\"><div class=\"featurebox21 pofo-featurebox  vc_custom_1622770277606 pofo-feature-box-responsive-69ea41a2811e5 featurebox21-1\" ><div class=\"display-inline-block margin-25px-bottom sm-margin-15px-bottom xs-margin-10px-bottom\"><img decoding=\"async\" src=\"https:\/\/icbie.net.br\/wp-content\/uploads\/2021\/05\/flag-bra.jpg\" alt=\"\" class=\"icon-image\"\/><\/div><span class=\"text-extra-dark-gray display-inline-block width-100 text-small font-weight-600 alt-font margin-5px-bottom\" style=\"font-size: 14px; line-height: 24px;\" data-fontsize=\"14px\" data-lineheight=\"24px\">ICBIE - BRASIL<\/span><div class=\"xs-margin-10px-bottom center-col last-paragraph-no-margin\"><p>R. J\u00falio David, 57<br \/>\nRibeira, Salvador &#8211; Bahia<\/p>\n<p>+55 (71) 3207 7717<br \/>\n<a href=\"mailto:contato@icbie.net.br\">contato@icbie.net.br<\/a><\/p>\n<div class=\"elementor-element elementor-element-3da95c1 elementor-widget elementor-widget-heading animated slideInUp\" data-id=\"3da95c1\" data-element_type=\"widget\" data-settings=\"{\"_animation\":\"slideInUp\",\"_animation_delay\":800}\" data-widget_type=\"heading.default\">\n<div class=\"elementor-widget-container\"><\/div>\n<\/div>\n<\/div><\/div><\/div><\/div><\/div><div class=\"wpb_column vc_column_container vc_col-sm-4 vc_col-md-4 vc_col-xs-12 wow fadeInUp text-center\" data-wow-delay= 400ms><div class=\"vc_column-inner \"><div class=\"wpb_wrapper\"><div class=\"featurebox21 pofo-featurebox  vc_custom_1623020544867 pofo-feature-box-responsive-69ea41a2812d1 featurebox21-2\" ><div class=\"display-inline-block margin-25px-bottom sm-margin-15px-bottom xs-margin-10px-bottom\"><i class=\"link-icon display-block icon-clock icon-medium\"><\/i><\/div><span class=\"text-extra-dark-gray display-inline-block width-100 text-small font-weight-600 alt-font margin-5px-bottom\" style=\"font-size: 14px; line-height: 24px;\" data-fontsize=\"14px\" data-lineheight=\"24px\">Apertura al pubblico<\/span><div class=\"xs-margin-10px-bottom center-col last-paragraph-no-margin\"><p>Marted\u00ec e Gioved\u00cc<br \/>\ndalle 10 alle 18<br \/>\n(CHIUSO PER PRANZO dalle 13 alle 14:30)<\/p>\n<\/div><\/div><\/div><\/div><\/div><div class=\"wpb_column vc_column_container vc_col-sm-4 vc_col-md-4 vc_col-xs-12 wow fadeInUp text-center\" data-wow-delay= 400ms><div class=\"vc_column-inner \"><div class=\"wpb_wrapper\"><div class=\"featurebox21 pofo-featurebox  vc_custom_1642787057403 pofo-feature-box-responsive-69ea41a281534 featurebox21-3\" ><div class=\"display-inline-block margin-25px-bottom sm-margin-15px-bottom xs-margin-10px-bottom\"><img decoding=\"async\" src=\"https:\/\/icbie.net.br\/wp-content\/uploads\/2021\/05\/flag-ita.jpg\" alt=\"\" class=\"icon-image\"\/><\/div><span class=\"text-extra-dark-gray display-inline-block width-100 text-small font-weight-600 alt-font margin-5px-bottom\" style=\"font-size: 14px; line-height: 24px;\" data-fontsize=\"14px\" data-lineheight=\"24px\">Europa Onlus<\/span><div class=\"xs-margin-10px-bottom center-col last-paragraph-no-margin\"><p><span style=\"color: #3366ff;\">Corrispondente in Italia<\/span><br \/>\nLungotevere Degli Artigiani<br \/>\nN \u00b0 28, 00153 Roma<\/p>\n<p>+39 06 89010848<br \/>\n<a href=\"mailto:info@icbieuropaonlus.org\">info@icbieuropaonlus.org<\/a><\/p>\n<\/div><\/div><\/div><\/div><\/div><\/div><\/div><\/div><\/div><div class=\"wpb_column vc_column_container  col-xs-mobile-fullwidth text-center\"><div class=\"vc_column-inner \"><div class=\"wpb_wrapper\">\n<div class=\"wpcf7 no-js\" id=\"wpcf7-f2941-o1\" lang=\"en-US\" dir=\"ltr\" data-wpcf7-id=\"2941\">\n<div class=\"screen-reader-response\"><p role=\"status\" aria-live=\"polite\" aria-atomic=\"true\"><\/p> <ul><\/ul><\/div>\n<form action=\"\/it\/wp-json\/wp\/v2\/pages\/5571#wpcf7-f2941-o1\" method=\"post\" class=\"wpcf7-form init\" aria-label=\"Contact form\" novalidate=\"novalidate\" data-status=\"init\">\n<fieldset class=\"hidden-fields-container\"><input type=\"hidden\" name=\"_wpcf7\" value=\"2941\" \/><input type=\"hidden\" name=\"_wpcf7_version\" value=\"6.1\" \/><input type=\"hidden\" name=\"_wpcf7_locale\" value=\"en_US\" \/><input type=\"hidden\" name=\"_wpcf7_unit_tag\" value=\"wpcf7-f2941-o1\" \/><input type=\"hidden\" name=\"_wpcf7_container_post\" value=\"0\" \/><input type=\"hidden\" name=\"_wpcf7_posted_data_hash\" value=\"\" \/><input type=\"hidden\" name=\"lang\" value=\"it\" \/>\n<\/fieldset>\n<p>\"Nome *\"\"Telefono\"\"E-mail *\"\"Seleziona l'argomento\" \"Complimenti\" \"Domande\" \"Suggerimenti\"\" Il tuo messaggio\"\"Inviare\"\n<\/p><p style=\"display: none !important;\" class=\"akismet-fields-container\" data-prefix=\"_wpcf7_ak_\"><label>&#916;<textarea name=\"_wpcf7_ak_hp_textarea\" cols=\"45\" rows=\"8\" maxlength=\"100\"><\/textarea><\/label><input type=\"hidden\" id=\"ak_js_1\" name=\"_wpcf7_ak_js\" value=\"137\"\/><script>document.getElementById( \"ak_js_1\" ).setAttribute( \"value\", ( new Date() ).getTime() );<\/script><\/p><div class=\"wpcf7-response-output\" aria-hidden=\"true\"><\/div>\n<\/form>\n<\/div>\n<\/div><\/div><\/div><\/section><div class=\"vc_row-full-width vc_clearfix\"><\/div><section class=\"vc_row wpb_row vc_row-fluid\"><div class=\"wpb_column vc_column_container vc_col-sm-12  col-xs-mobile-fullwidth\"><div class=\"vc_column-inner \"><div class=\"wpb_wrapper\">[vc_gmaps link=&#8221;#E-8_JTNDaWZyYW1lJTIwc3JjJTNEJTIyaHR0cHMlM0ElMkYlMkZ3d3cuZ29vZ2xlLmNvbSUyRm1hcHMlMkZlbWJlZCUzRnBiJTNEJTIxMW0xOCUyMTFtMTIlMjExbTMlMjExZDM4ODguODg0MzQ2MDAxMzY5NSUyMTJkLTM4LjQ5NjIxMzc4Mzg1OTg3JTIxM2QtMTIuOTE1MTU0MTYyMTgwMjA2JTIxMm0zJTIxMWYwJTIxMmYwJTIxM2YwJTIxM20yJTIxMWkxMDI0JTIxMmk3NjglMjE0ZjEzLjElMjEzbTMlMjExbTIlMjExczB4NzE2MGZlNWM2OWQ2MjVmJTI1M0EweDEwNzM5NTU4NWU2MzdjMjklMjEyc0lDQklFJTI1MjBJbnN0aXR1dG8lMjUyMGRlJTI1MjBDdWx0dXJhJTI1MjBCcmFzaWwlMjUyMEl0JTI1QzMlMjVBMWxpYSUyNTIwRXVyb3BhJTIxNWUwJTIxM20yJTIxMXNwdC1CUiUyMTJzYnIlMjE0djE2MjI3Njg3OTIzNDElMjE1bTIlMjExc3B0LUJSJTIxMnNiciUyMiUyMHdpZHRoJTNEJTIyMTAwJTI1JTIyJTIwaGVpZ2h0JTNEJTIyNDUwJTIyJTIwc3R5bGUlM0QlMjJib3JkZXIlM0EwJTNCJTIyJTIwYWxsb3dmdWxsc2NyZWVuJTNEJTIyJTIyJTIwbG9hZGluZyUzRCUyMmxhenklMjIlM0UlM0MlMkZpZnJhbWUlM0U=&#8221;]<\/div><\/div><\/div><\/section>\n<\/div>","protected":false},"excerpt":{"rendered":"Benvenuti nella pagina di contatto dell\u00b4ICBIE Utilizza il formulario in basso per scriverci un messaggio: ICBIE - BRASILR. J\u00falio David, 57 Ribeira, Salvador - Bahia +55 (71) 3207 7717 contato@icbie.net.br Apertura al pubblicoMarted\u00ec e Gioved\u00cc dalle 10 alle 18 (CHIUSO PER PRANZO dalle 13 alle 14:30) Europa OnlusCorrispondente in Italia Lungotevere Degli Artigiani N \u00b0 28, 00153 Roma +39 06 89010848 info@icbieuropaonlus.org \"Nome *\"\"Telefono\"\"E-mail *\"\"Seleziona l'argomento\" \"Complimenti\" \"Domande\" \"Suggerimenti\"\" Il tuo messaggio\"\"Inviare\" &#916; [vc_gmaps link=\"#E-8_JTNDaWZyYW1lJTIwc3JjJTNEJTIyaHR0cHMlM0ElMkYlMkZ3d3cuZ29vZ2xlLmNvbSUyRm1hcHMlMkZlbWJlZCUzRnBiJTNEJTIxMW0xOCUyMTFtMTIlMjExbTMlMjExZDM4ODguODg0MzQ2MDAxMzY5NSUyMTJkLTM4LjQ5NjIxMzc4Mzg1OTg3JTIxM2QtMTIuOTE1MTU0MTYyMTgwMjA2JTIxMm0zJTIxMWYwJTIxMmYwJTIxM2YwJTIxM20yJTIxMWkxMDI0JTIxMmk3NjglMjE0ZjEzLjElMjEzbTMlMjExbTIlMjExczB4NzE2MGZlNWM2OWQ2MjVmJTI1M0EweDEwNzM5NTU4NWU2MzdjMjklMjEyc0lDQklFJTI1MjBJbnN0aXR1dG8lMjUyMGRlJTI1MjBDdWx0dXJhJTI1MjBCcmFzaWwlMjUyMEl0JTI1QzMlMjVBMWxpYSUyNTIwRXVyb3BhJTIxNWUwJTIxM20yJTIxMXNwdC1CUiUyMTJzYnIlMjE0djE2MjI3Njg3OTIzNDElMjE1bTIlMjExc3B0LUJSJTIxMnNiciUyMiUyMHdpZHRoJTNEJTIyMTAwJTI1JTIyJTIwaGVpZ2h0JTNEJTIyNDUwJTIyJTIwc3R5bGUlM0QlMjJib3JkZXIlM0EwJTNCJTIyJTIwYWxsb3dmdWxsc2NyZWVuJTNEJTIyJTIyJTIwbG9hZGluZyUzRCUyMmxhenklMjIlM0UlM0MlMkZpZnJhbWUlM0U=\"]","protected":false},"author":1,"featured_media":0,"parent":0,"menu_order":0,"comment_status":"closed","ping_status":"closed","template":"","meta":{"give_campaign_id":0,"footnotes":""},"class_list":["post-5571","page","type-page","status-publish","hentry"],"campaignId":"","_links":{"self":[{"href":"https:\/\/icbie.net.br\/it\/wp-json\/wp\/v2\/pages\/5571","targetHints":{"allow":["GET"]}}],"collection":[{"href":"https:\/\/icbie.net.br\/it\/wp-json\/wp\/v2\/pages"}],"about":[{"href":"https:\/\/icbie.net.br\/it\/wp-json\/wp\/v2\/types\/page"}],"author":[{"embeddable":true,"href":"https:\/\/icbie.net.br\/it\/wp-json\/wp\/v2\/users\/1"}],"replies":[{"embeddable":true,"href":"https:\/\/icbie.net.br\/it\/wp-json\/wp\/v2\/comments?post=5571"}],"version-history":[{"count":44,"href":"https:\/\/icbie.net.br\/it\/wp-json\/wp\/v2\/pages\/5571\/revisions"}],"predecessor-version":[{"id":26406,"href":"https:\/\/icbie.net.br\/it\/wp-json\/wp\/v2\/pages\/5571\/revisions\/26406"}],"wp:attachment":[{"href":"https:\/\/icbie.net.br\/it\/wp-json\/wp\/v2\/media?parent=5571"}],"curies":[{"name":"wp","href":"https:\/\/api.w.org\/{rel}","templated":true}]}}