{"id":26606,"date":"2026-02-28T18:46:49","date_gmt":"2026-02-28T18:46:49","guid":{"rendered":"https:\/\/icbie.net.br\/pt\/?page_id=26606"},"modified":"2026-03-28T17:17:51","modified_gmt":"2026-03-28T17:17:51","slug":"ebm","status":"publish","type":"page","link":"https:\/\/icbie.net.br\/it\/ebm\/","title":{"rendered":"EBM"},"content":{"rendered":"<div class=\"wpb-content-wrapper\"><section class=\"vc_row wpb_row vc_row-fluid\"><div class=\"wpb_column vc_column_container vc_col-sm-12  col-xs-mobile-fullwidth\"><div class=\"vc_column-inner \"><div class=\"wpb_wrapper\"><div class=\"last-paragraph-no-margin\" style=\"color: #000000;\"><h3 style=\"text-align: center;\"><strong>E.B.M<\/strong><\/h3>\n<\/div>[vc_empty_space]<div class=\"vc_row wpb_row vc_inner vc_row-fluid\"><div class=\"wpb_column vc_column_container vc_col-sm-12  col-xs-mobile-fullwidth\"><div class=\"vc_column-inner \"><div class=\"wpb_wrapper\"><div class=\"last-paragraph-no-margin\" style=\"color: #000000;\"><p><span style=\"font-weight: 400;\">L\u00b4Esposizione vuole dare visibilit\u00e1 ai lavori di artisti poco conosciuti come quadri, artigianato, arti visive, fotografie, ecc. Il Bazar parte dall\u00b4idea di riduzione del consumismo incentivando il riutilizzo. Durante l\u00b4anno riceviamo donazioni di libri, indumenti, scarpe, accessori, che a fine anno vengono venduti nel bazar beneficiente dell\u00b4evento. Per quanto riguarda la Musica, generalmente 5 o 6 gruppi e\/o artisti solisti di differenti stili musicali suonano durante l\u00b4EBM. \u00c9 importante dire che anche se l\u00b4evento si chiama Esposizione, Bazar e Musica, anche altre forme di arte hanno spazio, per esempio, negli intervalli tra un gruppo e l\u00b4altro, possono esserci interventi artistici di giovani poeti, di narratori, ballerini, attori e simili.<\/span><\/p>\n<p><span style=\"font-weight: 400;\">Per l\u00b4Istituto, questo evento \u00e9 una ulteriore opportunit\u00e1 importante di attirare l\u00b4attenzione della comunit\u00e1 sulle attivit\u00e1 artistiche e culturali promosse dall\u00b4ICBIE e per stimolarne la partecipazione e il convolgimento. L\u00b4evento \u00e9 gratuito e aperto a tutti i tipi di pubblico e a tutte le et\u00e1. Per la comunit\u00e0, questo evento rappresenta un&#8217;opportunit\u00e0 di svago culturale e sociale, dove \u00e8 possibile visitare una mostra, imparare a conoscere il consumo consapevole e ascoltare la musica di talenti locali. E per i giovani talenti stessi, questo evento rappresenta un&#8217;opportunit\u00e0 per sbocciare, conquistare ammiratori e dare il via alla propria carriera artistica.<\/span><\/p>\n<p><span style=\"font-weight: 400;\">Il successo delle edizioni gi\u00e1 realizzate \u00e9 visibile nelle foto in basso.<\/span><\/p>\n<\/div>[vc_empty_space]<ul  class=\"portfolio-grid hover-option10 metro-gallery lightbox-portfolio work-6col gutter-medium\"><li class=\"grid-sizer\"><\/li><li class=\"grid-item\"><figure><div class=\"portfolio-img pofo-portfolio-page-background bg-black\"><img loading=\"lazy\" decoding=\"async\" src=\"https:\/\/icbie.net.br\/wp-content\/uploads\/2026\/03\/EBM_20175-300x300.jpg\"  alt=\"\" width=\"300\" height=\"300\" srcset=\"https:\/\/icbie.net.br\/wp-content\/uploads\/2026\/03\/EBM_20175-300x300.jpg 300w, https:\/\/icbie.net.br\/wp-content\/uploads\/2026\/03\/EBM_20175-150x150.jpg 150w, https:\/\/icbie.net.br\/wp-content\/uploads\/2026\/03\/EBM_20175-100x100.jpg 100w\" sizes=\"auto, (max-width: 300px) 100vw, 300px\" class=\"project-img-gallery\" data-no-retina=\"\" \/><\/div><figcaption><div class=\"portfolio-hover-main text-center\"><div class=\"portfolio-hover-box vertical-align-middle\"><div class=\"portfolio-icon\"><a href=\"https:\/\/icbie.net.br\/wp-content\/uploads\/2026\/03\/EBM_20175.jpg\" class=\"gallery-link\" data-group=\"pofo-lightbox-1\" ><i class=\"ti-zoom-in text-white fa-2x\" aria-hidden=\"true\"><\/i><\/a><\/div><\/div><\/div><\/figcaption><figure><\/li><li class=\"grid-item\"><figure><div class=\"portfolio-img pofo-portfolio-page-background bg-black\"><img loading=\"lazy\" decoding=\"async\" src=\"https:\/\/icbie.net.br\/wp-content\/uploads\/2026\/03\/EBM_20171-300x300.jpg\"  alt=\"\" width=\"300\" height=\"300\" srcset=\"https:\/\/icbie.net.br\/wp-content\/uploads\/2026\/03\/EBM_20171-300x300.jpg 300w, https:\/\/icbie.net.br\/wp-content\/uploads\/2026\/03\/EBM_20171-150x150.jpg 150w, https:\/\/icbie.net.br\/wp-content\/uploads\/2026\/03\/EBM_20171-100x100.jpg 100w\" sizes=\"auto, (max-width: 300px) 100vw, 300px\" class=\"project-img-gallery\" data-no-retina=\"\" \/><\/div><figcaption><div class=\"portfolio-hover-main text-center\"><div class=\"portfolio-hover-box vertical-align-middle\"><div class=\"portfolio-icon\"><a href=\"https:\/\/icbie.net.br\/wp-content\/uploads\/2026\/03\/EBM_20171.jpg\" class=\"gallery-link\" data-group=\"pofo-lightbox-1\" ><i class=\"ti-zoom-in text-white fa-2x\" aria-hidden=\"true\"><\/i><\/a><\/div><\/div><\/div><\/figcaption><figure><\/li><li class=\"grid-item\"><figure><div class=\"portfolio-img pofo-portfolio-page-background bg-black\"><img loading=\"lazy\" decoding=\"async\" src=\"https:\/\/icbie.net.br\/wp-content\/uploads\/2026\/03\/EBM-2015-300x300.jpg\"  alt=\"\" width=\"300\" height=\"300\" srcset=\"https:\/\/icbie.net.br\/wp-content\/uploads\/2026\/03\/EBM-2015-300x300.jpg 300w, https:\/\/icbie.net.br\/wp-content\/uploads\/2026\/03\/EBM-2015-150x150.jpg 150w, https:\/\/icbie.net.br\/wp-content\/uploads\/2026\/03\/EBM-2015-100x100.jpg 100w\" sizes=\"auto, (max-width: 300px) 100vw, 300px\" class=\"project-img-gallery\" data-no-retina=\"\" \/><\/div><figcaption><div class=\"portfolio-hover-main text-center\"><div class=\"portfolio-hover-box vertical-align-middle\"><div class=\"portfolio-icon\"><a href=\"https:\/\/icbie.net.br\/wp-content\/uploads\/2026\/03\/EBM-2015-scaled.jpg\" class=\"gallery-link\" data-group=\"pofo-lightbox-1\" ><i class=\"ti-zoom-in text-white fa-2x\" aria-hidden=\"true\"><\/i><\/a><\/div><\/div><\/div><\/figcaption><figure><\/li><li class=\"grid-item\"><figure><div class=\"portfolio-img pofo-portfolio-page-background bg-black\"><img loading=\"lazy\" decoding=\"async\" src=\"https:\/\/icbie.net.br\/wp-content\/uploads\/2026\/03\/EBM-2015-2-300x300.jpg\"  alt=\"\" width=\"300\" height=\"300\" srcset=\"https:\/\/icbie.net.br\/wp-content\/uploads\/2026\/03\/EBM-2015-2-300x300.jpg 300w, https:\/\/icbie.net.br\/wp-content\/uploads\/2026\/03\/EBM-2015-2-150x150.jpg 150w, https:\/\/icbie.net.br\/wp-content\/uploads\/2026\/03\/EBM-2015-2-100x100.jpg 100w\" sizes=\"auto, (max-width: 300px) 100vw, 300px\" class=\"project-img-gallery\" data-no-retina=\"\" \/><\/div><figcaption><div class=\"portfolio-hover-main text-center\"><div class=\"portfolio-hover-box vertical-align-middle\"><div class=\"portfolio-icon\"><a href=\"https:\/\/icbie.net.br\/wp-content\/uploads\/2026\/03\/EBM-2015-2-scaled.jpg\" class=\"gallery-link\" data-group=\"pofo-lightbox-1\" ><i class=\"ti-zoom-in text-white fa-2x\" aria-hidden=\"true\"><\/i><\/a><\/div><\/div><\/div><\/figcaption><figure><\/li><li class=\"grid-item\"><figure><div class=\"portfolio-img pofo-portfolio-page-background bg-black\"><img loading=\"lazy\" decoding=\"async\" src=\"https:\/\/icbie.net.br\/wp-content\/uploads\/2026\/03\/IMG20231217194932-300x300.jpg\"  alt=\"\" width=\"300\" height=\"300\" srcset=\"https:\/\/icbie.net.br\/wp-content\/uploads\/2026\/03\/IMG20231217194932-300x300.jpg 300w, https:\/\/icbie.net.br\/wp-content\/uploads\/2026\/03\/IMG20231217194932-150x150.jpg 150w, https:\/\/icbie.net.br\/wp-content\/uploads\/2026\/03\/IMG20231217194932-100x100.jpg 100w\" sizes=\"auto, (max-width: 300px) 100vw, 300px\" class=\"project-img-gallery\" data-no-retina=\"\" \/><\/div><figcaption><div class=\"portfolio-hover-main text-center\"><div class=\"portfolio-hover-box vertical-align-middle\"><div class=\"portfolio-icon\"><a href=\"https:\/\/icbie.net.br\/wp-content\/uploads\/2026\/03\/IMG20231217194932-scaled.jpg\" class=\"gallery-link\" data-group=\"pofo-lightbox-1\" ><i class=\"ti-zoom-in text-white fa-2x\" aria-hidden=\"true\"><\/i><\/a><\/div><\/div><\/div><\/figcaption><figure><\/li><li class=\"grid-item\"><figure><div class=\"portfolio-img pofo-portfolio-page-background bg-black\"><img loading=\"lazy\" decoding=\"async\" src=\"https:\/\/icbie.net.br\/wp-content\/uploads\/2026\/03\/IMG20231217182142-300x300.jpg\"  alt=\"\" width=\"300\" height=\"300\" srcset=\"https:\/\/icbie.net.br\/wp-content\/uploads\/2026\/03\/IMG20231217182142-300x300.jpg 300w, https:\/\/icbie.net.br\/wp-content\/uploads\/2026\/03\/IMG20231217182142-150x150.jpg 150w, https:\/\/icbie.net.br\/wp-content\/uploads\/2026\/03\/IMG20231217182142-100x100.jpg 100w\" sizes=\"auto, (max-width: 300px) 100vw, 300px\" class=\"project-img-gallery\" data-no-retina=\"\" \/><\/div><figcaption><div class=\"portfolio-hover-main text-center\"><div class=\"portfolio-hover-box vertical-align-middle\"><div class=\"portfolio-icon\"><a href=\"https:\/\/icbie.net.br\/wp-content\/uploads\/2026\/03\/IMG20231217182142-scaled.jpg\" class=\"gallery-link\" data-group=\"pofo-lightbox-1\" ><i class=\"ti-zoom-in text-white fa-2x\" aria-hidden=\"true\"><\/i><\/a><\/div><\/div><\/div><\/figcaption><figure><\/li><li class=\"grid-item\"><figure><div class=\"portfolio-img pofo-portfolio-page-background bg-black\"><img loading=\"lazy\" decoding=\"async\" src=\"https:\/\/icbie.net.br\/wp-content\/uploads\/2026\/03\/IMG20231217212302-300x300.jpg\"  alt=\"\" width=\"300\" height=\"300\" srcset=\"https:\/\/icbie.net.br\/wp-content\/uploads\/2026\/03\/IMG20231217212302-300x300.jpg 300w, https:\/\/icbie.net.br\/wp-content\/uploads\/2026\/03\/IMG20231217212302-150x150.jpg 150w, https:\/\/icbie.net.br\/wp-content\/uploads\/2026\/03\/IMG20231217212302-100x100.jpg 100w\" sizes=\"auto, (max-width: 300px) 100vw, 300px\" class=\"project-img-gallery\" data-no-retina=\"\" \/><\/div><figcaption><div class=\"portfolio-hover-main text-center\"><div class=\"portfolio-hover-box vertical-align-middle\"><div class=\"portfolio-icon\"><a href=\"https:\/\/icbie.net.br\/wp-content\/uploads\/2026\/03\/IMG20231217212302-scaled.jpg\" class=\"gallery-link\" data-group=\"pofo-lightbox-1\" ><i class=\"ti-zoom-in text-white fa-2x\" aria-hidden=\"true\"><\/i><\/a><\/div><\/div><\/div><\/figcaption><figure><\/li><li class=\"grid-item\"><figure><div class=\"portfolio-img pofo-portfolio-page-background bg-black\"><img loading=\"lazy\" decoding=\"async\" src=\"https:\/\/icbie.net.br\/wp-content\/uploads\/2026\/03\/IMG20231217215237-300x300.jpg\"  alt=\"\" width=\"300\" height=\"300\" srcset=\"https:\/\/icbie.net.br\/wp-content\/uploads\/2026\/03\/IMG20231217215237-300x300.jpg 300w, https:\/\/icbie.net.br\/wp-content\/uploads\/2026\/03\/IMG20231217215237-150x150.jpg 150w, https:\/\/icbie.net.br\/wp-content\/uploads\/2026\/03\/IMG20231217215237-100x100.jpg 100w\" sizes=\"auto, (max-width: 300px) 100vw, 300px\" class=\"project-img-gallery\" data-no-retina=\"\" \/><\/div><figcaption><div class=\"portfolio-hover-main text-center\"><div class=\"portfolio-hover-box vertical-align-middle\"><div class=\"portfolio-icon\"><a href=\"https:\/\/icbie.net.br\/wp-content\/uploads\/2026\/03\/IMG20231217215237-scaled.jpg\" class=\"gallery-link\" data-group=\"pofo-lightbox-1\" ><i class=\"ti-zoom-in text-white fa-2x\" aria-hidden=\"true\"><\/i><\/a><\/div><\/div><\/div><\/figcaption><figure><\/li><li class=\"grid-item\"><figure><div class=\"portfolio-img pofo-portfolio-page-background bg-black\"><img loading=\"lazy\" decoding=\"async\" src=\"https:\/\/icbie.net.br\/wp-content\/uploads\/2026\/03\/EBM_201738-300x300.jpg\"  alt=\"\" width=\"300\" height=\"300\" srcset=\"https:\/\/icbie.net.br\/wp-content\/uploads\/2026\/03\/EBM_201738-300x300.jpg 300w, https:\/\/icbie.net.br\/wp-content\/uploads\/2026\/03\/EBM_201738-150x150.jpg 150w, https:\/\/icbie.net.br\/wp-content\/uploads\/2026\/03\/EBM_201738-100x100.jpg 100w\" sizes=\"auto, (max-width: 300px) 100vw, 300px\" class=\"project-img-gallery\" data-no-retina=\"\" \/><\/div><figcaption><div class=\"portfolio-hover-main text-center\"><div class=\"portfolio-hover-box vertical-align-middle\"><div class=\"portfolio-icon\"><a href=\"https:\/\/icbie.net.br\/wp-content\/uploads\/2026\/03\/EBM_201738.jpg\" class=\"gallery-link\" data-group=\"pofo-lightbox-1\" ><i class=\"ti-zoom-in text-white fa-2x\" aria-hidden=\"true\"><\/i><\/a><\/div><\/div><\/div><\/figcaption><figure><\/li><li class=\"grid-item\"><figure><div class=\"portfolio-img pofo-portfolio-page-background bg-black\"><img loading=\"lazy\" decoding=\"async\" src=\"https:\/\/icbie.net.br\/wp-content\/uploads\/2026\/03\/EBM_201736-300x300.jpg\"  alt=\"\" width=\"300\" height=\"300\" srcset=\"https:\/\/icbie.net.br\/wp-content\/uploads\/2026\/03\/EBM_201736-300x300.jpg 300w, https:\/\/icbie.net.br\/wp-content\/uploads\/2026\/03\/EBM_201736-150x150.jpg 150w, https:\/\/icbie.net.br\/wp-content\/uploads\/2026\/03\/EBM_201736-100x100.jpg 100w\" sizes=\"auto, (max-width: 300px) 100vw, 300px\" class=\"project-img-gallery\" data-no-retina=\"\" \/><\/div><figcaption><div class=\"portfolio-hover-main text-center\"><div class=\"portfolio-hover-box vertical-align-middle\"><div class=\"portfolio-icon\"><a href=\"https:\/\/icbie.net.br\/wp-content\/uploads\/2026\/03\/EBM_201736.jpg\" class=\"gallery-link\" data-group=\"pofo-lightbox-1\" ><i class=\"ti-zoom-in text-white fa-2x\" aria-hidden=\"true\"><\/i><\/a><\/div><\/div><\/div><\/figcaption><figure><\/li><li class=\"grid-item\"><figure><div class=\"portfolio-img pofo-portfolio-page-background bg-black\"><img loading=\"lazy\" decoding=\"async\" src=\"https:\/\/icbie.net.br\/wp-content\/uploads\/2026\/03\/EBM_201732-300x300.jpg\"  alt=\"\" width=\"300\" height=\"300\" srcset=\"https:\/\/icbie.net.br\/wp-content\/uploads\/2026\/03\/EBM_201732-300x300.jpg 300w, https:\/\/icbie.net.br\/wp-content\/uploads\/2026\/03\/EBM_201732-150x150.jpg 150w, https:\/\/icbie.net.br\/wp-content\/uploads\/2026\/03\/EBM_201732-100x100.jpg 100w\" sizes=\"auto, (max-width: 300px) 100vw, 300px\" class=\"project-img-gallery\" data-no-retina=\"\" \/><\/div><figcaption><div class=\"portfolio-hover-main text-center\"><div class=\"portfolio-hover-box vertical-align-middle\"><div class=\"portfolio-icon\"><a href=\"https:\/\/icbie.net.br\/wp-content\/uploads\/2026\/03\/EBM_201732.jpg\" class=\"gallery-link\" data-group=\"pofo-lightbox-1\" ><i class=\"ti-zoom-in text-white fa-2x\" aria-hidden=\"true\"><\/i><\/a><\/div><\/div><\/div><\/figcaption><figure><\/li><li class=\"grid-item\"><figure><div class=\"portfolio-img pofo-portfolio-page-background bg-black\"><img loading=\"lazy\" decoding=\"async\" src=\"https:\/\/icbie.net.br\/wp-content\/uploads\/2026\/03\/EBM_201731-300x300.jpg\"  alt=\"\" width=\"300\" height=\"300\" srcset=\"https:\/\/icbie.net.br\/wp-content\/uploads\/2026\/03\/EBM_201731-300x300.jpg 300w, https:\/\/icbie.net.br\/wp-content\/uploads\/2026\/03\/EBM_201731-150x150.jpg 150w, https:\/\/icbie.net.br\/wp-content\/uploads\/2026\/03\/EBM_201731-100x100.jpg 100w\" sizes=\"auto, (max-width: 300px) 100vw, 300px\" class=\"project-img-gallery\" data-no-retina=\"\" \/><\/div><figcaption><div class=\"portfolio-hover-main text-center\"><div class=\"portfolio-hover-box vertical-align-middle\"><div class=\"portfolio-icon\"><a href=\"https:\/\/icbie.net.br\/wp-content\/uploads\/2026\/03\/EBM_201731.jpg\" class=\"gallery-link\" data-group=\"pofo-lightbox-1\" ><i class=\"ti-zoom-in text-white fa-2x\" aria-hidden=\"true\"><\/i><\/a><\/div><\/div><\/div><\/figcaption><figure><\/li><li class=\"grid-item\"><figure><div class=\"portfolio-img pofo-portfolio-page-background bg-black\"><img loading=\"lazy\" decoding=\"async\" src=\"https:\/\/icbie.net.br\/wp-content\/uploads\/2026\/03\/EBM_201727-300x300.jpg\"  alt=\"\" width=\"300\" height=\"300\" srcset=\"https:\/\/icbie.net.br\/wp-content\/uploads\/2026\/03\/EBM_201727-300x300.jpg 300w, https:\/\/icbie.net.br\/wp-content\/uploads\/2026\/03\/EBM_201727-150x150.jpg 150w, https:\/\/icbie.net.br\/wp-content\/uploads\/2026\/03\/EBM_201727-100x100.jpg 100w\" sizes=\"auto, (max-width: 300px) 100vw, 300px\" class=\"project-img-gallery\" data-no-retina=\"\" \/><\/div><figcaption><div class=\"portfolio-hover-main text-center\"><div class=\"portfolio-hover-box vertical-align-middle\"><div class=\"portfolio-icon\"><a href=\"https:\/\/icbie.net.br\/wp-content\/uploads\/2026\/03\/EBM_201727.jpg\" class=\"gallery-link\" data-group=\"pofo-lightbox-1\" ><i class=\"ti-zoom-in text-white fa-2x\" aria-hidden=\"true\"><\/i><\/a><\/div><\/div><\/div><\/figcaption><figure><\/li><li class=\"grid-item\"><figure><div class=\"portfolio-img pofo-portfolio-page-background bg-black\"><img loading=\"lazy\" decoding=\"async\" src=\"https:\/\/icbie.net.br\/wp-content\/uploads\/2026\/03\/EBM_201717-300x300.jpg\"  alt=\"\" width=\"300\" height=\"300\" srcset=\"https:\/\/icbie.net.br\/wp-content\/uploads\/2026\/03\/EBM_201717-300x300.jpg 300w, https:\/\/icbie.net.br\/wp-content\/uploads\/2026\/03\/EBM_201717-150x150.jpg 150w, https:\/\/icbie.net.br\/wp-content\/uploads\/2026\/03\/EBM_201717-100x100.jpg 100w\" sizes=\"auto, (max-width: 300px) 100vw, 300px\" class=\"project-img-gallery\" data-no-retina=\"\" \/><\/div><figcaption><div class=\"portfolio-hover-main text-center\"><div class=\"portfolio-hover-box vertical-align-middle\"><div class=\"portfolio-icon\"><a href=\"https:\/\/icbie.net.br\/wp-content\/uploads\/2026\/03\/EBM_201717.jpg\" class=\"gallery-link\" data-group=\"pofo-lightbox-1\" ><i class=\"ti-zoom-in text-white fa-2x\" aria-hidden=\"true\"><\/i><\/a><\/div><\/div><\/div><\/figcaption><figure><\/li><li class=\"grid-item\"><figure><div class=\"portfolio-img pofo-portfolio-page-background bg-black\"><img loading=\"lazy\" decoding=\"async\" src=\"https:\/\/icbie.net.br\/wp-content\/uploads\/2026\/03\/EBM_201714-300x300.jpg\"  alt=\"\" width=\"300\" height=\"300\" srcset=\"https:\/\/icbie.net.br\/wp-content\/uploads\/2026\/03\/EBM_201714-300x300.jpg 300w, https:\/\/icbie.net.br\/wp-content\/uploads\/2026\/03\/EBM_201714-150x150.jpg 150w, https:\/\/icbie.net.br\/wp-content\/uploads\/2026\/03\/EBM_201714-100x100.jpg 100w\" sizes=\"auto, (max-width: 300px) 100vw, 300px\" class=\"project-img-gallery\" data-no-retina=\"\" \/><\/div><figcaption><div class=\"portfolio-hover-main text-center\"><div class=\"portfolio-hover-box vertical-align-middle\"><div class=\"portfolio-icon\"><a href=\"https:\/\/icbie.net.br\/wp-content\/uploads\/2026\/03\/EBM_201714.jpg\" class=\"gallery-link\" data-group=\"pofo-lightbox-1\" ><i class=\"ti-zoom-in text-white fa-2x\" aria-hidden=\"true\"><\/i><\/a><\/div><\/div><\/div><\/figcaption><figure><\/li><li class=\"grid-item\"><figure><div class=\"portfolio-img pofo-portfolio-page-background bg-black\"><img loading=\"lazy\" decoding=\"async\" src=\"https:\/\/icbie.net.br\/wp-content\/uploads\/2026\/03\/EBM_201713-300x300.jpg\"  alt=\"\" width=\"300\" height=\"300\" srcset=\"https:\/\/icbie.net.br\/wp-content\/uploads\/2026\/03\/EBM_201713-300x300.jpg 300w, https:\/\/icbie.net.br\/wp-content\/uploads\/2026\/03\/EBM_201713-150x150.jpg 150w, https:\/\/icbie.net.br\/wp-content\/uploads\/2026\/03\/EBM_201713-100x100.jpg 100w\" sizes=\"auto, (max-width: 300px) 100vw, 300px\" class=\"project-img-gallery\" data-no-retina=\"\" \/><\/div><figcaption><div class=\"portfolio-hover-main text-center\"><div class=\"portfolio-hover-box vertical-align-middle\"><div class=\"portfolio-icon\"><a href=\"https:\/\/icbie.net.br\/wp-content\/uploads\/2026\/03\/EBM_201713.jpg\" class=\"gallery-link\" data-group=\"pofo-lightbox-1\" ><i class=\"ti-zoom-in text-white fa-2x\" aria-hidden=\"true\"><\/i><\/a><\/div><\/div><\/div><\/figcaption><figure><\/li><li class=\"grid-item\"><figure><div class=\"portfolio-img pofo-portfolio-page-background bg-black\"><img loading=\"lazy\" decoding=\"async\" src=\"https:\/\/icbie.net.br\/wp-content\/uploads\/2026\/03\/EBM_201712-300x300.jpg\"  alt=\"\" width=\"300\" height=\"300\" srcset=\"https:\/\/icbie.net.br\/wp-content\/uploads\/2026\/03\/EBM_201712-300x300.jpg 300w, https:\/\/icbie.net.br\/wp-content\/uploads\/2026\/03\/EBM_201712-150x150.jpg 150w, https:\/\/icbie.net.br\/wp-content\/uploads\/2026\/03\/EBM_201712-100x100.jpg 100w\" sizes=\"auto, (max-width: 300px) 100vw, 300px\" class=\"project-img-gallery\" data-no-retina=\"\" \/><\/div><figcaption><div class=\"portfolio-hover-main text-center\"><div class=\"portfolio-hover-box vertical-align-middle\"><div class=\"portfolio-icon\"><a href=\"https:\/\/icbie.net.br\/wp-content\/uploads\/2026\/03\/EBM_201712.jpg\" class=\"gallery-link\" data-group=\"pofo-lightbox-1\" ><i class=\"ti-zoom-in text-white fa-2x\" aria-hidden=\"true\"><\/i><\/a><\/div><\/div><\/div><\/figcaption><figure><\/li><li class=\"grid-item\"><figure><div class=\"portfolio-img pofo-portfolio-page-background bg-black\"><img loading=\"lazy\" decoding=\"async\" src=\"https:\/\/icbie.net.br\/wp-content\/uploads\/2026\/03\/EBM_20176-300x300.jpg\"  alt=\"\" width=\"300\" height=\"300\" srcset=\"https:\/\/icbie.net.br\/wp-content\/uploads\/2026\/03\/EBM_20176-300x300.jpg 300w, https:\/\/icbie.net.br\/wp-content\/uploads\/2026\/03\/EBM_20176-150x150.jpg 150w, https:\/\/icbie.net.br\/wp-content\/uploads\/2026\/03\/EBM_20176-100x100.jpg 100w\" sizes=\"auto, (max-width: 300px) 100vw, 300px\" class=\"project-img-gallery\" data-no-retina=\"\" \/><\/div><figcaption><div class=\"portfolio-hover-main text-center\"><div class=\"portfolio-hover-box vertical-align-middle\"><div class=\"portfolio-icon\"><a href=\"https:\/\/icbie.net.br\/wp-content\/uploads\/2026\/03\/EBM_20176.jpg\" class=\"gallery-link\" data-group=\"pofo-lightbox-1\" ><i class=\"ti-zoom-in text-white fa-2x\" aria-hidden=\"true\"><\/i><\/a><\/div><\/div><\/div><\/figcaption><figure><\/li><\/ul><\/div><\/div><\/div><\/div><\/div><\/div><\/div><\/section>\n<\/div>","protected":false},"excerpt":{"rendered":"E.B.M [vc_empty_space]L\u00b4Esposizione vuole dare visibilit\u00e1 ai lavori di artisti poco conosciuti come quadri, artigianato, arti visive, fotografie, ecc. Il Bazar parte dall\u00b4idea di riduzione del consumismo incentivando il riutilizzo. Durante l\u00b4anno riceviamo donazioni di libri, indumenti, scarpe, accessori, che a fine anno vengono venduti nel bazar beneficiente dell\u00b4evento. Per quanto riguarda la Musica, generalmente 5 o 6 gruppi e\/o artisti solisti di differenti stili musicali suonano durante l\u00b4EBM. \u00c9 importante dire che anche se l\u00b4evento si chiama Esposizione, Bazar e Musica, anche altre forme di arte hanno spazio, per esempio, negli intervalli tra un gruppo e l\u00b4altro, possono esserci interventi artistici di giovani poeti, di narratori, ballerini, attori e simili. Per l\u00b4Istituto, questo evento \u00e9 una ulteriore opportunit\u00e1 importante di attirare l\u00b4attenzione della comunit\u00e1 sulle attivit\u00e1 artistiche e culturali promosse dall\u00b4ICBIE e per stimolarne la partecipazione e il convolgimento. L\u00b4evento \u00e9 gratuito e aperto a tutti i tipi di pubblico e a tutte le et\u00e1. Per la comunit\u00e0, questo evento rappresenta un'opportunit\u00e0 di svago culturale e sociale, dove \u00e8 possibile visitare una mostra, imparare a conoscere il consumo consapevole e ascoltare la musica di talenti locali. E per i giovani talenti stessi, questo evento rappresenta un'opportunit\u00e0 per sbocciare, conquistare ammiratori...","protected":false},"author":1,"featured_media":0,"parent":0,"menu_order":0,"comment_status":"closed","ping_status":"closed","template":"","meta":{"give_campaign_id":0,"footnotes":""},"class_list":["post-26606","page","type-page","status-publish","hentry"],"campaignId":"","_links":{"self":[{"href":"https:\/\/icbie.net.br\/it\/wp-json\/wp\/v2\/pages\/26606","targetHints":{"allow":["GET"]}}],"collection":[{"href":"https:\/\/icbie.net.br\/it\/wp-json\/wp\/v2\/pages"}],"about":[{"href":"https:\/\/icbie.net.br\/it\/wp-json\/wp\/v2\/types\/page"}],"author":[{"embeddable":true,"href":"https:\/\/icbie.net.br\/it\/wp-json\/wp\/v2\/users\/1"}],"replies":[{"embeddable":true,"href":"https:\/\/icbie.net.br\/it\/wp-json\/wp\/v2\/comments?post=26606"}],"version-history":[{"count":12,"href":"https:\/\/icbie.net.br\/it\/wp-json\/wp\/v2\/pages\/26606\/revisions"}],"predecessor-version":[{"id":26793,"href":"https:\/\/icbie.net.br\/it\/wp-json\/wp\/v2\/pages\/26606\/revisions\/26793"}],"wp:attachment":[{"href":"https:\/\/icbie.net.br\/it\/wp-json\/wp\/v2\/media?parent=26606"}],"curies":[{"name":"wp","href":"https:\/\/api.w.org\/{rel}","templated":true}]}}