{"id":26225,"date":"2025-03-13T14:27:51","date_gmt":"2025-03-13T14:27:51","guid":{"rendered":"https:\/\/icbie.net.br\/?page_id=26225"},"modified":"2026-02-28T18:32:43","modified_gmt":"2026-02-28T18:32:43","slug":"expressae","status":"publish","type":"page","link":"https:\/\/icbie.net.br\/it\/expressae\/","title":{"rendered":"EXPRESSAE"},"content":{"rendered":"<div class=\"wpb-content-wrapper\"><section class=\"vc_row wpb_row vc_row-fluid\"><div class=\"wpb_column vc_column_container vc_col-sm-12  col-xs-mobile-fullwidth\"><div class=\"vc_column-inner \"><div class=\"wpb_wrapper\"><div class=\"last-paragraph-no-margin\" style=\"color: #000000;\"><h3 style=\"text-align: center;\"><strong>Expressa\u00ea<\/strong><\/h3>\n<\/div>[vc_empty_space]<div class=\"vc_row wpb_row vc_inner vc_row-fluid\"><div class=\"wpb_column vc_column_container vc_col-sm-12  col-xs-mobile-fullwidth\"><div class=\"vc_column-inner \"><div class=\"wpb_wrapper\"><div class=\"last-paragraph-no-margin\" style=\"color: #000000;\"><p>L&#8217;idea di EXPRESSA\u00ca \u00e8 nata dal desiderio dell&#8217;\u00e9quipe di ICBIE di godere dello spazio; l&#8217;evento realizza il desiderio dell&#8217;associazione di progredire attraverso azioni collettive e collaborative per e con la comunit\u00e0 della Penisola di Itapagipe e della citt\u00e0 di Salvador in generale.<\/p>\n<p>Poich\u00e9 l&#8217;obiettivo dell&#8217;ICBIE \u00e8 sempre stato quello di stimolare e incoraggiare la produzione, la diffusione e la circolazione culturale e artistica, invitiamo le persone a esporre le proprie creazioni nel formato di una piccola fiera in un ambiente semplice, accogliente e stimolante, dove si possano scambiare conoscenze, esperienze e informazioni tra espositori e visitatori.<\/p>\n<p>L&#8217;intenzione \u00e8 quella di dare ad artisti e artigiani meno conosciuti l&#8217;opportunit\u00e0 di esprimersi, da cui il nome dell&#8217;evento. Esprimersi non solo attraverso la produzione materiale, ma anche immateriale, come la musica, la danza, il teatro, la poesia e altri linguaggi artistici che possono essere proposti di edizione in edizione.<\/p>\n<p>EXPRESSA\u00ca vuole diventare un appuntamento fisso dell&#8217;agenda culturale salvadoregna, affinch\u00e9 il pubblico prenda l&#8217;abitudine di visitare il nostro Istituto alla ricerca di arte, cultura e novit\u00e0.<\/p>\n<p>Per partecipare a ogni edizione di EXPRESSA\u00ca, l&#8217;ICBIE lancia un modulo di iscrizione sui suoi social network 15 giorni prima dell&#8217;evento. Le quattro edizioni di EXPRESSA\u00ca sono:<br \/>\nMarzo &#8211; Omaggio al Mese della Donna<br \/>\nGiugno &#8211; Viva le feste di giugno!<br \/>\nSettembre &#8211; Celebrazione della primavera<br \/>\nDicembre &#8211; Celebrazione del Natale<\/p>\n<p>Restate sintonizzati! L&#8217;evento si svolge la terza domenica dei mesi di marzo, giugno, settembre e dicembre dalle 15.00 alle 19.00 presso l&#8217;ICBIE &#8211; Rua J\u00falio David, 57 &#8211; Ribeira<\/p>\n<\/div>[vc_empty_space]<ul  class=\"portfolio-grid hover-option10 metro-gallery lightbox-portfolio work-6col gutter-medium\"><li class=\"grid-sizer\"><\/li><li class=\"grid-item\"><figure><div class=\"portfolio-img pofo-portfolio-page-background bg-black\"><img loading=\"lazy\" decoding=\"async\" src=\"https:\/\/icbie.net.br\/wp-content\/uploads\/2025\/03\/Expressae-2-300x300.jpeg\"  alt=\"\" width=\"300\" height=\"300\" srcset=\"https:\/\/icbie.net.br\/wp-content\/uploads\/2025\/03\/Expressae-2-300x300.jpeg 300w, https:\/\/icbie.net.br\/wp-content\/uploads\/2025\/03\/Expressae-2-150x150.jpeg 150w, https:\/\/icbie.net.br\/wp-content\/uploads\/2025\/03\/Expressae-2-100x100.jpeg 100w\" sizes=\"auto, (max-width: 300px) 100vw, 300px\" class=\"project-img-gallery\" data-no-retina=\"\" \/><\/div><figcaption><div class=\"portfolio-hover-main text-center\"><div class=\"portfolio-hover-box vertical-align-middle\"><div class=\"portfolio-icon\"><a href=\"https:\/\/icbie.net.br\/wp-content\/uploads\/2025\/03\/Expressae-2-scaled.jpeg\" class=\"gallery-link\" data-group=\"pofo-lightbox-1\"  title=\"Expressa\u00ea (2)\"><i class=\"ti-zoom-in text-white fa-2x\" aria-hidden=\"true\"><\/i><\/a><\/div><\/div><\/div><\/figcaption><figure><\/li><li class=\"grid-item\"><figure><div class=\"portfolio-img pofo-portfolio-page-background bg-black\"><img loading=\"lazy\" decoding=\"async\" src=\"https:\/\/icbie.net.br\/wp-content\/uploads\/2025\/03\/Expressae-12-300x300.jpeg\"  alt=\"\" width=\"300\" height=\"300\" srcset=\"https:\/\/icbie.net.br\/wp-content\/uploads\/2025\/03\/Expressae-12-300x300.jpeg 300w, https:\/\/icbie.net.br\/wp-content\/uploads\/2025\/03\/Expressae-12-150x150.jpeg 150w, https:\/\/icbie.net.br\/wp-content\/uploads\/2025\/03\/Expressae-12-100x100.jpeg 100w\" sizes=\"auto, (max-width: 300px) 100vw, 300px\" class=\"project-img-gallery\" data-no-retina=\"\" \/><\/div><figcaption><div class=\"portfolio-hover-main text-center\"><div class=\"portfolio-hover-box vertical-align-middle\"><div class=\"portfolio-icon\"><a href=\"https:\/\/icbie.net.br\/wp-content\/uploads\/2025\/03\/Expressae-12.jpeg\" class=\"gallery-link\" data-group=\"pofo-lightbox-1\"  title=\"Expressa\u00ea (12)\"><i class=\"ti-zoom-in text-white fa-2x\" aria-hidden=\"true\"><\/i><\/a><\/div><\/div><\/div><\/figcaption><figure><\/li><li class=\"grid-item\"><figure><div class=\"portfolio-img pofo-portfolio-page-background bg-black\"><img loading=\"lazy\" decoding=\"async\" src=\"https:\/\/icbie.net.br\/wp-content\/uploads\/2025\/03\/Expressae-Outubro-2024-expositores-300x300.jpg\"  alt=\"\" width=\"300\" height=\"300\" srcset=\"https:\/\/icbie.net.br\/wp-content\/uploads\/2025\/03\/Expressae-Outubro-2024-expositores-300x300.jpg 300w, https:\/\/icbie.net.br\/wp-content\/uploads\/2025\/03\/Expressae-Outubro-2024-expositores-150x150.jpg 150w, https:\/\/icbie.net.br\/wp-content\/uploads\/2025\/03\/Expressae-Outubro-2024-expositores-100x100.jpg 100w\" sizes=\"auto, (max-width: 300px) 100vw, 300px\" class=\"project-img-gallery\" data-no-retina=\"\" \/><\/div><figcaption><div class=\"portfolio-hover-main text-center\"><div class=\"portfolio-hover-box vertical-align-middle\"><div class=\"portfolio-icon\"><a href=\"https:\/\/icbie.net.br\/wp-content\/uploads\/2025\/03\/Expressae-Outubro-2024-expositores.jpg\" class=\"gallery-link\" data-group=\"pofo-lightbox-1\"  title=\"Expressa\u00ea Outubro 2024 &#8211; expositores\"><i class=\"ti-zoom-in text-white fa-2x\" aria-hidden=\"true\"><\/i><\/a><\/div><\/div><\/div><\/figcaption><figure><\/li><li class=\"grid-item\"><figure><div class=\"portfolio-img pofo-portfolio-page-background bg-black\"><img loading=\"lazy\" decoding=\"async\" src=\"https:\/\/icbie.net.br\/wp-content\/uploads\/2025\/03\/Expressae-Outubro-2024-13-300x300.jpg\"  alt=\"\" width=\"300\" height=\"300\" srcset=\"https:\/\/icbie.net.br\/wp-content\/uploads\/2025\/03\/Expressae-Outubro-2024-13-300x300.jpg 300w, https:\/\/icbie.net.br\/wp-content\/uploads\/2025\/03\/Expressae-Outubro-2024-13-150x150.jpg 150w, https:\/\/icbie.net.br\/wp-content\/uploads\/2025\/03\/Expressae-Outubro-2024-13-100x100.jpg 100w\" sizes=\"auto, (max-width: 300px) 100vw, 300px\" class=\"project-img-gallery\" data-no-retina=\"\" \/><\/div><figcaption><div class=\"portfolio-hover-main text-center\"><div class=\"portfolio-hover-box vertical-align-middle\"><div class=\"portfolio-icon\"><a href=\"https:\/\/icbie.net.br\/wp-content\/uploads\/2025\/03\/Expressae-Outubro-2024-13.jpg\" class=\"gallery-link\" data-group=\"pofo-lightbox-1\"  title=\"Expressa\u00ea Outubro 2024 (13)\"><i class=\"ti-zoom-in text-white fa-2x\" aria-hidden=\"true\"><\/i><\/a><\/div><\/div><\/div><\/figcaption><figure><\/li><li class=\"grid-item\"><figure><div class=\"portfolio-img pofo-portfolio-page-background bg-black\"><img loading=\"lazy\" decoding=\"async\" src=\"https:\/\/icbie.net.br\/wp-content\/uploads\/2025\/03\/Expressae-4-300x300.jpeg\"  alt=\"\" width=\"300\" height=\"300\" srcset=\"https:\/\/icbie.net.br\/wp-content\/uploads\/2025\/03\/Expressae-4-300x300.jpeg 300w, https:\/\/icbie.net.br\/wp-content\/uploads\/2025\/03\/Expressae-4-150x150.jpeg 150w, https:\/\/icbie.net.br\/wp-content\/uploads\/2025\/03\/Expressae-4-100x100.jpeg 100w\" sizes=\"auto, (max-width: 300px) 100vw, 300px\" class=\"project-img-gallery\" data-no-retina=\"\" \/><\/div><figcaption><div class=\"portfolio-hover-main text-center\"><div class=\"portfolio-hover-box vertical-align-middle\"><div class=\"portfolio-icon\"><a href=\"https:\/\/icbie.net.br\/wp-content\/uploads\/2025\/03\/Expressae-4-scaled.jpeg\" class=\"gallery-link\" data-group=\"pofo-lightbox-1\"  title=\"Expressa\u00ea (4)\"><i class=\"ti-zoom-in text-white fa-2x\" aria-hidden=\"true\"><\/i><\/a><\/div><\/div><\/div><\/figcaption><figure><\/li><li class=\"grid-item\"><figure><div class=\"portfolio-img pofo-portfolio-page-background bg-black\"><img loading=\"lazy\" decoding=\"async\" src=\"https:\/\/icbie.net.br\/wp-content\/uploads\/2025\/03\/Expressae-16-300x300.jpeg\"  alt=\"\" width=\"300\" height=\"300\" srcset=\"https:\/\/icbie.net.br\/wp-content\/uploads\/2025\/03\/Expressae-16-300x300.jpeg 300w, https:\/\/icbie.net.br\/wp-content\/uploads\/2025\/03\/Expressae-16-150x150.jpeg 150w, https:\/\/icbie.net.br\/wp-content\/uploads\/2025\/03\/Expressae-16-100x100.jpeg 100w\" sizes=\"auto, (max-width: 300px) 100vw, 300px\" class=\"project-img-gallery\" data-no-retina=\"\" \/><\/div><figcaption><div class=\"portfolio-hover-main text-center\"><div class=\"portfolio-hover-box vertical-align-middle\"><div class=\"portfolio-icon\"><a href=\"https:\/\/icbie.net.br\/wp-content\/uploads\/2025\/03\/Expressae-16.jpeg\" class=\"gallery-link\" data-group=\"pofo-lightbox-1\"  title=\"Expressa\u00ea (16)\"><i class=\"ti-zoom-in text-white fa-2x\" aria-hidden=\"true\"><\/i><\/a><\/div><\/div><\/div><\/figcaption><figure><\/li><li class=\"grid-item\"><figure><div class=\"portfolio-img pofo-portfolio-page-background bg-black\"><img loading=\"lazy\" decoding=\"async\" src=\"https:\/\/icbie.net.br\/wp-content\/uploads\/2025\/03\/Expressae-13-300x300.jpeg\"  alt=\"\" width=\"300\" height=\"300\" srcset=\"https:\/\/icbie.net.br\/wp-content\/uploads\/2025\/03\/Expressae-13-300x300.jpeg 300w, https:\/\/icbie.net.br\/wp-content\/uploads\/2025\/03\/Expressae-13-150x150.jpeg 150w, https:\/\/icbie.net.br\/wp-content\/uploads\/2025\/03\/Expressae-13-100x100.jpeg 100w\" sizes=\"auto, (max-width: 300px) 100vw, 300px\" class=\"project-img-gallery\" data-no-retina=\"\" \/><\/div><figcaption><div class=\"portfolio-hover-main text-center\"><div class=\"portfolio-hover-box vertical-align-middle\"><div class=\"portfolio-icon\"><a href=\"https:\/\/icbie.net.br\/wp-content\/uploads\/2025\/03\/Expressae-13.jpeg\" class=\"gallery-link\" data-group=\"pofo-lightbox-1\"  title=\"Expressa\u00ea (13)\"><i class=\"ti-zoom-in text-white fa-2x\" aria-hidden=\"true\"><\/i><\/a><\/div><\/div><\/div><\/figcaption><figure><\/li><li class=\"grid-item\"><figure><div class=\"portfolio-img pofo-portfolio-page-background bg-black\"><img loading=\"lazy\" decoding=\"async\" src=\"https:\/\/icbie.net.br\/wp-content\/uploads\/2025\/03\/Expressae-Outubro-2024-4-300x300.jpeg\"  alt=\"\" width=\"300\" height=\"300\" srcset=\"https:\/\/icbie.net.br\/wp-content\/uploads\/2025\/03\/Expressae-Outubro-2024-4-300x300.jpeg 300w, https:\/\/icbie.net.br\/wp-content\/uploads\/2025\/03\/Expressae-Outubro-2024-4-150x150.jpeg 150w, https:\/\/icbie.net.br\/wp-content\/uploads\/2025\/03\/Expressae-Outubro-2024-4-100x100.jpeg 100w\" sizes=\"auto, (max-width: 300px) 100vw, 300px\" class=\"project-img-gallery\" data-no-retina=\"\" \/><\/div><figcaption><div class=\"portfolio-hover-main text-center\"><div class=\"portfolio-hover-box vertical-align-middle\"><div class=\"portfolio-icon\"><a href=\"https:\/\/icbie.net.br\/wp-content\/uploads\/2025\/03\/Expressae-Outubro-2024-4.jpeg\" class=\"gallery-link\" data-group=\"pofo-lightbox-1\"  title=\"Expressa\u00ea Outubro 2024 (4)\"><i class=\"ti-zoom-in text-white fa-2x\" aria-hidden=\"true\"><\/i><\/a><\/div><\/div><\/div><\/figcaption><figure><\/li><li class=\"grid-item\"><figure><div class=\"portfolio-img pofo-portfolio-page-background bg-black\"><img loading=\"lazy\" decoding=\"async\" src=\"https:\/\/icbie.net.br\/wp-content\/uploads\/2025\/03\/Expressae-Outubro-2024-9-300x300.jpg\"  alt=\"\" width=\"300\" height=\"300\" srcset=\"https:\/\/icbie.net.br\/wp-content\/uploads\/2025\/03\/Expressae-Outubro-2024-9-300x300.jpg 300w, https:\/\/icbie.net.br\/wp-content\/uploads\/2025\/03\/Expressae-Outubro-2024-9-150x150.jpg 150w, https:\/\/icbie.net.br\/wp-content\/uploads\/2025\/03\/Expressae-Outubro-2024-9-100x100.jpg 100w\" sizes=\"auto, (max-width: 300px) 100vw, 300px\" class=\"project-img-gallery\" data-no-retina=\"\" \/><\/div><figcaption><div class=\"portfolio-hover-main text-center\"><div class=\"portfolio-hover-box vertical-align-middle\"><div class=\"portfolio-icon\"><a href=\"https:\/\/icbie.net.br\/wp-content\/uploads\/2025\/03\/Expressae-Outubro-2024-9.jpg\" class=\"gallery-link\" data-group=\"pofo-lightbox-1\"  title=\"Expressa\u00ea Outubro 2024 (9)\"><i class=\"ti-zoom-in text-white fa-2x\" aria-hidden=\"true\"><\/i><\/a><\/div><\/div><\/div><\/figcaption><figure><\/li><li class=\"grid-item\"><figure><div class=\"portfolio-img pofo-portfolio-page-background bg-black\"><img loading=\"lazy\" decoding=\"async\" src=\"https:\/\/icbie.net.br\/wp-content\/uploads\/2025\/03\/Expressae-7-300x300.jpeg\"  alt=\"\" width=\"300\" height=\"300\" srcset=\"https:\/\/icbie.net.br\/wp-content\/uploads\/2025\/03\/Expressae-7-300x300.jpeg 300w, https:\/\/icbie.net.br\/wp-content\/uploads\/2025\/03\/Expressae-7-150x150.jpeg 150w, https:\/\/icbie.net.br\/wp-content\/uploads\/2025\/03\/Expressae-7-100x100.jpeg 100w\" sizes=\"auto, (max-width: 300px) 100vw, 300px\" class=\"project-img-gallery\" data-no-retina=\"\" \/><\/div><figcaption><div class=\"portfolio-hover-main text-center\"><div class=\"portfolio-hover-box vertical-align-middle\"><div class=\"portfolio-icon\"><a href=\"https:\/\/icbie.net.br\/wp-content\/uploads\/2025\/03\/Expressae-7-scaled.jpeg\" class=\"gallery-link\" data-group=\"pofo-lightbox-1\"  title=\"Expressa\u00ea (7)\"><i class=\"ti-zoom-in text-white fa-2x\" aria-hidden=\"true\"><\/i><\/a><\/div><\/div><\/div><\/figcaption><figure><\/li><li class=\"grid-item\"><figure><div class=\"portfolio-img pofo-portfolio-page-background bg-black\"><img loading=\"lazy\" decoding=\"async\" src=\"https:\/\/icbie.net.br\/wp-content\/uploads\/2025\/03\/Expressae-Outubro-2024-4-e1741873886337-300x300.jpg\"  alt=\"\" width=\"300\" height=\"300\" srcset=\"https:\/\/icbie.net.br\/wp-content\/uploads\/2025\/03\/Expressae-Outubro-2024-4-e1741873886337-300x300.jpg 300w, https:\/\/icbie.net.br\/wp-content\/uploads\/2025\/03\/Expressae-Outubro-2024-4-e1741873886337-150x150.jpg 150w, https:\/\/icbie.net.br\/wp-content\/uploads\/2025\/03\/Expressae-Outubro-2024-4-e1741873886337-100x100.jpg 100w\" sizes=\"auto, (max-width: 300px) 100vw, 300px\" class=\"project-img-gallery\" data-no-retina=\"\" \/><\/div><figcaption><div class=\"portfolio-hover-main text-center\"><div class=\"portfolio-hover-box vertical-align-middle\"><div class=\"portfolio-icon\"><a href=\"https:\/\/icbie.net.br\/wp-content\/uploads\/2025\/03\/Expressae-Outubro-2024-4-e1741873886337.jpg\" class=\"gallery-link\" data-group=\"pofo-lightbox-1\"  title=\"Expressa\u00ea Outubro 2024 (4)\"><i class=\"ti-zoom-in text-white fa-2x\" aria-hidden=\"true\"><\/i><\/a><\/div><\/div><\/div><\/figcaption><figure><\/li><li class=\"grid-item\"><figure><div class=\"portfolio-img pofo-portfolio-page-background bg-black\"><img loading=\"lazy\" decoding=\"async\" src=\"https:\/\/icbie.net.br\/wp-content\/uploads\/2025\/03\/Expressae-Outubro-2024-12-300x300.jpg\"  alt=\"\" width=\"300\" height=\"300\" srcset=\"https:\/\/icbie.net.br\/wp-content\/uploads\/2025\/03\/Expressae-Outubro-2024-12-300x300.jpg 300w, https:\/\/icbie.net.br\/wp-content\/uploads\/2025\/03\/Expressae-Outubro-2024-12-150x150.jpg 150w, https:\/\/icbie.net.br\/wp-content\/uploads\/2025\/03\/Expressae-Outubro-2024-12-100x100.jpg 100w\" sizes=\"auto, (max-width: 300px) 100vw, 300px\" class=\"project-img-gallery\" data-no-retina=\"\" \/><\/div><figcaption><div class=\"portfolio-hover-main text-center\"><div class=\"portfolio-hover-box vertical-align-middle\"><div class=\"portfolio-icon\"><a href=\"https:\/\/icbie.net.br\/wp-content\/uploads\/2025\/03\/Expressae-Outubro-2024-12.jpg\" class=\"gallery-link\" data-group=\"pofo-lightbox-1\"  title=\"Expressa\u00ea Outubro 2024 (12)\"><i class=\"ti-zoom-in text-white fa-2x\" aria-hidden=\"true\"><\/i><\/a><\/div><\/div><\/div><\/figcaption><figure><\/li><\/ul><\/div><\/div><\/div><\/div><\/div><\/div><\/div><\/section>\n<\/div>","protected":false},"excerpt":{"rendered":"Expressa\u00ea [vc_empty_space]L'idea di EXPRESSA\u00ca \u00e8 nata dal desiderio dell'\u00e9quipe di ICBIE di godere dello spazio; l'evento realizza il desiderio dell'associazione di progredire attraverso azioni collettive e collaborative per e con la comunit\u00e0 della Penisola di Itapagipe e della citt\u00e0 di Salvador in generale. Poich\u00e9 l'obiettivo dell'ICBIE \u00e8 sempre stato quello di stimolare e incoraggiare la produzione, la diffusione e la circolazione culturale e artistica, invitiamo le persone a esporre le proprie creazioni nel formato di una piccola fiera in un ambiente semplice, accogliente e stimolante, dove si possano scambiare conoscenze, esperienze e informazioni tra espositori e visitatori. L'intenzione \u00e8 quella di dare ad artisti e artigiani meno conosciuti l'opportunit\u00e0 di esprimersi, da cui il nome dell'evento. Esprimersi non solo attraverso la produzione materiale, ma anche immateriale, come la musica, la danza, il teatro, la poesia e altri linguaggi artistici che possono essere proposti di edizione in edizione. EXPRESSA\u00ca vuole diventare un appuntamento fisso dell'agenda culturale salvadoregna, affinch\u00e9 il pubblico prenda l'abitudine di visitare il nostro Istituto alla ricerca di arte, cultura e novit\u00e0. Per partecipare a ogni edizione di EXPRESSA\u00ca, l'ICBIE lancia un modulo di iscrizione sui suoi social network 15 giorni prima dell'evento. Le quattro edizioni di EXPRESSA\u00ca sono:...","protected":false},"author":19,"featured_media":0,"parent":0,"menu_order":0,"comment_status":"closed","ping_status":"closed","template":"","meta":{"give_campaign_id":0,"footnotes":""},"class_list":["post-26225","page","type-page","status-publish","hentry"],"campaignId":"","_links":{"self":[{"href":"https:\/\/icbie.net.br\/it\/wp-json\/wp\/v2\/pages\/26225","targetHints":{"allow":["GET"]}}],"collection":[{"href":"https:\/\/icbie.net.br\/it\/wp-json\/wp\/v2\/pages"}],"about":[{"href":"https:\/\/icbie.net.br\/it\/wp-json\/wp\/v2\/types\/page"}],"author":[{"embeddable":true,"href":"https:\/\/icbie.net.br\/it\/wp-json\/wp\/v2\/users\/19"}],"replies":[{"embeddable":true,"href":"https:\/\/icbie.net.br\/it\/wp-json\/wp\/v2\/comments?post=26225"}],"version-history":[{"count":10,"href":"https:\/\/icbie.net.br\/it\/wp-json\/wp\/v2\/pages\/26225\/revisions"}],"predecessor-version":[{"id":26605,"href":"https:\/\/icbie.net.br\/it\/wp-json\/wp\/v2\/pages\/26225\/revisions\/26605"}],"wp:attachment":[{"href":"https:\/\/icbie.net.br\/it\/wp-json\/wp\/v2\/media?parent=26225"}],"curies":[{"name":"wp","href":"https:\/\/api.w.org\/{rel}","templated":true}]}}