{"id":22713,"date":"2021-06-03T00:37:05","date_gmt":"2021-06-03T00:37:05","guid":{"rendered":"https:\/\/icbie.net.br\/?page_id=22713"},"modified":"2025-03-10T15:04:31","modified_gmt":"2025-03-10T15:04:31","slug":"piccola-ribeira-bb","status":"publish","type":"page","link":"https:\/\/icbie.net.br\/it\/piccola-ribeira-bb\/","title":{"rendered":"PICCOLA RIBEIRA B&#038;B"},"content":{"rendered":"<div class=\"wpb-content-wrapper\"><section class=\"vc_row wpb_row vc_row-fluid\"><div class=\"wpb_column vc_column_container vc_col-sm-12  col-xs-mobile-fullwidth\"><div class=\"vc_column-inner \"><div class=\"wpb_wrapper\"><div class=\"last-paragraph-no-margin\" style=\"color: #000000;\"><h3 style=\"text-align: center;\"><strong>La<\/strong> <strong data-start=\"43\" data-end=\"66\">Piccola Ribeira B&#038;B<\/strong><\/h3>\n<\/div>[vc_empty_space]<div class=\"vc_row wpb_row vc_inner vc_row-fluid\"><div class=\"wpb_column vc_column_container vc_col-sm-8  col-xs-mobile-fullwidth\"><div class=\"vc_column-inner \"><div class=\"wpb_wrapper\"><div class=\"last-paragraph-no-margin\" style=\"color: #000000;\"><p data-start=\"40\" data-end=\"722\">La <strong data-start=\"43\" data-end=\"66\">Piccola Ribeira B&#038;B<\/strong>, in collaborazione con l\u2019<strong data-start=\"92\" data-end=\"101\">ICBIE<\/strong>, svolge una doppia funzione essenziale. Da un lato, offre ospitalit\u00e0 a volontari, artisti e insegnanti brasiliani che arrivano da altre citt\u00e0 e dall\u2019estero per sviluppare i loro progetti e attivit\u00e0 in collaborazione con l\u2019ICBIE. Dall\u2019altro, mette a disposizione alloggi a prezzi accessibili per sostenitori e visitatori dell\u2019istituto, oltre ad attrarre gli amanti del turismo responsabile e sociale. Tuttavia, la struttura non si limita a questo pubblico: \u00e8 aperta anche a turisti indipendenti in cerca di un\u2019opzione economica e confortevole per il loro soggiorno a Salvador.<\/p>\n<p data-start=\"724\" data-end=\"1250\">Situata in un ambiente tranquillo e accogliente, la <strong data-start=\"776\" data-end=\"795\">Piccola Ribeira<\/strong> ha un ingresso indipendente in Rua J\u00falio David e offre diverse tipologie di sistemazioni per soddisfare le esigenze degli ospiti. Le camere possono essere singole, doppie, triple o quadruple, tutte dotate di bagno privato, ventilatore e minibar, garantendo comfort e privacy. Per maggiore comodit\u00e0, la struttura offre connessione <strong data-start=\"1126\" data-end=\"1144\">Wi-Fi gratuita<\/strong>, oltre all\u2019opzione di colazione per chi desidera iniziare la giornata con un pasto gustoso e nutriente.<\/p>\n<p data-start=\"1252\" data-end=\"1707\">Gli spazi comuni sono un altro punto di forza. La <strong data-start=\"1302\" data-end=\"1321\">Piccola Ribeira<\/strong> dispone di un ampio giardino con alberi da frutto, creando un\u2019atmosfera piacevole e rilassante per gli ospiti. Inoltre, vi \u00e8 una terrazza con amache, perfetta per momenti di riposo e contemplazione. Sia per soggiorni brevi che per permanenze pi\u00f9 lunghe, la struttura si distingue per la sua ospitalit\u00e0, l\u2019ambiente familiare e il suo impegno verso la cultura e il turismo sostenibile.<\/p>\n<\/div><\/div><\/div><\/div><div class=\"wpb_column vc_column_container vc_col-sm-4  col-xs-mobile-fullwidth\"><div class=\"vc_column-inner \"><div class=\"wpb_wrapper\">[vc_gallery type=&#8221;nivo&#8221; interval=&#8221;0&#8243; images=&#8221;25434,25273&#8243; img_size=&#8221;full&#8221;][vc_gallery type=&#8221;nivo&#8221; interval=&#8221;0&#8243; images=&#8221;25435,25276&#8243; img_size=&#8221;full&#8221;]<\/div><\/div><\/div><\/div><\/div><\/div><\/div><div class=\"wpb_column vc_column_container  col-xs-mobile-fullwidth\"><div class=\"vc_column-inner \"><div class=\"wpb_wrapper\"><div class=\"vc_row wpb_row vc_inner vc_row-fluid\"><div class=\"wpb_column vc_column_container vc_col-sm-6  col-xs-mobile-fullwidth\"><div class=\"vc_column-inner \"><div class=\"wpb_wrapper\">[vc_gallery interval=&#8221;0&#8243; images=&#8221;25263,25262,25261,25260&#8243; img_size=&#8221;full&#8221;]<\/div><\/div><\/div><div class=\"wpb_column vc_column_container vc_col-sm-6  col-xs-mobile-fullwidth\"><div class=\"vc_column-inner \"><div class=\"wpb_wrapper\">[vc_gallery interval=&#8221;0&#8243; images=&#8221;25265,25264&#8243; img_size=&#8221;full&#8221;]<\/div><\/div><\/div><div class=\"wpb_column vc_column_container  col-xs-mobile-fullwidth\"><div class=\"vc_column-inner \"><div class=\"wpb_wrapper\">[vc_empty_space height=&#8221;52px&#8221;]<\/div><\/div><\/div><\/div><div class=\"vc_row wpb_row vc_inner vc_row-fluid\"><div class=\"wpb_column vc_column_container vc_col-sm-6  col-xs-mobile-fullwidth\"><div class=\"vc_column-inner \"><div class=\"wpb_wrapper\">[vc_empty_space height=&#8221;48px&#8221;]<div class=\"last-paragraph-no-margin\" style=\"color: #000000;\"><h6><strong>Servizi aggiuntivi:<\/strong><\/h6>\n<ul>\n<li>Trasferimenti in entrata e in uscita<\/li>\n<li>Visite guidate ed escursioni nella citt\u00e0 di Salvador con guide locali<\/li>\n<li>Attrazioni turistiche<\/li>\n<li>Attivit\u00e0 di pesca tradizionale nella baia di Todos os Santos accompagnate da pescatori locali<\/li>\n<li>Lezioni di italiano<\/li>\n<li>Capoeira<\/li>\n<li>Percussioni<\/li>\n<li>Danza afro-brasiliana (samba, forr\u00f3, ecc.)<\/li>\n<li>Lezioni di canottaggio e molto altro ancora<\/li>\n<\/ul>\n<\/div>[vc_empty_space height=&#8221;16px&#8221;]<div class=\"last-paragraph-no-margin\" style=\"color: #000000;\"><p style=\"text-align: center;\">Per ulteriori informazioni, contattare <span style=\"color: #0000ff;\"><strong>Marlene<\/strong><\/span> via e-mail: <a href=\"mailto:marleneicbie@gmail.com\">marleneicbie@gmail.com<\/a> o via WhatsApp +55 (71) 991963544.<\/p>\n<\/div><\/div><\/div><\/div><div class=\"wpb_column vc_column_container vc_col-sm-6  col-xs-mobile-fullwidth\"><div class=\"vc_column-inner \"><div class=\"wpb_wrapper\">[vc_empty_space height=&#8221;52px&#8221;][vc_gallery interval=&#8221;0&#8243; images=&#8221;25271,25266,25270,25268,25269,25267&#8243; img_size=&#8221;full&#8221; css=&#8221;&#8221;]<\/div><\/div><\/div><\/div><\/div><\/div><\/div><\/section>\n<\/div>","protected":false},"excerpt":{"rendered":"La Piccola Ribeira B&B [vc_empty_space]La Piccola Ribeira B&B, in collaborazione con l\u2019ICBIE, svolge una doppia funzione essenziale. Da un lato, offre ospitalit\u00e0 a volontari, artisti e insegnanti brasiliani che arrivano da altre citt\u00e0 e dall\u2019estero per sviluppare i loro progetti e attivit\u00e0 in collaborazione con l\u2019ICBIE. Dall\u2019altro, mette a disposizione alloggi a prezzi accessibili per sostenitori e visitatori dell\u2019istituto, oltre ad attrarre gli amanti del turismo responsabile e sociale. Tuttavia, la struttura non si limita a questo pubblico: \u00e8 aperta anche a turisti indipendenti in cerca di un\u2019opzione economica e confortevole per il loro soggiorno a Salvador. Situata in un ambiente tranquillo e accogliente, la Piccola Ribeira ha un ingresso indipendente in Rua J\u00falio David e offre diverse tipologie di sistemazioni per soddisfare le esigenze degli ospiti. Le camere possono essere singole, doppie, triple o quadruple, tutte dotate di bagno privato, ventilatore e minibar, garantendo comfort e privacy. Per maggiore comodit\u00e0, la struttura offre connessione Wi-Fi gratuita, oltre all\u2019opzione di colazione per chi desidera iniziare la giornata con un pasto gustoso e nutriente. Gli spazi comuni sono un altro punto di forza. La Piccola Ribeira dispone di un ampio giardino con alberi da frutto, creando un\u2019atmosfera piacevole e rilassante per...","protected":false},"author":1,"featured_media":0,"parent":0,"menu_order":0,"comment_status":"closed","ping_status":"closed","template":"","meta":{"give_campaign_id":0,"footnotes":""},"class_list":["post-22713","page","type-page","status-publish","hentry"],"campaignId":"","_links":{"self":[{"href":"https:\/\/icbie.net.br\/it\/wp-json\/wp\/v2\/pages\/22713","targetHints":{"allow":["GET"]}}],"collection":[{"href":"https:\/\/icbie.net.br\/it\/wp-json\/wp\/v2\/pages"}],"about":[{"href":"https:\/\/icbie.net.br\/it\/wp-json\/wp\/v2\/types\/page"}],"author":[{"embeddable":true,"href":"https:\/\/icbie.net.br\/it\/wp-json\/wp\/v2\/users\/1"}],"replies":[{"embeddable":true,"href":"https:\/\/icbie.net.br\/it\/wp-json\/wp\/v2\/comments?post=22713"}],"version-history":[{"count":24,"href":"https:\/\/icbie.net.br\/it\/wp-json\/wp\/v2\/pages\/22713\/revisions"}],"predecessor-version":[{"id":25753,"href":"https:\/\/icbie.net.br\/it\/wp-json\/wp\/v2\/pages\/22713\/revisions\/25753"}],"wp:attachment":[{"href":"https:\/\/icbie.net.br\/it\/wp-json\/wp\/v2\/media?parent=22713"}],"curies":[{"name":"wp","href":"https:\/\/api.w.org\/{rel}","templated":true}]}}