{"id":22687,"date":"2021-06-02T23:53:17","date_gmt":"2021-06-02T23:53:17","guid":{"rendered":"https:\/\/icbie.net.br\/?page_id=22687"},"modified":"2025-03-11T13:35:47","modified_gmt":"2025-03-11T13:35:47","slug":"mepe","status":"publish","type":"page","link":"https:\/\/icbie.net.br\/it\/mepe\/","title":{"rendered":"LO SPAZIO ESPOSITIVO ME.PE."},"content":{"rendered":"<div class=\"wpb-content-wrapper\"><section class=\"vc_row wpb_row vc_row-fluid\"><div class=\"wpb_column vc_column_container vc_col-sm-12  col-xs-mobile-fullwidth\"><div class=\"vc_column-inner \"><div class=\"wpb_wrapper\"><div class=\"last-paragraph-no-margin\" style=\"color: #000000;\"><h3 style=\"text-align: center;\"><strong>ME.PE. &#8211; MEmorie della PEnisola<\/strong><\/h3>\n<\/div>[vc_empty_space]<div class=\"vc_row wpb_row vc_inner vc_row-fluid\"><div class=\"wpb_column vc_column_container vc_col-sm-8  col-xs-mobile-fullwidth\"><div class=\"vc_column-inner \"><div class=\"wpb_wrapper\"><div class=\"last-paragraph-no-margin\" style=\"color: #000000;\"><p><span style=\"font-weight: 400;\">Parte integrante dell\u00b4ICBIE, il ME.PE. &#8211; MEmorie della PEnisola \u00e9 stato pensato e creato da Pietro Gallina nel 2014 come uno spazio di riferimento e conservazione di un archivio di memorie della Penisola di Itapagipe situata nella Citt\u00e1 Bassa di Salvador de Bahia.<\/span><\/p>\n<p><span style=\"font-weight: 400;\">Dal 25 agosto 2024, lo spazio ME.PE. Ha ravvivato il suo obiettivo, portando pi\u00f9 colore e movimento, in collaborazione con l&#8217;ATELI\u00ca POMAR, creato e gestito dall&#8217;artista G\u00e9ssica Lima.<\/span><\/p>\n<p><span style=\"font-weight: 400;\">Il tuo contributo aiuter\u00e0 nella manutenzione dello spazio e nell&#8217;aggiornamento delle informazioni in esso contenute, permettendo di proseguire le necessarie attivit\u00e0 di ricerca storica e fotografica sul territorio della Pen\u00ednsula de Itapagipe.<\/span><\/p>\n<p><span style=\"font-weight: 400;\">Il progetto prevede, oltre all&#8217;esposizione permanente, anche la realizzazione di mostre periodiche su temi specifici legati alla Penisola e alla sua trasformazione negli ultimi anni, promuovendo, ad esempio, concorsi fotografici, dibattiti, testimonianze di vecchi e nuovi abitanti, e altre numerose possibilit\u00e0<\/span>.<\/p>\n<\/div>[vc_empty_space]<div class=\"last-paragraph-no-margin\" style=\"color: #000000;\"><h6><em><b>Ancora a proposito del ME.PE.<\/b><\/em><\/h6>\n<p><span style=\"font-weight: 400;\">Nel maggio del 2014, l&#8217;ICBIE ha inaugurato una nuova sezione del suo &#8220;edificio culturale&#8221;: il progetto &#8220;ME.PE. \u2013 MEmorie della PEnisola&#8221;, uno spazio espositivo e un grande laboratorio che apre la narrazione sulla storia della Penisola de Itapagipe, nella Citt\u00e1 Bassa di Salvador.<\/span><\/p>\n<p><span style=\"font-weight: 400;\">Questo patrimonio, formato principalmente da archivi fotografici, \u00e8 nato, inizialmente, da una ricerca personale del fondatore e allora direttore artistico dell&#8217;ICBIE, Pietro Gallina, ma \u00e8 stato costruito in modo collaborativo come parte di una strategia per sensibilizzare e stimolare la partecipazione dei residenti nella creazione di questo progetto, dando loro anche la possibilit\u00e0 di discutere la propria storia attraverso le proprie memorie.<\/span><\/p>\n<p><i><span style=\"font-weight: 400;\">&#8220;Credo che prendersi cura di questo patrimonio sia molto importante per la nostra comunit\u00e0, poich\u00e9 la sua versatilit\u00e0 permette che venga utilizzato da diversi pubblici, da ricercatori a turisti interessati in un&#8217;esperienza pi\u00f9 profonda e di qualit\u00e1 della nostra cultura&#8221;<\/span><\/i><span style=\"font-weight: 400;\"> \u2013 Pietro Gallina, ideatore del ME.PE. e fondatore dell&#8217;ICBIE.<\/span><\/p>\n<p><span style=\"font-weight: 400;\">L&#8217;obiettivo del ME.PE. \u00e8 diventare un luogo che stimoli la conoscenza del proprio territorio, destinato alla comunit\u00e0 locale (ma non solo) affinch\u00e9 possa amare la propria terra e avere consapevolezza di ci\u00f2 che \u00e8 la Penisola e, in questo modo, possa essere coinvolta nella difesa, nel miglioramento e nel rispetto, partecipando ad attivit\u00e0 culturali, sportive e turistiche.<\/span><\/p>\n<p><span style=\"font-weight: 400;\">Dal 25 agosto 2024, lo spazio del ME.PE. ha rinnovato il suo obiettivo portando pi\u00f9 colore e movimento, in collaborazione con l&#8217;ATELI\u00ca POMAR, creato e gestito dall&#8217;artista G\u00e9ssica Lima dal dicembre 2020, che come suggerisce il nome, \u00e8 un terreno di alberi da frutto, e contribuir\u00e0 con laboratori, incontri artistici, musicali, poetici e letterari.<\/span><\/p>\n<p><span style=\"font-weight: 400;\">Uno spazio dove i visitatori troveranno creazione ed esposizione nello stesso luogo, comprendendo e imparando su un passato ricco di memorie e scrivendo nuove storie, a partire dal qui e dall\u00b4oggi.<\/span><\/p>\n<\/div><\/div><\/div><\/div><div class=\"wpb_column vc_column_container vc_col-sm-4  col-xs-mobile-fullwidth\"><div class=\"vc_column-inner \"><div class=\"wpb_wrapper\">[vc_empty_space height=&#8221;64px&#8221;][vc_video link=&#8221;https:\/\/youtube.com\/shorts\/CJl7ERgP8KQ&#8221; el_aspect=&#8221;916&#8243; align=&#8221;center&#8221; css_animation=&#8221;fadeIn&#8221; css=&#8221;&#8221;][vc_empty_space]<div class=\"last-paragraph-no-margin\"><p><span style=\"font-weight: 400;\">ME.PE. e ATELI\u00ca POMAR sono ora aperti per visite nei seguenti giorni e orari:<\/span><\/p>\n<ul>\n<li style=\"font-weight: 400;\" aria-level=\"1\"><span style=\"font-weight: 400;\">Marted\u00ec e gioved\u00ec dalle 10:00 alle 17:00<\/span><\/li>\n<li style=\"font-weight: 400;\" aria-level=\"1\"><span style=\"font-weight: 400;\">Mercoled\u00ec e venerd\u00ec visita e accoglienza con prenotazione<\/span><\/li>\n<li style=\"font-weight: 400;\" aria-level=\"1\"><span style=\"font-weight: 400;\">Sabato e domenica: verificare disponibilit\u00e0\u00a0<\/span><\/li>\n<\/ul>\n<p><span style=\"font-weight: 400;\">Ingresso: Rua Porto dos Tainheiros, 36<\/span><\/p>\n<p><span style=\"font-weight: 400;\">Informazioni tramite Instagram: @icbiesalvador e @pomar.atelie<\/span><\/p>\n<\/div><\/div><\/div><\/div><\/div>[vc_empty_space height=&#8221;52px&#8221;]<div class=\"vc_row wpb_row vc_inner vc_row-fluid\"><div class=\"wpb_column vc_column_container vc_col-sm-3  col-xs-mobile-fullwidth\"><div class=\"vc_column-inner \"><div class=\"wpb_wrapper\">[vc_single_image image=&#8221;25418&#8243; img_size=&#8221;full&#8221; alignment=&#8221;center&#8221; style=&#8221;vc_box_rounded&#8221;]<\/div><\/div><\/div><div class=\"wpb_column vc_column_container vc_col-sm-3  col-xs-mobile-fullwidth\"><div class=\"vc_column-inner \"><div class=\"wpb_wrapper\">[vc_single_image image=&#8221;25419&#8243; img_size=&#8221;full&#8221; alignment=&#8221;center&#8221; style=&#8221;vc_box_rounded&#8221;]<\/div><\/div><\/div><div class=\"wpb_column vc_column_container vc_col-sm-3  col-xs-mobile-fullwidth\"><div class=\"vc_column-inner \"><div class=\"wpb_wrapper\">[vc_single_image image=&#8221;25421&#8243; img_size=&#8221;full&#8221; alignment=&#8221;center&#8221; style=&#8221;vc_box_rounded&#8221;]<\/div><\/div><\/div><div class=\"wpb_column vc_column_container vc_col-sm-3  col-xs-mobile-fullwidth\"><div class=\"vc_column-inner \"><div class=\"wpb_wrapper\">[vc_single_image image=&#8221;25420&#8243; img_size=&#8221;full&#8221; alignment=&#8221;center&#8221; style=&#8221;vc_box_rounded&#8221;]<\/div><\/div><\/div><\/div><div class=\"vc_row wpb_row vc_inner vc_row-fluid\"><div class=\"wpb_column vc_column_container vc_col-sm-12  col-xs-mobile-fullwidth\"><div class=\"vc_column-inner \"><div class=\"wpb_wrapper\">[vc_empty_space height=&#8221;52px&#8221;]<div class=\"last-paragraph-no-margin\" style=\"color: #141414;\"><h6><em><b>Alcune informazioni sulla Penisola di Itapagipe: una perla nella Baia di Tutti i Santi<\/b><\/em><\/h6>\n<\/div><div class=\"last-paragraph-no-margin\" style=\"color: #000000;\"><p><span style=\"font-weight: 400;\">La ricchezza storica e artistica di Itapagipe \u00e9 immensa e difficilmente pu\u00f3 essere riassunta in un\u00b4unica pagina. Luogo di imbarcazioni, religione, pesca, artigianato, fabbriche, feste popolari, calcio e club di canottaggio.<\/span><\/p>\n<p><span style=\"font-weight: 400;\">Si distaccano alcune chiese famose come quella di Bonfim e di Boa Viagem, monumenti architettonici come l\u00b4ex fabbrica dei Fratelli Vita, la casa di riposo Dom Pedro II, la grande villa residenziale del Solar Amado Bahia, il palazzetto Machado, che sono vere opere d\u00b4arte.\u00a0<\/span><\/p>\n<p><span style=\"font-weight: 400;\">Oltre al patrimonio artistico monumentale, ci sono anche molti avvenimenti importanti che hanno come scenario il territorio della Penisola:\u00a0<\/span><\/p>\n<p><span style=\"font-weight: 400;\">1903<\/span><span style=\"font-weight: 400;\"><br \/>\n<\/span><span style=\"font-weight: 400;\">Il padre dell\u00b4aviazione moderna, Santos Dumont, partecip\u00f3 di una delle prime competizioni di canottaggio iniziando cos\u00ed la gloriosa storia dei club canottaggio della Ribeira<\/span><\/p>\n<p>Dal 1922 al 1931<br \/>\nNelle prime traversate aeree dell\u00b4Oceano Atlantico del sud, i piloti: Gago Coutinho \u2013 portoghese, Jo\u00e2o Ribeiro de Barros \u2013 brasiliano e Italo Balbo \u2013 italiano, quest\u00b4ultimo con una quadriglia di 11 aerei, fecero scalo nell\u00b4allora idroscalo di Ribeira. 21.06.2025<\/p>\n<p><span style=\"font-weight: 400;\">1939<\/span><span style=\"font-weight: 400;\"><br \/>\n<\/span><span style=\"font-weight: 400;\">Get\u00falio Vargas visit\u00f3 il primo pozzo di petrolio del Brasile nel quartiere di Joanes-Lobato.<\/span><\/p>\n<p><span style=\"font-weight: 400;\">1980<\/span><span style=\"font-weight: 400;\"><br \/>\n<\/span><span style=\"font-weight: 400;\">Il papa Giovanni Paolo II inaugur\u00f3 la Chiesa degli Alagados e visit\u00f3 la suora Irm\u00e3 Dulce.\u00a0<\/span><\/p>\n<p><span style=\"font-weight: 400;\">Dagli anni 50 fino al 1964 l\u00b4edificio che ospita l \u00b4ICBIE fu sede del club sportivo della squadra di calcio del Bahia.<\/span><\/p>\n<p><span style=\"font-weight: 400;\">La Pen\u00ednsula de Itapagipe \u00e8 estremamente ricca e densa di informazioni culturali e storiche e, per questo motivo, il ME.PE. vuole contribuire al rafforzamento e alla preservazione della memoria di questo territorio.<\/span><\/p>\n<\/div>[vc_empty_space]<\/div><\/div><\/div><\/div><div class=\"vc_row wpb_row vc_inner vc_row-fluid\"><div class=\"wpb_column vc_column_container vc_col-sm-3  col-xs-mobile-fullwidth\"><div class=\"vc_column-inner \"><div class=\"wpb_wrapper\">[vc_single_image image=&#8221;25429&#8243; img_size=&#8221;410&#215;294&#8243; css=&#8221;&#8221;][vc_empty_space][vc_single_image image=&#8221;25428&#8243; img_size=&#8221;410&#215;294&#8243; css=&#8221;&#8221;]<\/div><\/div><\/div><div class=\"wpb_column vc_column_container vc_col-sm-3  col-xs-mobile-fullwidth\"><div class=\"vc_column-inner \"><div class=\"wpb_wrapper\">[vc_single_image image=&#8221;25422&#8243; img_size=&#8221;410&#215;638&#8243; css=&#8221;&#8221;]<\/div><\/div><\/div><div class=\"wpb_column vc_column_container vc_col-sm-3  col-xs-mobile-fullwidth\"><div class=\"vc_column-inner \"><div class=\"wpb_wrapper\">[vc_single_image image=&#8221;25424&#8243; img_size=&#8221;410&#215;294&#8243; css=&#8221;&#8221;][vc_empty_space][vc_single_image image=&#8221;25427&#8243; img_size=&#8221;410&#215;294&#8243; css=&#8221;&#8221;]<\/div><\/div><\/div><div class=\"wpb_column vc_column_container vc_col-sm-3  col-xs-mobile-fullwidth\"><div class=\"vc_column-inner \"><div class=\"wpb_wrapper\">[vc_single_image image=&#8221;25425&#8243; img_size=&#8221;410&#215;638&#8243; css=&#8221;&#8221;]<\/div><\/div><\/div><\/div><\/div><\/div><\/div><\/section>\n<\/div>","protected":false},"excerpt":{"rendered":"ME.PE. - MEmorie della PEnisola [vc_empty_space]Parte integrante dell\u00b4ICBIE, il ME.PE. - MEmorie della PEnisola \u00e9 stato pensato e creato da Pietro Gallina nel 2014 come uno spazio di riferimento e conservazione di un archivio di memorie della Penisola di Itapagipe situata nella Citt\u00e1 Bassa di Salvador de Bahia. Dal 25 agosto 2024, lo spazio ME.PE. Ha ravvivato il suo obiettivo, portando pi\u00f9 colore e movimento, in collaborazione con l'ATELI\u00ca POMAR, creato e gestito dall'artista G\u00e9ssica Lima. Il tuo contributo aiuter\u00e0 nella manutenzione dello spazio e nell'aggiornamento delle informazioni in esso contenute, permettendo di proseguire le necessarie attivit\u00e0 di ricerca storica e fotografica sul territorio della Pen\u00ednsula de Itapagipe. Il progetto prevede, oltre all'esposizione permanente, anche la realizzazione di mostre periodiche su temi specifici legati alla Penisola e alla sua trasformazione negli ultimi anni, promuovendo, ad esempio, concorsi fotografici, dibattiti, testimonianze di vecchi e nuovi abitanti, e altre numerose possibilit\u00e0. [vc_empty_space]Ancora a proposito del ME.PE. Nel maggio del 2014, l'ICBIE ha inaugurato una nuova sezione del suo \"edificio culturale\": il progetto \"ME.PE. \u2013 MEmorie della PEnisola\", uno spazio espositivo e un grande laboratorio che apre la narrazione sulla storia della Penisola de Itapagipe, nella Citt\u00e1 Bassa di Salvador. Questo patrimonio, formato...","protected":false},"author":1,"featured_media":0,"parent":0,"menu_order":0,"comment_status":"closed","ping_status":"closed","template":"","meta":{"give_campaign_id":0,"footnotes":""},"class_list":["post-22687","page","type-page","status-publish","hentry"],"campaignId":"","_links":{"self":[{"href":"https:\/\/icbie.net.br\/it\/wp-json\/wp\/v2\/pages\/22687","targetHints":{"allow":["GET"]}}],"collection":[{"href":"https:\/\/icbie.net.br\/it\/wp-json\/wp\/v2\/pages"}],"about":[{"href":"https:\/\/icbie.net.br\/it\/wp-json\/wp\/v2\/types\/page"}],"author":[{"embeddable":true,"href":"https:\/\/icbie.net.br\/it\/wp-json\/wp\/v2\/users\/1"}],"replies":[{"embeddable":true,"href":"https:\/\/icbie.net.br\/it\/wp-json\/wp\/v2\/comments?post=22687"}],"version-history":[{"count":39,"href":"https:\/\/icbie.net.br\/it\/wp-json\/wp\/v2\/pages\/22687\/revisions"}],"predecessor-version":[{"id":26301,"href":"https:\/\/icbie.net.br\/it\/wp-json\/wp\/v2\/pages\/22687\/revisions\/26301"}],"wp:attachment":[{"href":"https:\/\/icbie.net.br\/it\/wp-json\/wp\/v2\/media?parent=22687"}],"curies":[{"name":"wp","href":"https:\/\/api.w.org\/{rel}","templated":true}]}}