{"id":22662,"date":"2021-06-02T23:09:40","date_gmt":"2021-06-02T23:09:40","guid":{"rendered":"https:\/\/icbie.net.br\/?page_id=22662"},"modified":"2025-04-03T16:08:26","modified_gmt":"2025-04-03T16:08:26","slug":"a-biblioteca","status":"publish","type":"page","link":"https:\/\/icbie.net.br\/it\/a-biblioteca\/","title":{"rendered":"LA BIBLIOTECA"},"content":{"rendered":"<div class=\"wpb-content-wrapper\"><section class=\"vc_row wpb_row vc_row-fluid  vc_custom_1736792376574 vc_row-has-fill\"><div class=\"wpb_column vc_column_container vc_col-sm-12  col-xs-mobile-fullwidth\"><div class=\"vc_column-inner \"><div class=\"wpb_wrapper\"><div class=\"last-paragraph-no-margin\" style=\"color: #000000;\"><h3 style=\"text-align: center;\"><strong>La Biblioteca Internazionale Leonardo da Vinci<\/strong><\/h3>\n<\/div>[vc_empty_space height=&#8221;48px&#8221;]<div class=\"vc_row wpb_row vc_inner vc_row-fluid\"><div class=\"wpb_column vc_column_container vc_col-sm-8  col-xs-mobile-fullwidth\"><div class=\"vc_column-inner \"><div class=\"wpb_wrapper\"><div class=\"last-paragraph-no-margin\" style=\"color: #000000;\"><p><span style=\"font-weight: 400;\">La Biblioteca Internazionale Leonardo da Vinci, con il suo vasto e prezioso patrimonio bibliografico e multimediale, ha come obiettivo principale diventare un polo di aggregazione culturale nella Citt\u00e1 Bassa di Salvador, stimolando l\u2019educazione e promuovendo la lettura e la ricerca in tutte le aree del sapere umano, in un intenso scambio di conoscenze tra il patrimonio culturale italiano ed europeo e quello brasiliano e sudamericano.<\/span><\/p>\n<p><span style=\"font-weight: 400;\">La Biblioteca non ha scopi di lucro e vuole offrire un servizio pubblico a lettori e ricercatori, scuole e universit\u00e0, organizzando eventi culturali e artistici, nonch\u00e9 corsi di lingua.<\/span><\/p>\n<p><span style=\"font-weight: 400;\">Da luglio 2023, l&#8217;ICBIE ha potuto contare su un team di qualit\u00e0 per ridare vita alla nostra Biblioteca, le cui attivit\u00e0 erano state interrotte durante la pandemia e dopo la scomparsa del nostro fondatore, Pietro Gallina, nel 2022. La famiglia del nostro amico e collaboratore Jos\u00e9 Paranagu\u00e1, composta dalla moglie Shirley e dalle figlie Iamani e Irani, ha dedicato parte del proprio tempo alla manutenzione, pulizia e riorganizzazione del patrimonio librario.<\/span><\/p>\n<p><span style=\"font-weight: 400;\">L&#8217;unione ha fatto la forza e la buona volont\u00e0 ha dato nuova vita alla Biblioteca. A partire da novembre 2023, infatti, si \u00e8 unita a questo team la bibliotecaria Lucileide Santos Lib\u00f3rio che, nei primi mesi come volontaria, ha avviato con grande professionalit\u00e0 il processo di igienizzazione, archiviazione, riparazione e classificazione del nostro acervo bibliografico.<\/span><\/p>\n<p><span style=\"font-weight: 400;\">Il 15\/05\/2024, la biblioteca \u00e8 stata premiata con il Premio Ponto de Leitura 2023 attraverso il bando pubblico MinC (Ministero della Cultura) n\u00b0 6\/2023, grazie al progetto &#8220;Libro e lettura nella Penisola di Itapagipe&#8221;, che ha permesso la continuazione del lavoro in biblioteca almeno fino a marzo 2025.<\/span><\/p>\n<p><span style=\"font-weight: 400;\">La tua donazione sar\u00e0 utile e necessaria per proseguire e intensificare questo lavoro di catalogazione e manutenzione continua del patrimonio librario, al fine di rendere la Biblioteca accessibile al pubblico e offrire nuove attivit\u00e0, come la creazione del Circolo del Libro. L&#8217;idea \u00e8 di formare un collettivo di persone interessate a discutere di libri e letteratura, scegliendo un libro ogni mese, ma anche ospitando altre attivit\u00e0 come: presentazioni di libri, lettura e declamazione di poesie, proiezioni di film, e altre innumerevoli possibilit\u00e0.<\/span><\/p>\n<\/div>[vc_empty_space height=&#8221;16px&#8221;]<div class=\"last-paragraph-no-margin\"><h6 style=\"text-align: justify;\"><em>\u201cUn popolo che non legge e non studia rimane nell\u2019ignoranza e sar\u00e0 sempre dominato, umiliato, sottomesso ai padroni della politica e dell\u2019economia.\u201d<\/em><span style=\"font-weight: 400;\"><br \/>\n<\/span><span style=\"font-weight: 400;\">\u2014 Pietro Gallina<\/span><\/h6>\n<\/div><\/div><\/div><\/div><div class=\"wpb_column vc_column_container vc_col-sm-4  col-xs-mobile-fullwidth\"><div class=\"vc_column-inner \"><div class=\"wpb_wrapper\">[vc_video link=&#8221;https:\/\/www.youtube.com\/shorts\/9fys7DMg-A8&#8243; el_aspect=&#8221;916&#8243; css=&#8221;&#8221;]<\/div><\/div><\/div><\/div><\/div><\/div><\/div><\/section><section class=\"vc_row wpb_row vc_row-fluid  vc_custom_1736792500448 vc_row-has-fill\"><div class=\"wpb_column vc_column_container vc_col-sm-12  col-xs-mobile-fullwidth\"><div class=\"vc_column-inner \"><div class=\"wpb_wrapper\"><div class=\"last-paragraph-no-margin\" style=\"color: #000000;\"><p><span style=\"font-weight: 400;\">La Biblioteca Internazionale Leonardo da Vinci, parte integrante dell\u2019ICBIE, \u00e8 costituita da un patrimonio di straordinaria ricchezza e variet\u00e0, con circa 16.000 titoli in diverse lingue (portoghese, italiano, inglese, francese, tedesco, spagnolo, ecc.), oltre a una collezione di materiali di supporto composta da CD, LP, DVD, che trattano aspetti culturali di varie discipline: musica, teatro e balletto; enciclopedie internazionali, riviste, biografie e saggi con spartiti per orchestra, pianoforte, operette, commedie musicali, opere liriche, musica sinfonica e da camera; libretti d&#8217;opera, per lo pi\u00f9 di musica classica e contemporanea europea, oltre a jazz e musica popolare brasiliana e internazionale. La biblioteca include anche opere di letteratura in lingua originale o in traduzione italiana e portoghese, nonch\u00e9 volumi fondamentali nei campi della psicologia, sociologia, comunicazione, linguistica, storia, politica, filosofia, geografia, belle arti, turismo, fotografia, moda, religione, cinema, saggi di critica estetica e una collezione di libri antichi risalenti ai secoli XVIII e XIX.<\/span><\/p>\n<\/div>[vc_empty_space height=&#8221;16px&#8221;]<div class=\"last-paragraph-no-margin\" style=\"color: #000000;\"><p><span style=\"font-weight: 400;\">Ad eccezione delle recenti donazioni che hanno arricchito ulteriormente la sezione di letteratura brasiliana, l\u2019intera collezione della Biblioteca \u2013 appartenuta al giornalista e musicologo Pietro Gallina \u2013 \u00e8 stata trasportata in Brasile a bordo di una nave partita da Salerno, Italia, con destinazione Salvador.<\/span><\/p>\n<p><span style=\"font-weight: 400;\">Situata nella periferia di Salvador, nel pittoresco quartiere della Ribeira, un\u2019area con poca infrastruttura culturale, la Biblioteca rappresenta un centro di estrema importanza per la comunit\u00e0 locale. Il suo obiettivo \u00e8 colmare il divario nella disponibilit\u00e0 di spazi per la ricerca, lo studio e l\u2019organizzazione di corsi, favorendo un processo educativo e culturale interattivo, partecipativo e creativo, che contribuisca allo sviluppo sociale e culturale della regione e a una migliore qualit\u00e0 della vita.<\/span><\/p>\n<p><span style=\"font-weight: 400;\">La Biblioteca \u00e8 ospitata in un\u2019ampia sala all\u2019interno dell\u2019antico edificio dell\u2019ICBIE. Lo spazio \u00e8 ben ventilato e dotato di aria condizionata, per garantire sia la conservazione ottimale dei libri sia un ambiente piacevole per i visitatori. Di fronte alla Biblioteca si trova la sala di lettura, arredata con grandi tavoli e numerose sedie, pensata per la consultazione e la lettura dei volumi, ma anche come luogo ideale per ospitare recital, incontri letterari e presentazioni di libri. La sala di lettura \u00e8 ben illuminata, silenziosa e ariosa, offrendo il massimo del comfort ai lettori.<\/span><\/p>\n<p><span style=\"font-weight: 400;\">La Biblioteca \u00e8 aperta a tutti coloro che sono interessati allo studio delle lingue, della musica, della filosofia e delle arti. \u00c8 possibile prenotare visite guidate per gruppi scolastici e non, concordando anticipatamente data e orario.<\/span><\/p>\n<p><span style=\"font-weight: 400;\">Il pubblico della Biblioteca \u00e8 composto principalmente da studenti ed ex studenti dell\u2019ICBIE, residenti nel quartiere o nelle zone limitrofe, ma anche da universitari alla ricerca di testi specifici non reperibili nelle biblioteche cittadine o accademiche. Inoltre, la Biblioteca attira l\u2019interesse di appassionati e curiosi, affascinati dall\u2019idea di esplorare un ambiente unico, una biblioteca tradizionale e analogica, lontana dalle abitudini digitali che oggi permeano ogni aspetto della vita quotidiana.<\/span><\/p>\n<\/div>[vc_empty_space]<\/div><\/div><\/div><\/section><section class=\"vc_row wpb_row vc_row-fluid  vc_custom_1736792522558 vc_row-has-fill\"><div class=\"wpb_column vc_column_container vc_col-sm-4  col-xs-mobile-fullwidth\"><div class=\"vc_column-inner \"><div class=\"wpb_wrapper\">[vc_single_image image=&#8221;25399&#8243; img_size=&#8221;full&#8221; alignment=&#8221;center&#8221; style=&#8221;vc_box_rounded&#8221;][vc_empty_space][vc_single_image image=&#8221;25404&#8243; img_size=&#8221;full&#8221; css=&#8221;&#8221;][vc_empty_space][vc_single_image image=&#8221;25401&#8243; img_size=&#8221;full&#8221; css=&#8221;&#8221;]<\/div><\/div><\/div><div class=\"wpb_column vc_column_container vc_col-sm-4  col-xs-mobile-fullwidth\"><div class=\"vc_column-inner \"><div class=\"wpb_wrapper\">[vc_single_image image=&#8221;25410&#8243; img_size=&#8221;full&#8221;][vc_empty_space][vc_single_image image=&#8221;25403&#8243; img_size=&#8221;full&#8221; css=&#8221;&#8221;][vc_empty_space][vc_single_image image=&#8221;25407&#8243; img_size=&#8221;full&#8221; css=&#8221;&#8221;]<\/div><\/div><\/div><div class=\"wpb_column vc_column_container vc_col-sm-4  col-xs-mobile-fullwidth\"><div class=\"vc_column-inner \"><div class=\"wpb_wrapper\">[vc_single_image image=&#8221;25405&#8243; img_size=&#8221;full&#8221; css=&#8221;&#8221;][vc_empty_space][vc_single_image image=&#8221;25402&#8243; img_size=&#8221;full&#8221; css=&#8221;&#8221;][vc_empty_space][vc_single_image image=&#8221;25408&#8243; img_size=&#8221;full&#8221; css=&#8221;&#8221;]<\/div><\/div><\/div><\/section>\n<\/div>","protected":false},"excerpt":{"rendered":"La Biblioteca Internazionale Leonardo da Vinci [vc_empty_space height=\"48px\"]La Biblioteca Internazionale Leonardo da Vinci, con il suo vasto e prezioso patrimonio bibliografico e multimediale, ha come obiettivo principale diventare un polo di aggregazione culturale nella Citt\u00e1 Bassa di Salvador, stimolando l\u2019educazione e promuovendo la lettura e la ricerca in tutte le aree del sapere umano, in un intenso scambio di conoscenze tra il patrimonio culturale italiano ed europeo e quello brasiliano e sudamericano. La Biblioteca non ha scopi di lucro e vuole offrire un servizio pubblico a lettori e ricercatori, scuole e universit\u00e0, organizzando eventi culturali e artistici, nonch\u00e9 corsi di lingua. Da luglio 2023, l'ICBIE ha potuto contare su un team di qualit\u00e0 per ridare vita alla nostra Biblioteca, le cui attivit\u00e0 erano state interrotte durante la pandemia e dopo la scomparsa del nostro fondatore, Pietro Gallina, nel 2022. La famiglia del nostro amico e collaboratore Jos\u00e9 Paranagu\u00e1, composta dalla moglie Shirley e dalle figlie Iamani e Irani, ha dedicato parte del proprio tempo alla manutenzione, pulizia e riorganizzazione del patrimonio librario. L'unione ha fatto la forza e la buona volont\u00e0 ha dato nuova vita alla Biblioteca. A partire da novembre 2023, infatti, si \u00e8 unita a questo team la...","protected":false},"author":1,"featured_media":0,"parent":0,"menu_order":0,"comment_status":"closed","ping_status":"closed","template":"","meta":{"give_campaign_id":0,"footnotes":""},"class_list":["post-22662","page","type-page","status-publish","hentry"],"campaignId":"","_links":{"self":[{"href":"https:\/\/icbie.net.br\/it\/wp-json\/wp\/v2\/pages\/22662","targetHints":{"allow":["GET"]}}],"collection":[{"href":"https:\/\/icbie.net.br\/it\/wp-json\/wp\/v2\/pages"}],"about":[{"href":"https:\/\/icbie.net.br\/it\/wp-json\/wp\/v2\/types\/page"}],"author":[{"embeddable":true,"href":"https:\/\/icbie.net.br\/it\/wp-json\/wp\/v2\/users\/1"}],"replies":[{"embeddable":true,"href":"https:\/\/icbie.net.br\/it\/wp-json\/wp\/v2\/comments?post=22662"}],"version-history":[{"count":35,"href":"https:\/\/icbie.net.br\/it\/wp-json\/wp\/v2\/pages\/22662\/revisions"}],"predecessor-version":[{"id":26403,"href":"https:\/\/icbie.net.br\/it\/wp-json\/wp\/v2\/pages\/22662\/revisions\/26403"}],"wp:attachment":[{"href":"https:\/\/icbie.net.br\/it\/wp-json\/wp\/v2\/media?parent=22662"}],"curies":[{"name":"wp","href":"https:\/\/api.w.org\/{rel}","templated":true}]}}