{"id":22545,"date":"2021-06-02T16:34:38","date_gmt":"2021-06-02T16:34:38","guid":{"rendered":"https:\/\/icbie.net.br\/?page_id=22545"},"modified":"2025-03-10T12:55:40","modified_gmt":"2025-03-10T12:55:40","slug":"o-casarao","status":"publish","type":"page","link":"https:\/\/icbie.net.br\/it\/o-casarao\/","title":{"rendered":"L\u00b4EDIFICIO"},"content":{"rendered":"<div class=\"wpb-content-wrapper\"><section class=\"vc_row wpb_row vc_row-fluid\"><div class=\"wpb_column vc_column_container vc_col-sm-12  col-xs-mobile-fullwidth\"><div class=\"vc_column-inner \"><div class=\"wpb_wrapper\"><div class=\"last-paragraph-no-margin\" style=\"color: #000000;\"><h3 style=\"text-align: center;\"><strong>L&#8217;Edificio<\/strong><\/h3>\n<\/div><div class=\"vc_row wpb_row vc_inner vc_row-fluid\"><div class=\"wpb_column vc_column_container vc_col-sm-3\/5  col-xs-mobile-fullwidth\"><div class=\"vc_column-inner \"><div class=\"wpb_wrapper\">[vc_empty_space]<div class=\"last-paragraph-no-margin\" style=\"color: #000000;\"><p>La struttura architettonica della sede dell&#8217;ICBIE \u00e8 costituita da tre piani che risalgono all&#8217;inizio del XX secolo, ma forse i primi lavori di costruzione dell&#8217;edificio sono iniziati alla fine del XIX secolo.<\/p>\n<p>Lo stile eclettico sembra fondersi con uno stile liberty sereno ed elegante, con qualcosa dello stile barocco e influenze classiche inglesi, che sono evidenti non solo nelle dimensioni delle finestre ma anche nella loro geometria.<\/p>\n<p>Infatti, presenta un timpano a est e un altro a ovest, con finti pilastri e capitelli, decorazioni con conchiglie, molluschi che simboleggiano la ricchezza, e con corone floreali e tre cerchi, che sicuramente raffigurano qualche simbologia esoterica, probabilmente importante per la famiglia committente o anche per l&#8217;architetto.<\/p>\n<\/div><\/div><\/div><\/div><div class=\"wpb_column vc_column_container vc_col-has-fill vc_col-sm-2\/5  col-xs-mobile-fullwidth\"><div class=\"vc_column-inner vc_custom_1622664297759\"><div class=\"wpb_wrapper\">[vc_empty_space][vc_gallery interval=&#8221;0&#8243; images=&#8221;25367,25369,25371&#8243; img_size=&#8221;full&#8221;]<\/div><\/div><\/div><\/div><\/div><\/div><\/div><div class=\"wpb_column vc_column_container  col-xs-mobile-fullwidth\"><div class=\"vc_column-inner \"><div class=\"wpb_wrapper\"><div class=\"vc_row wpb_row vc_inner vc_row-fluid\"><div class=\"wpb_column vc_column_container vc_col-sm-3\/5  col-xs-mobile-fullwidth\"><div class=\"vc_column-inner \"><div class=\"wpb_wrapper\"><div class=\"last-paragraph-no-margin\" style=\"color: #000000;\"><p>All&#8217;ingresso si trova la sede di ME.PE. Memorie della Penisola.<\/p>\n<p>Un cortile d\u00e0 accesso alle sale principali, che ospitano una sala studio abbinata alla biblioteca e altre tre sale per l&#8217;amministrazione e l&#8217;organizzazione interna.<\/p>\n<p>Una sala con vista sul mare per mostre e conferenze collega i due piani attraverso una scala a chiocciola in legno di palissandro. Al piano superiore si trova un&#8217;altra sala con vista sul mare.<br \/>\nCi sono quattro servizi igienici ben distribuiti per l&#8217;igiene.<br \/>\nAl secondo piano si trovano anche i locali ad accesso limitato con altre tre camere e un ampio salone, cucina e bagno.<\/p>\n<p>Le solide pareti sono state posate con una miscela di olio di balena, mattoni e malta. Il pavimento \u00e8 rivestito di parquet, restaurato senza alterare la struttura originale. Sono state restaurate circa 40 finestre e 20 porte e il tetto in legno \u00e8 stato ricostruito con tegole in ceramica, mantenendo la vecchia struttura. L&#8217;impianto elettrico \u00e8 stato completamente rinnovato, un intervento urgente e necessario per prevenire un possibile incendio, viste le condizioni disastrose in cui si trovava in precedenza.<\/p>\n<p>Come altri edifici del quartiere Ribeira, la sede \u00e8 stata costruita come una grande casa estiva, a 6 km dal Pelourinho e dal Mercado Modelo, all&#8217;epoca un&#8217;attiva area portuale e commerciale della citt\u00e0 di Salvador. La parte finale della penisola di Itapagipe era allora una fattoria, o meglio una grande tenuta appartenente alla ricca famiglia di armatori Amado Bahia.<\/p>\n<\/div><\/div><\/div><\/div><div class=\"wpb_column vc_column_container vc_col-sm-2\/5  col-xs-mobile-fullwidth\"><div class=\"vc_column-inner \"><div class=\"wpb_wrapper\">[vc_gallery interval=&#8221;0&#8243; images=&#8221;25376,25377,25378,25379,25380&#8243; img_size=&#8221;full&#8221;][vc_gallery interval=&#8221;0&#8243; images=&#8221;25381,25382,25383,25384,25385&#8243; img_size=&#8221;full&#8221;]<\/div><\/div><\/div><\/div><\/div><\/div><\/div><div class=\"wpb_column vc_column_container  col-xs-mobile-fullwidth\"><div class=\"vc_column-inner \"><div class=\"wpb_wrapper\"><div class=\"last-paragraph-no-margin\" style=\"color: #000000;\"><p>La stessa famiglia che quasi contemporaneamente costru\u00ec il famoso Solar Amado-Bahia, un monumento protetto dal Governo Federale, una \u201cVersailles\u201d in miniatura per l&#8217;alta borghesia di Bahia (questa casa padronale un tempo ospitava una scuola, oggi \u00e8 stata ristrutturata e ospita il Museo del Gelato, che racconta la storia del gelato e della famiglia Amado Bahia, con una gelateria sullo sfondo).<\/p>\n<p>In quel periodo cominciarono a sorgere molti altri edifici tipici, inizialmente per i numerosi figli, nipoti e pronipoti della famiglia Amado Bahia, e si presume che siano stati venduti molti terreni per dividere la grande fattoria in piccole propriet\u00e0. Questa ipotesi deriva dalla rapidit\u00e0 con cui furono costruite un gran numero di piccole case tra gli anni Dieci e Trenta del Novecento, considerando che la famiglia poteva essere composta da circa trecento membri. La nostra sede apparteneva evidentemente a un nipote della famiglia, poich\u00e9 si distingue per le sue proporzioni discretamente imponenti e per l&#8217;eleganza serena e sobria.<\/p>\n<p>A partire dagli anni &#8217;50, \u00e8 stata la sede dell&#8217;Esporte Clube Bahia de Futebol, che probabilmente l&#8217;ha affittata fino alla fine degli anni &#8217;60. Nella zona si dice che Dona Raquel, la pi\u00f9 antica discendente della famiglia Bahia Ramos, abbia vissuto in questo palazzo fino ai primi anni &#8217;70 e abbia mantenuto bene l&#8217;edificio.<\/p>\n<p>Tra la fine degli anni &#8217;90 e la fine del 2003, \u00e8 stato affittato e utilizzato per varie attivit\u00e0, come uno studio di pittori e scultori, pi\u00f9 di un ristorante, una tipografia, un locale notturno, un&#8217;agenzia di servizi, un laboratorio artigianale, un deposito di gas, un&#8217;officina di biciclette, ecc.<\/p>\n<\/div>[vc_empty_space height=&#8221;24px&#8221;]<div class=\"vc_row wpb_row vc_inner vc_row-fluid\"><div class=\"wpb_column vc_column_container vc_col-sm-6  col-xs-mobile-fullwidth\"><div class=\"vc_column-inner \"><div class=\"wpb_wrapper\">[vc_gallery interval=&#8221;0&#8243; images=&#8221;25386,25387,25388,25389&#8243; img_size=&#8221;full&#8221;]<\/div><\/div><\/div><div class=\"wpb_column vc_column_container vc_col-sm-6  col-xs-mobile-fullwidth\"><div class=\"vc_column-inner \"><div class=\"wpb_wrapper\">[vc_gallery interval=&#8221;0&#8243; images=&#8221;25391,25392,25393,25394,25395&#8243; img_size=&#8221;full&#8221;]<\/div><\/div><\/div><\/div>[vc_empty_space height=&#8221;24px&#8221;]<div class=\"vc_row wpb_row vc_inner vc_row-fluid\"><div class=\"wpb_column vc_column_container vc_col-sm-12  col-xs-mobile-fullwidth\"><div class=\"vc_column-inner \"><div class=\"wpb_wrapper\"><div class=\"last-paragraph-no-margin\" style=\"color: #000000;\"><h6 style=\"text-align: left;\"><strong><em>RESTAURO<\/em><\/strong><\/h6>\n<\/div><div class=\"last-paragraph-no-margin\" style=\"color: #000000;\"><p>Quando siamo arrivati, abbiamo trovato il tetto completamente rovinato, i legni divorati dalle terribili termiti tropicali, le crepe nell&#8217;intonaco delle pareti interne, l&#8217;impianto elettrico gravemente compromesso, le infiltrazioni d&#8217;acqua, i servizi igienici in pessime condizioni, oltre a porte e finestre malridotte, pavimenti e soffitti con crepe nel legno o completamente allentati.<\/p>\n<p>Tuttavia, guidati da un grande entusiasmo, il restauro iniziale e urgente \u00e8 stato rapido e quasi miracoloso. Abbiamo restituito all&#8217;edificio la sua storia e la sua giovinezza, in altre parole, una nuova vita. Oggi non \u00e8 pi\u00f9 un monumento abbandonato e decadente come, purtroppo, tanti altri nei quartieri pi\u00f9 belli e antichi di Salvador, quasi sempre scandalosamente abbattuti per la ricostruzione di edifici moderni.<\/p>\n<p>Oltre alla villa descritta sopra, alla quale si accede da Rua Porto dos Tainheiros, l&#8217;associazione dispone di una grande struttura fisica sul retro e, trattandosi di una propriet\u00e0 d&#8217;angolo, ha anche un ingresso laterale su Rua J\u00falio David.<\/p>\n<p>L&#8217;ingresso laterale d\u00e0 accesso a una sala multifunzionale per proiezioni cinematografiche, attivit\u00e0 sportive, spettacoli teatrali e altri tipi di eventi, oltre a un&#8217;aula, due servizi igienici e uno spazio esterno di circa 150 m2.<\/p>\n<\/div><\/div><\/div><\/div><\/div><\/div><\/div><\/div><\/section>\n<\/div>","protected":false},"excerpt":{"rendered":"L'Edificio [vc_empty_space]La struttura architettonica della sede dell'ICBIE \u00e8 costituita da tre piani che risalgono all'inizio del XX secolo, ma forse i primi lavori di costruzione dell'edificio sono iniziati alla fine del XIX secolo. Lo stile eclettico sembra fondersi con uno stile liberty sereno ed elegante, con qualcosa dello stile barocco e influenze classiche inglesi, che sono evidenti non solo nelle dimensioni delle finestre ma anche nella loro geometria. Infatti, presenta un timpano a est e un altro a ovest, con finti pilastri e capitelli, decorazioni con conchiglie, molluschi che simboleggiano la ricchezza, e con corone floreali e tre cerchi, che sicuramente raffigurano qualche simbologia esoterica, probabilmente importante per la famiglia committente o anche per l'architetto. [vc_empty_space][vc_gallery interval=\"0\" images=\"25367,25369,25371\" img_size=\"full\"]All'ingresso si trova la sede di ME.PE. Memorie della Penisola. Un cortile d\u00e0 accesso alle sale principali, che ospitano una sala studio abbinata alla biblioteca e altre tre sale per l'amministrazione e l'organizzazione interna. Una sala con vista sul mare per mostre e conferenze collega i due piani attraverso una scala a chiocciola in legno di palissandro. Al piano superiore si trova un'altra sala con vista sul mare. Ci sono quattro servizi igienici ben distribuiti per l'igiene. Al secondo piano si trovano...","protected":false},"author":1,"featured_media":0,"parent":0,"menu_order":0,"comment_status":"closed","ping_status":"closed","template":"","meta":{"give_campaign_id":0,"footnotes":""},"class_list":["post-22545","page","type-page","status-publish","hentry"],"campaignId":"","_links":{"self":[{"href":"https:\/\/icbie.net.br\/it\/wp-json\/wp\/v2\/pages\/22545","targetHints":{"allow":["GET"]}}],"collection":[{"href":"https:\/\/icbie.net.br\/it\/wp-json\/wp\/v2\/pages"}],"about":[{"href":"https:\/\/icbie.net.br\/it\/wp-json\/wp\/v2\/types\/page"}],"author":[{"embeddable":true,"href":"https:\/\/icbie.net.br\/it\/wp-json\/wp\/v2\/users\/1"}],"replies":[{"embeddable":true,"href":"https:\/\/icbie.net.br\/it\/wp-json\/wp\/v2\/comments?post=22545"}],"version-history":[{"count":45,"href":"https:\/\/icbie.net.br\/it\/wp-json\/wp\/v2\/pages\/22545\/revisions"}],"predecessor-version":[{"id":26143,"href":"https:\/\/icbie.net.br\/it\/wp-json\/wp\/v2\/pages\/22545\/revisions\/26143"}],"wp:attachment":[{"href":"https:\/\/icbie.net.br\/it\/wp-json\/wp\/v2\/media?parent=22545"}],"curies":[{"name":"wp","href":"https:\/\/api.w.org\/{rel}","templated":true}]}}