{"id":26606,"date":"2026-02-28T18:46:49","date_gmt":"2026-02-28T18:46:49","guid":{"rendered":"https:\/\/icbie.net.br\/pt\/?page_id=26606"},"modified":"2026-03-28T17:17:51","modified_gmt":"2026-03-28T17:17:51","slug":"ebm","status":"publish","type":"page","link":"https:\/\/icbie.net.br\/en\/ebm\/","title":{"rendered":"EBM"},"content":{"rendered":"<div class=\"wpb-content-wrapper\"><section class=\"vc_row wpb_row vc_row-fluid\"><div class=\"wpb_column vc_column_container vc_col-sm-12  col-xs-mobile-fullwidth\"><div class=\"vc_column-inner \"><div class=\"wpb_wrapper\"><div class=\"last-paragraph-no-margin\" style=\"color: #000000;\"><h3 style=\"text-align: center;\"><strong>E.B.M<\/strong><\/h3>\n<\/div>[vc_empty_space]<div class=\"vc_row wpb_row vc_inner vc_row-fluid\"><div class=\"wpb_column vc_column_container vc_col-sm-12  col-xs-mobile-fullwidth\"><div class=\"vc_column-inner \"><div class=\"wpb_wrapper\"><div class=\"last-paragraph-no-margin\" style=\"color: #000000;\"><p><span style=\"font-weight: 400;\">The Exhibition seeks to showcase works by lesser-known artists with paintings, handicrafts, visual arts and photographs, among others. The Bazaar is based on the idea of reducing consumerism by encouraging reuse. Throughout the year, we receive donations of books, clothes, shoes and accessories, which go to the event&#8217;s end-of-year charity bazaar. In the Music section, usually 5 to 6 bands and\/or solo artists of different musical styles perform at the EBM. It is worth noting that although the event is called Exhibition, Bazaar and Music, other kinds of performances, in the intervals between bands, feature artistic interventions from young poets, storytellers, dancers, actors and the like.<\/span><\/p>\n<p><span style=\"font-weight: 400;\">For the Institute, this event is another important opportunity to engage the community through the artistic and cultural activities that take place at ICBIE and to encourage their participation and involvement. The event is free and open to all types of audiences and all ages. For the community, this event represents a cultural and social leisure option where they can visit an exhibition, learn about conscious consumption, and enjoy music by local talents. For the young talents themselves, this event represents an opportunity to blossom, win admirers, and kick-start their artistic careers.<\/span><\/p>\n<p><span style=\"font-weight: 400;\">The success of previous editions is documented in the attached photos.<\/span><\/p>\n<p style=\"text-align: justify;\"><span style=\"font-weight: 400;\">O sucesso das edi\u00e7\u00f5es j\u00e1 realizadas \u00e9 documentado nas fotos anexas.<\/span><\/p>\n<\/div>[vc_empty_space]<ul  class=\"portfolio-grid hover-option10 metro-gallery lightbox-portfolio work-6col gutter-medium\"><li class=\"grid-sizer\"><\/li><li class=\"grid-item\"><figure><div class=\"portfolio-img pofo-portfolio-page-background bg-black\"><img loading=\"lazy\" decoding=\"async\" src=\"https:\/\/icbie.net.br\/wp-content\/uploads\/2026\/03\/EBM_20176-300x300.jpg\"  alt=\"\" width=\"300\" height=\"300\" srcset=\"https:\/\/icbie.net.br\/wp-content\/uploads\/2026\/03\/EBM_20176-300x300.jpg 300w, https:\/\/icbie.net.br\/wp-content\/uploads\/2026\/03\/EBM_20176-150x150.jpg 150w, https:\/\/icbie.net.br\/wp-content\/uploads\/2026\/03\/EBM_20176-100x100.jpg 100w\" sizes=\"auto, (max-width: 300px) 100vw, 300px\" class=\"project-img-gallery\" data-no-retina=\"\" \/><\/div><figcaption><div class=\"portfolio-hover-main text-center\"><div class=\"portfolio-hover-box vertical-align-middle\"><div class=\"portfolio-icon\"><a href=\"https:\/\/icbie.net.br\/wp-content\/uploads\/2026\/03\/EBM_20176.jpg\" class=\"gallery-link\" data-group=\"pofo-lightbox-1\"  title=\"EBM_20176\"><i class=\"ti-zoom-in text-white fa-2x\" aria-hidden=\"true\"><\/i><\/a><\/div><\/div><\/div><\/figcaption><figure><\/li><li class=\"grid-item\"><figure><div class=\"portfolio-img pofo-portfolio-page-background bg-black\"><img loading=\"lazy\" decoding=\"async\" src=\"https:\/\/icbie.net.br\/wp-content\/uploads\/2026\/03\/EBM_201712-300x300.jpg\"  alt=\"\" width=\"300\" height=\"300\" srcset=\"https:\/\/icbie.net.br\/wp-content\/uploads\/2026\/03\/EBM_201712-300x300.jpg 300w, https:\/\/icbie.net.br\/wp-content\/uploads\/2026\/03\/EBM_201712-150x150.jpg 150w, https:\/\/icbie.net.br\/wp-content\/uploads\/2026\/03\/EBM_201712-100x100.jpg 100w\" sizes=\"auto, (max-width: 300px) 100vw, 300px\" class=\"project-img-gallery\" data-no-retina=\"\" \/><\/div><figcaption><div class=\"portfolio-hover-main text-center\"><div class=\"portfolio-hover-box vertical-align-middle\"><div class=\"portfolio-icon\"><a href=\"https:\/\/icbie.net.br\/wp-content\/uploads\/2026\/03\/EBM_201712.jpg\" class=\"gallery-link\" data-group=\"pofo-lightbox-1\"  title=\"EBM_201712\"><i class=\"ti-zoom-in text-white fa-2x\" aria-hidden=\"true\"><\/i><\/a><\/div><\/div><\/div><\/figcaption><figure><\/li><li class=\"grid-item\"><figure><div class=\"portfolio-img pofo-portfolio-page-background bg-black\"><img loading=\"lazy\" decoding=\"async\" src=\"https:\/\/icbie.net.br\/wp-content\/uploads\/2026\/03\/EBM_201713-300x300.jpg\"  alt=\"\" width=\"300\" height=\"300\" srcset=\"https:\/\/icbie.net.br\/wp-content\/uploads\/2026\/03\/EBM_201713-300x300.jpg 300w, https:\/\/icbie.net.br\/wp-content\/uploads\/2026\/03\/EBM_201713-150x150.jpg 150w, https:\/\/icbie.net.br\/wp-content\/uploads\/2026\/03\/EBM_201713-100x100.jpg 100w\" sizes=\"auto, (max-width: 300px) 100vw, 300px\" class=\"project-img-gallery\" data-no-retina=\"\" \/><\/div><figcaption><div class=\"portfolio-hover-main text-center\"><div class=\"portfolio-hover-box vertical-align-middle\"><div class=\"portfolio-icon\"><a href=\"https:\/\/icbie.net.br\/wp-content\/uploads\/2026\/03\/EBM_201713.jpg\" class=\"gallery-link\" data-group=\"pofo-lightbox-1\"  title=\"EBM_201713\"><i class=\"ti-zoom-in text-white fa-2x\" aria-hidden=\"true\"><\/i><\/a><\/div><\/div><\/div><\/figcaption><figure><\/li><li class=\"grid-item\"><figure><div class=\"portfolio-img pofo-portfolio-page-background bg-black\"><img loading=\"lazy\" decoding=\"async\" src=\"https:\/\/icbie.net.br\/wp-content\/uploads\/2026\/03\/EBM_201714-300x300.jpg\"  alt=\"\" width=\"300\" height=\"300\" srcset=\"https:\/\/icbie.net.br\/wp-content\/uploads\/2026\/03\/EBM_201714-300x300.jpg 300w, https:\/\/icbie.net.br\/wp-content\/uploads\/2026\/03\/EBM_201714-150x150.jpg 150w, https:\/\/icbie.net.br\/wp-content\/uploads\/2026\/03\/EBM_201714-100x100.jpg 100w\" sizes=\"auto, (max-width: 300px) 100vw, 300px\" class=\"project-img-gallery\" data-no-retina=\"\" \/><\/div><figcaption><div class=\"portfolio-hover-main text-center\"><div class=\"portfolio-hover-box vertical-align-middle\"><div class=\"portfolio-icon\"><a href=\"https:\/\/icbie.net.br\/wp-content\/uploads\/2026\/03\/EBM_201714.jpg\" class=\"gallery-link\" data-group=\"pofo-lightbox-1\"  title=\"EBM_201714\"><i class=\"ti-zoom-in text-white fa-2x\" aria-hidden=\"true\"><\/i><\/a><\/div><\/div><\/div><\/figcaption><figure><\/li><li class=\"grid-item\"><figure><div class=\"portfolio-img pofo-portfolio-page-background bg-black\"><img loading=\"lazy\" decoding=\"async\" src=\"https:\/\/icbie.net.br\/wp-content\/uploads\/2026\/03\/EBM_201717-300x300.jpg\"  alt=\"\" width=\"300\" height=\"300\" srcset=\"https:\/\/icbie.net.br\/wp-content\/uploads\/2026\/03\/EBM_201717-300x300.jpg 300w, https:\/\/icbie.net.br\/wp-content\/uploads\/2026\/03\/EBM_201717-150x150.jpg 150w, https:\/\/icbie.net.br\/wp-content\/uploads\/2026\/03\/EBM_201717-100x100.jpg 100w\" sizes=\"auto, (max-width: 300px) 100vw, 300px\" class=\"project-img-gallery\" data-no-retina=\"\" \/><\/div><figcaption><div class=\"portfolio-hover-main text-center\"><div class=\"portfolio-hover-box vertical-align-middle\"><div class=\"portfolio-icon\"><a href=\"https:\/\/icbie.net.br\/wp-content\/uploads\/2026\/03\/EBM_201717.jpg\" class=\"gallery-link\" data-group=\"pofo-lightbox-1\"  title=\"EBM_201717\"><i class=\"ti-zoom-in text-white fa-2x\" aria-hidden=\"true\"><\/i><\/a><\/div><\/div><\/div><\/figcaption><figure><\/li><li class=\"grid-item\"><figure><div class=\"portfolio-img pofo-portfolio-page-background bg-black\"><img loading=\"lazy\" decoding=\"async\" src=\"https:\/\/icbie.net.br\/wp-content\/uploads\/2026\/03\/EBM_201727-300x300.jpg\"  alt=\"\" width=\"300\" height=\"300\" srcset=\"https:\/\/icbie.net.br\/wp-content\/uploads\/2026\/03\/EBM_201727-300x300.jpg 300w, https:\/\/icbie.net.br\/wp-content\/uploads\/2026\/03\/EBM_201727-150x150.jpg 150w, https:\/\/icbie.net.br\/wp-content\/uploads\/2026\/03\/EBM_201727-100x100.jpg 100w\" sizes=\"auto, (max-width: 300px) 100vw, 300px\" class=\"project-img-gallery\" data-no-retina=\"\" \/><\/div><figcaption><div class=\"portfolio-hover-main text-center\"><div class=\"portfolio-hover-box vertical-align-middle\"><div class=\"portfolio-icon\"><a href=\"https:\/\/icbie.net.br\/wp-content\/uploads\/2026\/03\/EBM_201727.jpg\" class=\"gallery-link\" data-group=\"pofo-lightbox-1\"  title=\"EBM_201727\"><i class=\"ti-zoom-in text-white fa-2x\" aria-hidden=\"true\"><\/i><\/a><\/div><\/div><\/div><\/figcaption><figure><\/li><li class=\"grid-item\"><figure><div class=\"portfolio-img pofo-portfolio-page-background bg-black\"><img loading=\"lazy\" decoding=\"async\" src=\"https:\/\/icbie.net.br\/wp-content\/uploads\/2026\/03\/EBM_201731-300x300.jpg\"  alt=\"\" width=\"300\" height=\"300\" srcset=\"https:\/\/icbie.net.br\/wp-content\/uploads\/2026\/03\/EBM_201731-300x300.jpg 300w, https:\/\/icbie.net.br\/wp-content\/uploads\/2026\/03\/EBM_201731-150x150.jpg 150w, https:\/\/icbie.net.br\/wp-content\/uploads\/2026\/03\/EBM_201731-100x100.jpg 100w\" sizes=\"auto, (max-width: 300px) 100vw, 300px\" class=\"project-img-gallery\" data-no-retina=\"\" \/><\/div><figcaption><div class=\"portfolio-hover-main text-center\"><div class=\"portfolio-hover-box vertical-align-middle\"><div class=\"portfolio-icon\"><a href=\"https:\/\/icbie.net.br\/wp-content\/uploads\/2026\/03\/EBM_201731.jpg\" class=\"gallery-link\" data-group=\"pofo-lightbox-1\"  title=\"EBM_201731\"><i class=\"ti-zoom-in text-white fa-2x\" aria-hidden=\"true\"><\/i><\/a><\/div><\/div><\/div><\/figcaption><figure><\/li><li class=\"grid-item\"><figure><div class=\"portfolio-img pofo-portfolio-page-background bg-black\"><img loading=\"lazy\" decoding=\"async\" src=\"https:\/\/icbie.net.br\/wp-content\/uploads\/2026\/03\/EBM_201732-300x300.jpg\"  alt=\"\" width=\"300\" height=\"300\" srcset=\"https:\/\/icbie.net.br\/wp-content\/uploads\/2026\/03\/EBM_201732-300x300.jpg 300w, https:\/\/icbie.net.br\/wp-content\/uploads\/2026\/03\/EBM_201732-150x150.jpg 150w, https:\/\/icbie.net.br\/wp-content\/uploads\/2026\/03\/EBM_201732-100x100.jpg 100w\" sizes=\"auto, (max-width: 300px) 100vw, 300px\" class=\"project-img-gallery\" data-no-retina=\"\" \/><\/div><figcaption><div class=\"portfolio-hover-main text-center\"><div class=\"portfolio-hover-box vertical-align-middle\"><div class=\"portfolio-icon\"><a href=\"https:\/\/icbie.net.br\/wp-content\/uploads\/2026\/03\/EBM_201732.jpg\" class=\"gallery-link\" data-group=\"pofo-lightbox-1\"  title=\"EBM_201732\"><i class=\"ti-zoom-in text-white fa-2x\" aria-hidden=\"true\"><\/i><\/a><\/div><\/div><\/div><\/figcaption><figure><\/li><li class=\"grid-item\"><figure><div class=\"portfolio-img pofo-portfolio-page-background bg-black\"><img loading=\"lazy\" decoding=\"async\" src=\"https:\/\/icbie.net.br\/wp-content\/uploads\/2026\/03\/EBM_201736-300x300.jpg\"  alt=\"\" width=\"300\" height=\"300\" srcset=\"https:\/\/icbie.net.br\/wp-content\/uploads\/2026\/03\/EBM_201736-300x300.jpg 300w, https:\/\/icbie.net.br\/wp-content\/uploads\/2026\/03\/EBM_201736-150x150.jpg 150w, https:\/\/icbie.net.br\/wp-content\/uploads\/2026\/03\/EBM_201736-100x100.jpg 100w\" sizes=\"auto, (max-width: 300px) 100vw, 300px\" class=\"project-img-gallery\" data-no-retina=\"\" \/><\/div><figcaption><div class=\"portfolio-hover-main text-center\"><div class=\"portfolio-hover-box vertical-align-middle\"><div class=\"portfolio-icon\"><a href=\"https:\/\/icbie.net.br\/wp-content\/uploads\/2026\/03\/EBM_201736.jpg\" class=\"gallery-link\" data-group=\"pofo-lightbox-1\"  title=\"EBM_201736\"><i class=\"ti-zoom-in text-white fa-2x\" aria-hidden=\"true\"><\/i><\/a><\/div><\/div><\/div><\/figcaption><figure><\/li><li class=\"grid-item\"><figure><div class=\"portfolio-img pofo-portfolio-page-background bg-black\"><img loading=\"lazy\" decoding=\"async\" src=\"https:\/\/icbie.net.br\/wp-content\/uploads\/2026\/03\/EBM_201738-300x300.jpg\"  alt=\"\" width=\"300\" height=\"300\" srcset=\"https:\/\/icbie.net.br\/wp-content\/uploads\/2026\/03\/EBM_201738-300x300.jpg 300w, https:\/\/icbie.net.br\/wp-content\/uploads\/2026\/03\/EBM_201738-150x150.jpg 150w, https:\/\/icbie.net.br\/wp-content\/uploads\/2026\/03\/EBM_201738-100x100.jpg 100w\" sizes=\"auto, (max-width: 300px) 100vw, 300px\" class=\"project-img-gallery\" data-no-retina=\"\" \/><\/div><figcaption><div class=\"portfolio-hover-main text-center\"><div class=\"portfolio-hover-box vertical-align-middle\"><div class=\"portfolio-icon\"><a href=\"https:\/\/icbie.net.br\/wp-content\/uploads\/2026\/03\/EBM_201738.jpg\" class=\"gallery-link\" data-group=\"pofo-lightbox-1\"  title=\"EBM_201738\"><i class=\"ti-zoom-in text-white fa-2x\" aria-hidden=\"true\"><\/i><\/a><\/div><\/div><\/div><\/figcaption><figure><\/li><li class=\"grid-item\"><figure><div class=\"portfolio-img pofo-portfolio-page-background bg-black\"><img loading=\"lazy\" decoding=\"async\" src=\"https:\/\/icbie.net.br\/wp-content\/uploads\/2026\/03\/IMG20231217215237-300x300.jpg\"  alt=\"\" width=\"300\" height=\"300\" srcset=\"https:\/\/icbie.net.br\/wp-content\/uploads\/2026\/03\/IMG20231217215237-300x300.jpg 300w, https:\/\/icbie.net.br\/wp-content\/uploads\/2026\/03\/IMG20231217215237-150x150.jpg 150w, https:\/\/icbie.net.br\/wp-content\/uploads\/2026\/03\/IMG20231217215237-100x100.jpg 100w\" sizes=\"auto, (max-width: 300px) 100vw, 300px\" class=\"project-img-gallery\" data-no-retina=\"\" \/><\/div><figcaption><div class=\"portfolio-hover-main text-center\"><div class=\"portfolio-hover-box vertical-align-middle\"><div class=\"portfolio-icon\"><a href=\"https:\/\/icbie.net.br\/wp-content\/uploads\/2026\/03\/IMG20231217215237-scaled.jpg\" class=\"gallery-link\" data-group=\"pofo-lightbox-1\"  title=\"oplus_0\"><i class=\"ti-zoom-in text-white fa-2x\" aria-hidden=\"true\"><\/i><\/a><\/div><\/div><\/div><\/figcaption><figure><\/li><li class=\"grid-item\"><figure><div class=\"portfolio-img pofo-portfolio-page-background bg-black\"><img loading=\"lazy\" decoding=\"async\" src=\"https:\/\/icbie.net.br\/wp-content\/uploads\/2026\/03\/IMG20231217212302-300x300.jpg\"  alt=\"\" width=\"300\" height=\"300\" srcset=\"https:\/\/icbie.net.br\/wp-content\/uploads\/2026\/03\/IMG20231217212302-300x300.jpg 300w, https:\/\/icbie.net.br\/wp-content\/uploads\/2026\/03\/IMG20231217212302-150x150.jpg 150w, https:\/\/icbie.net.br\/wp-content\/uploads\/2026\/03\/IMG20231217212302-100x100.jpg 100w\" sizes=\"auto, (max-width: 300px) 100vw, 300px\" class=\"project-img-gallery\" data-no-retina=\"\" \/><\/div><figcaption><div class=\"portfolio-hover-main text-center\"><div class=\"portfolio-hover-box vertical-align-middle\"><div class=\"portfolio-icon\"><a href=\"https:\/\/icbie.net.br\/wp-content\/uploads\/2026\/03\/IMG20231217212302-scaled.jpg\" class=\"gallery-link\" data-group=\"pofo-lightbox-1\"  title=\"oplus_0\"><i class=\"ti-zoom-in text-white fa-2x\" aria-hidden=\"true\"><\/i><\/a><\/div><\/div><\/div><\/figcaption><figure><\/li><li class=\"grid-item\"><figure><div class=\"portfolio-img pofo-portfolio-page-background bg-black\"><img loading=\"lazy\" decoding=\"async\" src=\"https:\/\/icbie.net.br\/wp-content\/uploads\/2026\/03\/IMG20231217182142-300x300.jpg\"  alt=\"\" width=\"300\" height=\"300\" srcset=\"https:\/\/icbie.net.br\/wp-content\/uploads\/2026\/03\/IMG20231217182142-300x300.jpg 300w, https:\/\/icbie.net.br\/wp-content\/uploads\/2026\/03\/IMG20231217182142-150x150.jpg 150w, https:\/\/icbie.net.br\/wp-content\/uploads\/2026\/03\/IMG20231217182142-100x100.jpg 100w\" sizes=\"auto, (max-width: 300px) 100vw, 300px\" class=\"project-img-gallery\" data-no-retina=\"\" \/><\/div><figcaption><div class=\"portfolio-hover-main text-center\"><div class=\"portfolio-hover-box vertical-align-middle\"><div class=\"portfolio-icon\"><a href=\"https:\/\/icbie.net.br\/wp-content\/uploads\/2026\/03\/IMG20231217182142-scaled.jpg\" class=\"gallery-link\" data-group=\"pofo-lightbox-1\"  title=\"oplus_0\"><i class=\"ti-zoom-in text-white fa-2x\" aria-hidden=\"true\"><\/i><\/a><\/div><\/div><\/div><\/figcaption><figure><\/li><li class=\"grid-item\"><figure><div class=\"portfolio-img pofo-portfolio-page-background bg-black\"><img loading=\"lazy\" decoding=\"async\" src=\"https:\/\/icbie.net.br\/wp-content\/uploads\/2026\/03\/IMG20231217194932-300x300.jpg\"  alt=\"\" width=\"300\" height=\"300\" srcset=\"https:\/\/icbie.net.br\/wp-content\/uploads\/2026\/03\/IMG20231217194932-300x300.jpg 300w, https:\/\/icbie.net.br\/wp-content\/uploads\/2026\/03\/IMG20231217194932-150x150.jpg 150w, https:\/\/icbie.net.br\/wp-content\/uploads\/2026\/03\/IMG20231217194932-100x100.jpg 100w\" sizes=\"auto, (max-width: 300px) 100vw, 300px\" class=\"project-img-gallery\" data-no-retina=\"\" \/><\/div><figcaption><div class=\"portfolio-hover-main text-center\"><div class=\"portfolio-hover-box vertical-align-middle\"><div class=\"portfolio-icon\"><a href=\"https:\/\/icbie.net.br\/wp-content\/uploads\/2026\/03\/IMG20231217194932-scaled.jpg\" class=\"gallery-link\" data-group=\"pofo-lightbox-1\"  title=\"oplus_2\"><i class=\"ti-zoom-in text-white fa-2x\" aria-hidden=\"true\"><\/i><\/a><\/div><\/div><\/div><\/figcaption><figure><\/li><li class=\"grid-item\"><figure><div class=\"portfolio-img pofo-portfolio-page-background bg-black\"><img loading=\"lazy\" decoding=\"async\" src=\"https:\/\/icbie.net.br\/wp-content\/uploads\/2026\/03\/EBM-2015-2-300x300.jpg\"  alt=\"\" width=\"300\" height=\"300\" srcset=\"https:\/\/icbie.net.br\/wp-content\/uploads\/2026\/03\/EBM-2015-2-300x300.jpg 300w, https:\/\/icbie.net.br\/wp-content\/uploads\/2026\/03\/EBM-2015-2-150x150.jpg 150w, https:\/\/icbie.net.br\/wp-content\/uploads\/2026\/03\/EBM-2015-2-100x100.jpg 100w\" sizes=\"auto, (max-width: 300px) 100vw, 300px\" class=\"project-img-gallery\" data-no-retina=\"\" \/><\/div><figcaption><div class=\"portfolio-hover-main text-center\"><div class=\"portfolio-hover-box vertical-align-middle\"><div class=\"portfolio-icon\"><a href=\"https:\/\/icbie.net.br\/wp-content\/uploads\/2026\/03\/EBM-2015-2-scaled.jpg\" class=\"gallery-link\" data-group=\"pofo-lightbox-1\"  title=\"EBM 2015- 2\"><i class=\"ti-zoom-in text-white fa-2x\" aria-hidden=\"true\"><\/i><\/a><\/div><\/div><\/div><\/figcaption><figure><\/li><li class=\"grid-item\"><figure><div class=\"portfolio-img pofo-portfolio-page-background bg-black\"><img loading=\"lazy\" decoding=\"async\" src=\"https:\/\/icbie.net.br\/wp-content\/uploads\/2026\/03\/EBM-2015-300x300.jpg\"  alt=\"\" width=\"300\" height=\"300\" srcset=\"https:\/\/icbie.net.br\/wp-content\/uploads\/2026\/03\/EBM-2015-300x300.jpg 300w, https:\/\/icbie.net.br\/wp-content\/uploads\/2026\/03\/EBM-2015-150x150.jpg 150w, https:\/\/icbie.net.br\/wp-content\/uploads\/2026\/03\/EBM-2015-100x100.jpg 100w\" sizes=\"auto, (max-width: 300px) 100vw, 300px\" class=\"project-img-gallery\" data-no-retina=\"\" \/><\/div><figcaption><div class=\"portfolio-hover-main text-center\"><div class=\"portfolio-hover-box vertical-align-middle\"><div class=\"portfolio-icon\"><a href=\"https:\/\/icbie.net.br\/wp-content\/uploads\/2026\/03\/EBM-2015-scaled.jpg\" class=\"gallery-link\" data-group=\"pofo-lightbox-1\"  title=\"EBM 2015\"><i class=\"ti-zoom-in text-white fa-2x\" aria-hidden=\"true\"><\/i><\/a><\/div><\/div><\/div><\/figcaption><figure><\/li><li class=\"grid-item\"><figure><div class=\"portfolio-img pofo-portfolio-page-background bg-black\"><img loading=\"lazy\" decoding=\"async\" src=\"https:\/\/icbie.net.br\/wp-content\/uploads\/2026\/03\/EBM_20171-300x300.jpg\"  alt=\"\" width=\"300\" height=\"300\" srcset=\"https:\/\/icbie.net.br\/wp-content\/uploads\/2026\/03\/EBM_20171-300x300.jpg 300w, https:\/\/icbie.net.br\/wp-content\/uploads\/2026\/03\/EBM_20171-150x150.jpg 150w, https:\/\/icbie.net.br\/wp-content\/uploads\/2026\/03\/EBM_20171-100x100.jpg 100w\" sizes=\"auto, (max-width: 300px) 100vw, 300px\" class=\"project-img-gallery\" data-no-retina=\"\" \/><\/div><figcaption><div class=\"portfolio-hover-main text-center\"><div class=\"portfolio-hover-box vertical-align-middle\"><div class=\"portfolio-icon\"><a href=\"https:\/\/icbie.net.br\/wp-content\/uploads\/2026\/03\/EBM_20171.jpg\" class=\"gallery-link\" data-group=\"pofo-lightbox-1\"  title=\"EBM_20171\"><i class=\"ti-zoom-in text-white fa-2x\" aria-hidden=\"true\"><\/i><\/a><\/div><\/div><\/div><\/figcaption><figure><\/li><li class=\"grid-item\"><figure><div class=\"portfolio-img pofo-portfolio-page-background bg-black\"><img loading=\"lazy\" decoding=\"async\" src=\"https:\/\/icbie.net.br\/wp-content\/uploads\/2026\/03\/EBM_20175-300x300.jpg\"  alt=\"\" width=\"300\" height=\"300\" srcset=\"https:\/\/icbie.net.br\/wp-content\/uploads\/2026\/03\/EBM_20175-300x300.jpg 300w, https:\/\/icbie.net.br\/wp-content\/uploads\/2026\/03\/EBM_20175-150x150.jpg 150w, https:\/\/icbie.net.br\/wp-content\/uploads\/2026\/03\/EBM_20175-100x100.jpg 100w\" sizes=\"auto, (max-width: 300px) 100vw, 300px\" class=\"project-img-gallery\" data-no-retina=\"\" \/><\/div><figcaption><div class=\"portfolio-hover-main text-center\"><div class=\"portfolio-hover-box vertical-align-middle\"><div class=\"portfolio-icon\"><a href=\"https:\/\/icbie.net.br\/wp-content\/uploads\/2026\/03\/EBM_20175.jpg\" class=\"gallery-link\" data-group=\"pofo-lightbox-1\"  title=\"EBM_20175\"><i class=\"ti-zoom-in text-white fa-2x\" aria-hidden=\"true\"><\/i><\/a><\/div><\/div><\/div><\/figcaption><figure><\/li><\/ul><\/div><\/div><\/div><\/div><\/div><\/div><\/div><\/section>\n<\/div>","protected":false},"excerpt":{"rendered":"E.B.M [vc_empty_space]The Exhibition seeks to showcase works by lesser-known artists with paintings, handicrafts, visual arts and photographs, among others. The Bazaar is based on the idea of reducing consumerism by encouraging reuse. Throughout the year, we receive donations of books, clothes, shoes and accessories, which go to the event's end-of-year charity bazaar. In the Music section, usually 5 to 6 bands and\/or solo artists of different musical styles perform at the EBM. It is worth noting that although the event is called Exhibition, Bazaar and Music, other kinds of performances, in the intervals between bands, feature artistic interventions from young poets, storytellers, dancers, actors and the like. For the Institute, this event is another important opportunity to engage the community through the artistic and cultural activities that take place at ICBIE and to encourage their participation and involvement. The event is free and open to all types of audiences and all ages. For the community, this event represents a cultural and social leisure option where they can visit an exhibition, learn about conscious consumption, and enjoy music by local talents. For the young talents themselves, this event represents an opportunity to blossom, win admirers, and kick-start their artistic careers. The...","protected":false},"author":1,"featured_media":0,"parent":0,"menu_order":0,"comment_status":"closed","ping_status":"closed","template":"","meta":{"give_campaign_id":0,"footnotes":""},"class_list":["post-26606","page","type-page","status-publish","hentry"],"campaignId":"","_links":{"self":[{"href":"https:\/\/icbie.net.br\/en\/wp-json\/wp\/v2\/pages\/26606","targetHints":{"allow":["GET"]}}],"collection":[{"href":"https:\/\/icbie.net.br\/en\/wp-json\/wp\/v2\/pages"}],"about":[{"href":"https:\/\/icbie.net.br\/en\/wp-json\/wp\/v2\/types\/page"}],"author":[{"embeddable":true,"href":"https:\/\/icbie.net.br\/en\/wp-json\/wp\/v2\/users\/1"}],"replies":[{"embeddable":true,"href":"https:\/\/icbie.net.br\/en\/wp-json\/wp\/v2\/comments?post=26606"}],"version-history":[{"count":12,"href":"https:\/\/icbie.net.br\/en\/wp-json\/wp\/v2\/pages\/26606\/revisions"}],"predecessor-version":[{"id":26793,"href":"https:\/\/icbie.net.br\/en\/wp-json\/wp\/v2\/pages\/26606\/revisions\/26793"}],"wp:attachment":[{"href":"https:\/\/icbie.net.br\/en\/wp-json\/wp\/v2\/media?parent=26606"}],"curies":[{"name":"wp","href":"https:\/\/api.w.org\/{rel}","templated":true}]}}